{"id":4970,"date":"2023-07-06T06:19:51","date_gmt":"2023-07-06T06:19:51","guid":{"rendered":"https:\/\/doscarasprod.com\/?page_id=4970"},"modified":"2023-07-16T22:16:23","modified_gmt":"2023-07-16T22:16:23","slug":"luzyoscuridad-yozora-nagareboshi","status":"publish","type":"page","link":"https:\/\/doscarasprod.com\/index.php\/luzyoscuridad-yozora-nagareboshi\/","title":{"rendered":"Yozora Nagareboshi"},"content":{"rendered":"\t\t<div data-elementor-type=\"wp-page\" data-elementor-id=\"4970\" class=\"elementor elementor-4970\">\n\t\t\t\t\t\t<section class=\"elementor-section elementor-top-section elementor-element elementor-element-748282df elementor-section-boxed elementor-section-height-default elementor-section-height-default\" data-id=\"748282df\" data-element_type=\"section\">\n\t\t\t\t\t\t<div class=\"elementor-container elementor-column-gap-default\">\n\t\t\t\t\t<div class=\"elementor-column elementor-col-100 elementor-top-column elementor-element elementor-element-5f5b4a04\" data-id=\"5f5b4a04\" data-element_type=\"column\">\n\t\t\t<div class=\"elementor-widget-wrap elementor-element-populated\">\n\t\t\t\t\t\t<div class=\"elementor-element elementor-element-4e122217 elementor-widget-mobile__width-initial elementor-invisible elementor-widget elementor-widget-image\" data-id=\"4e122217\" data-element_type=\"widget\" data-settings=\"{&quot;_animation&quot;:&quot;fadeIn&quot;}\" data-widget_type=\"image.default\">\n\t\t\t\t<div class=\"elementor-widget-container\">\n\t\t\t\t\t\t\t\t\t\t\t\t\t\t\t<img fetchpriority=\"high\" decoding=\"async\" width=\"1024\" height=\"576\" src=\"https:\/\/doscarasprod.com\/wp-content\/uploads\/2023\/07\/portada-LyO-3-1024x576.jpg\" class=\"attachment-large size-large wp-image-4876\" alt=\"\" srcset=\"https:\/\/doscarasprod.com\/wp-content\/uploads\/2023\/07\/portada-LyO-3-1024x576.jpg 1024w, https:\/\/doscarasprod.com\/wp-content\/uploads\/2023\/07\/portada-LyO-3-300x169.jpg 300w, https:\/\/doscarasprod.com\/wp-content\/uploads\/2023\/07\/portada-LyO-3-768x432.jpg 768w, https:\/\/doscarasprod.com\/wp-content\/uploads\/2023\/07\/portada-LyO-3-1536x864.jpg 1536w, https:\/\/doscarasprod.com\/wp-content\/uploads\/2023\/07\/portada-LyO-3-2048x1152.jpg 2048w, https:\/\/doscarasprod.com\/wp-content\/uploads\/2023\/07\/portada-LyO-3-600x338.jpg 600w\" sizes=\"(max-width: 1024px) 100vw, 1024px\" \/>\t\t\t\t\t\t\t\t\t\t\t\t\t\t\t<\/div>\n\t\t\t\t<\/div>\n\t\t\t\t<div class=\"elementor-element elementor-element-18fe3606 elementor-widget-divider--view-line elementor-widget elementor-widget-divider\" data-id=\"18fe3606\" data-element_type=\"widget\" data-widget_type=\"divider.default\">\n\t\t\t\t<div class=\"elementor-widget-container\">\n\t\t\t\t\t\t\t<div class=\"elementor-divider\">\n\t\t\t<span class=\"elementor-divider-separator\">\n\t\t\t\t\t\t<\/span>\n\t\t<\/div>\n\t\t\t\t\t\t<\/div>\n\t\t\t\t<\/div>\n\t\t\t\t<div class=\"elementor-element elementor-element-5c5901c9 elementor-widget__width-initial elementor-widget-mobile__width-initial elementor-invisible elementor-widget elementor-widget-image\" data-id=\"5c5901c9\" data-element_type=\"widget\" data-settings=\"{&quot;_animation&quot;:&quot;flash&quot;}\" data-widget_type=\"image.default\">\n\t\t\t\t<div class=\"elementor-widget-container\">\n\t\t\t\t\t\t\t\t\t\t\t\t\t\t\t<img decoding=\"async\" width=\"2560\" height=\"2560\" src=\"https:\/\/doscarasprod.com\/wp-content\/uploads\/2023\/07\/Obra-sin-fondo-6-scaled.jpg\" class=\"attachment-full size-full wp-image-5197\" alt=\"\" srcset=\"https:\/\/doscarasprod.com\/wp-content\/uploads\/2023\/07\/Obra-sin-fondo-6-scaled.jpg 2560w, https:\/\/doscarasprod.com\/wp-content\/uploads\/2023\/07\/Obra-sin-fondo-6-300x300.jpg 300w, https:\/\/doscarasprod.com\/wp-content\/uploads\/2023\/07\/Obra-sin-fondo-6-1024x1024.jpg 1024w, https:\/\/doscarasprod.com\/wp-content\/uploads\/2023\/07\/Obra-sin-fondo-6-150x150.jpg 150w, https:\/\/doscarasprod.com\/wp-content\/uploads\/2023\/07\/Obra-sin-fondo-6-768x768.jpg 768w, https:\/\/doscarasprod.com\/wp-content\/uploads\/2023\/07\/Obra-sin-fondo-6-1536x1536.jpg 1536w, https:\/\/doscarasprod.com\/wp-content\/uploads\/2023\/07\/Obra-sin-fondo-6-2048x2048.jpg 2048w, https:\/\/doscarasprod.com\/wp-content\/uploads\/2023\/07\/Obra-sin-fondo-6-600x600.jpg 600w, https:\/\/doscarasprod.com\/wp-content\/uploads\/2023\/07\/Obra-sin-fondo-6-100x100.jpg 100w\" sizes=\"(max-width: 2560px) 100vw, 2560px\" \/>\t\t\t\t\t\t\t\t\t\t\t\t\t\t\t<\/div>\n\t\t\t\t<\/div>\n\t\t\t\t<div class=\"elementor-element elementor-element-61f6062 elementor-widget elementor-widget-text-editor\" data-id=\"61f6062\" data-element_type=\"widget\" data-widget_type=\"text-editor.default\">\n\t\t\t\t<div class=\"elementor-widget-container\">\n\t\t\t\t\t\t\t\t\t<p>&#8220;Fate&#8221;<\/p><p>50 x 40cm<\/p><p>Johanna Lizzeth Rodr\u00edguez Mart\u00ednez | IG: @yozora.nagareboshi<\/p><p>2023<\/p><p>Ilustraci\u00f3n digital impresa<\/p><p>La composici\u00f3n f\u00edsica de &#8220;Fate&#8221; tiene dimensiones de 50&#215;40, es una obra<br \/>de arte que tiene una fuente de inspiraci\u00f3n y una recordatoria constante<br \/>de la importancia de encontrar equilibrio en los momentos de cambio y<br \/>reflexi\u00f3n as\u00ed mismo como valorar las relaciones y las emociones en<br \/>nuestras vidas.<br \/>La referencia de las manos en la obra est\u00e1 claramente relacionada con mi<br \/>pasado, evocando momentos significativos y las experiencias que me han<br \/>moldeado. Las manos, aunque est\u00e9n atadas a un list\u00f3n, representan la<br \/>fuerza y la determinaci\u00f3n para superar las adversidades.<\/p><p>La relaci\u00f3n de la obra con la luz y la oscuridad es fundamental. La luz<br \/>representa la esperanza, la claridad y el crecimiento, mientras que la<br \/>oscuridad simboliza los desaf\u00edos, la transformaci\u00f3n y autodescubrimiento.<br \/>En &#8220;Fate&#8221;, ambos elementos se entrelazan de manera armoniosa,<br \/>record\u00e1ndome constantemente que la vida est\u00e1 llena de contrastes y<br \/>que, a veces, solo a trav\u00e9s de la oscuridad podemos apreciar plenamente<br \/>la luz. En el centro de las manos, se encuentra una rosa emergiendo<br \/>delicadamente. Esta rosa simboliza la belleza que puede surgir incluso en<br \/>medio de la oscuridad y los desaf\u00edos. La rosa representa la esperanza y la<br \/>resiliencia, record\u00e1ndome que siempre hay una luz que brilla incluso en<br \/>los momentos m\u00e1s dif\u00edciles.<\/p>\t\t\t\t\t\t\t\t<\/div>\n\t\t\t\t<\/div>\n\t\t\t\t\t<\/div>\n\t\t<\/div>\n\t\t\t\t\t<\/div>\n\t\t<\/section>\n\t\t\t\t<section class=\"elementor-section elementor-top-section elementor-element elementor-element-654cf837 elementor-section-boxed elementor-section-height-default elementor-section-height-default\" data-id=\"654cf837\" data-element_type=\"section\">\n\t\t\t\t\t\t<div class=\"elementor-container elementor-column-gap-default\">\n\t\t\t\t\t<div class=\"elementor-column elementor-col-100 elementor-top-column elementor-element elementor-element-7cebfc6\" data-id=\"7cebfc6\" data-element_type=\"column\">\n\t\t\t<div class=\"elementor-widget-wrap elementor-element-populated\">\n\t\t\t\t\t\t<div class=\"elementor-element elementor-element-d9d353a elementor-widget-divider--view-line elementor-widget elementor-widget-divider\" data-id=\"d9d353a\" data-element_type=\"widget\" data-widget_type=\"divider.default\">\n\t\t\t\t<div class=\"elementor-widget-container\">\n\t\t\t\t\t\t\t<div class=\"elementor-divider\">\n\t\t\t<span class=\"elementor-divider-separator\">\n\t\t\t\t\t\t<\/span>\n\t\t<\/div>\n\t\t\t\t\t\t<\/div>\n\t\t\t\t<\/div>\n\t\t\t\t\t<\/div>\n\t\t<\/div>\n\t\t\t\t\t<\/div>\n\t\t<\/section>\n\t\t\t\t<section class=\"elementor-section elementor-top-section elementor-element elementor-element-c321b87 elementor-section-stretched elementor-section-boxed elementor-section-height-default elementor-section-height-default elementor-invisible\" data-id=\"c321b87\" data-element_type=\"section\" data-settings=\"{&quot;stretch_section&quot;:&quot;section-stretched&quot;,&quot;animation&quot;:&quot;fadeIn&quot;}\">\n\t\t\t\t\t\t<div class=\"elementor-container elementor-column-gap-no\">\n\t\t\t\t\t<div class=\"elementor-column elementor-col-100 elementor-top-column elementor-element elementor-element-5fdcae2b\" data-id=\"5fdcae2b\" data-element_type=\"column\">\n\t\t\t<div class=\"elementor-widget-wrap elementor-element-populated\">\n\t\t\t\t\t\t<div class=\"elementor-element elementor-element-166aa923 elementor-widget__width-initial elementor-widget-mobile__width-initial elementor-widget elementor-widget-video\" data-id=\"166aa923\" data-element_type=\"widget\" data-settings=\"{&quot;youtube_url&quot;:&quot;https:\\\/\\\/youtu.be\\\/viknep6Q6mY&quot;,&quot;autoplay&quot;:&quot;yes&quot;,&quot;play_on_mobile&quot;:&quot;yes&quot;,&quot;mute&quot;:&quot;yes&quot;,&quot;video_type&quot;:&quot;youtube&quot;,&quot;controls&quot;:&quot;yes&quot;}\" data-widget_type=\"video.default\">\n\t\t\t\t<div class=\"elementor-widget-container\">\n\t\t\t\t\t\t\t<div class=\"elementor-wrapper elementor-open-inline\">\n\t\t\t<div class=\"elementor-video\"><\/div>\t\t<\/div>\n\t\t\t\t\t\t<\/div>\n\t\t\t\t<\/div>\n\t\t\t\t<div class=\"elementor-element elementor-element-7e4656f1 elementor-widget__width-initial elementor-widget-mobile__width-initial elementor-widget elementor-widget-image\" data-id=\"7e4656f1\" data-element_type=\"widget\" data-widget_type=\"image.default\">\n\t\t\t\t<div class=\"elementor-widget-container\">\n\t\t\t\t\t\t\t\t\t\t\t\t\t\t\t<img decoding=\"async\" width=\"1024\" height=\"1024\" src=\"https:\/\/doscarasprod.com\/wp-content\/uploads\/2023\/07\/Luz-y-oscuridad-logo-sin-letra-1-1024x1024.jpg\" class=\"attachment-large size-large wp-image-5018\" alt=\"\" srcset=\"https:\/\/doscarasprod.com\/wp-content\/uploads\/2023\/07\/Luz-y-oscuridad-logo-sin-letra-1-1024x1024.jpg 1024w, https:\/\/doscarasprod.com\/wp-content\/uploads\/2023\/07\/Luz-y-oscuridad-logo-sin-letra-1-300x300.jpg 300w, https:\/\/doscarasprod.com\/wp-content\/uploads\/2023\/07\/Luz-y-oscuridad-logo-sin-letra-1-150x150.jpg 150w, https:\/\/doscarasprod.com\/wp-content\/uploads\/2023\/07\/Luz-y-oscuridad-logo-sin-letra-1-768x768.jpg 768w, https:\/\/doscarasprod.com\/wp-content\/uploads\/2023\/07\/Luz-y-oscuridad-logo-sin-letra-1-1536x1536.jpg 1536w, https:\/\/doscarasprod.com\/wp-content\/uploads\/2023\/07\/Luz-y-oscuridad-logo-sin-letra-1-600x600.jpg 600w, https:\/\/doscarasprod.com\/wp-content\/uploads\/2023\/07\/Luz-y-oscuridad-logo-sin-letra-1-100x100.jpg 100w, https:\/\/doscarasprod.com\/wp-content\/uploads\/2023\/07\/Luz-y-oscuridad-logo-sin-letra-1.jpg 2000w\" sizes=\"(max-width: 1024px) 100vw, 1024px\" \/>\t\t\t\t\t\t\t\t\t\t\t\t\t\t\t<\/div>\n\t\t\t\t<\/div>\n\t\t\t\t\t<\/div>\n\t\t<\/div>\n\t\t\t\t\t<\/div>\n\t\t<\/section>\n\t\t\t\t<section class=\"elementor-section elementor-top-section elementor-element elementor-element-6fda91f4 elementor-section-boxed elementor-section-height-default elementor-section-height-default\" data-id=\"6fda91f4\" data-element_type=\"section\">\n\t\t\t\t\t\t<div class=\"elementor-container elementor-column-gap-default\">\n\t\t\t\t\t<div class=\"elementor-column elementor-col-100 elementor-top-column elementor-element elementor-element-26f242cd\" data-id=\"26f242cd\" data-element_type=\"column\">\n\t\t\t<div class=\"elementor-widget-wrap elementor-element-populated\">\n\t\t\t\t\t\t<div class=\"elementor-element elementor-element-55a7e20b elementor-widget-divider--view-line elementor-widget elementor-widget-divider\" data-id=\"55a7e20b\" data-element_type=\"widget\" data-widget_type=\"divider.default\">\n\t\t\t\t<div class=\"elementor-widget-container\">\n\t\t\t\t\t\t\t<div class=\"elementor-divider\">\n\t\t\t<span class=\"elementor-divider-separator\">\n\t\t\t\t\t\t<\/span>\n\t\t<\/div>\n\t\t\t\t\t\t<\/div>\n\t\t\t\t<\/div>\n\t\t\t\t\t<\/div>\n\t\t<\/div>\n\t\t\t\t\t<\/div>\n\t\t<\/section>\n\t\t\t\t<section class=\"elementor-section elementor-top-section elementor-element elementor-element-7a961092 elementor-section-boxed elementor-section-height-default elementor-section-height-default elementor-invisible\" data-id=\"7a961092\" data-element_type=\"section\" data-settings=\"{&quot;animation&quot;:&quot;fadeInUp&quot;}\">\n\t\t\t\t\t\t<div class=\"elementor-container elementor-column-gap-default\">\n\t\t\t\t\t<div class=\"elementor-column elementor-col-100 elementor-top-column elementor-element elementor-element-6901d027\" data-id=\"6901d027\" data-element_type=\"column\">\n\t\t\t<div class=\"elementor-widget-wrap elementor-element-populated\">\n\t\t\t\t\t\t<div class=\"elementor-element elementor-element-171d583c elementor-position-left elementor-vertical-align-top elementor-widget elementor-widget-image-box\" data-id=\"171d583c\" data-element_type=\"widget\" data-widget_type=\"image-box.default\">\n\t\t\t\t<div class=\"elementor-widget-container\">\n\t\t\t\t\t<div class=\"elementor-image-box-wrapper\"><figure class=\"elementor-image-box-img\"><img loading=\"lazy\" decoding=\"async\" width=\"1024\" height=\"1024\" src=\"https:\/\/doscarasprod.com\/wp-content\/uploads\/2023\/07\/Luz-y-oscuridad-logo-sin-letra-1-1024x1024.jpg\" class=\"elementor-animation-grow attachment-large size-large wp-image-5018\" alt=\"\" srcset=\"https:\/\/doscarasprod.com\/wp-content\/uploads\/2023\/07\/Luz-y-oscuridad-logo-sin-letra-1-1024x1024.jpg 1024w, https:\/\/doscarasprod.com\/wp-content\/uploads\/2023\/07\/Luz-y-oscuridad-logo-sin-letra-1-300x300.jpg 300w, https:\/\/doscarasprod.com\/wp-content\/uploads\/2023\/07\/Luz-y-oscuridad-logo-sin-letra-1-150x150.jpg 150w, https:\/\/doscarasprod.com\/wp-content\/uploads\/2023\/07\/Luz-y-oscuridad-logo-sin-letra-1-768x768.jpg 768w, https:\/\/doscarasprod.com\/wp-content\/uploads\/2023\/07\/Luz-y-oscuridad-logo-sin-letra-1-1536x1536.jpg 1536w, https:\/\/doscarasprod.com\/wp-content\/uploads\/2023\/07\/Luz-y-oscuridad-logo-sin-letra-1-600x600.jpg 600w, https:\/\/doscarasprod.com\/wp-content\/uploads\/2023\/07\/Luz-y-oscuridad-logo-sin-letra-1-100x100.jpg 100w, https:\/\/doscarasprod.com\/wp-content\/uploads\/2023\/07\/Luz-y-oscuridad-logo-sin-letra-1.jpg 2000w\" sizes=\"(max-width: 1024px) 100vw, 1024px\" \/><\/figure><div class=\"elementor-image-box-content\"><h3 class=\"elementor-image-box-title\">Johanna Lizzeth Rodr\u00edguez Mart\u00ednez<\/h3><p class=\"elementor-image-box-description\">Johanna Lizzeth, tambi\u00e9n conocida como Yozora, es una productora\naudiovisual. Con una formaci\u00f3n acad\u00e9mica en Animaci\u00f3n y Efectos\nVisuales.\n<br>A sus 24 a\u00f1os, Johanna ha colaborado con reconocidas marcas como\nPilgrim's, San Marcos y Arkansas State, entre otras. Su creatividad y\nhabilidades le han permitido gestionar eventos en ciudades como\nTorre\u00f3n, Monterrey, CDMX demostrando su habilidad para destacarse\nen proyectos de alto perfil.\n<br>Johanna ha tenido la oportunidad de trabajar con figuras famosas,\nentre ellas la reconocida Andrea Legarreta, Roy Padilla y otros rostros\nconocidos del medio. As\u00ed mismo, su material ha sido proyectado en\ntelevisi\u00f3n abierta y Cin\u00e9polis.\n<br>Con cada proyecto, demuestra su dedicaci\u00f3n, profesionalismo,\ncreatividad y capacidad para dar vida a ideas a trav\u00e9s de creaciones\naudiovisuales. Su trayectoria es un testimonio de su talento y su\nenfoque en ofrecer resultados excepcionales.<\/p><\/div><\/div>\t\t\t\t<\/div>\n\t\t\t\t<\/div>\n\t\t\t\t\t<\/div>\n\t\t<\/div>\n\t\t\t\t\t<\/div>\n\t\t<\/section>\n\t\t\t\t<\/div>\n\t\t","protected":false},"excerpt":{"rendered":"<p>&#8220;Fate&#8221; 50 x 40cm Johanna Lizzeth Rodr\u00edguez Mart\u00ednez | IG: @yozora.nagareboshi 2023 Ilustraci\u00f3n digital impresa La composici\u00f3n f\u00edsica de &#8220;Fate&#8221; tiene dimensiones de 50&#215;40, es una obrade arte que tiene una fuente de inspiraci\u00f3n y una recordatoria constantede la importancia de encontrar equilibrio en los momentos de cambio yreflexi\u00f3n as\u00ed mismo como valorar las relaciones [&hellip;]<\/p>\n","protected":false},"author":1,"featured_media":0,"parent":0,"menu_order":0,"comment_status":"closed","ping_status":"closed","template":"","meta":{"om_disable_all_campaigns":false,"_monsterinsights_skip_tracking":false,"_monsterinsights_sitenote_active":false,"_monsterinsights_sitenote_note":"","_monsterinsights_sitenote_category":0,"footnotes":""},"class_list":["post-4970","page","type-page","status-publish","hentry"],"aioseo_notices":[],"_links":{"self":[{"href":"https:\/\/doscarasprod.com\/index.php\/wp-json\/wp\/v2\/pages\/4970","targetHints":{"allow":["GET"]}}],"collection":[{"href":"https:\/\/doscarasprod.com\/index.php\/wp-json\/wp\/v2\/pages"}],"about":[{"href":"https:\/\/doscarasprod.com\/index.php\/wp-json\/wp\/v2\/types\/page"}],"author":[{"embeddable":true,"href":"https:\/\/doscarasprod.com\/index.php\/wp-json\/wp\/v2\/users\/1"}],"replies":[{"embeddable":true,"href":"https:\/\/doscarasprod.com\/index.php\/wp-json\/wp\/v2\/comments?post=4970"}],"version-history":[{"count":14,"href":"https:\/\/doscarasprod.com\/index.php\/wp-json\/wp\/v2\/pages\/4970\/revisions"}],"predecessor-version":[{"id":5203,"href":"https:\/\/doscarasprod.com\/index.php\/wp-json\/wp\/v2\/pages\/4970\/revisions\/5203"}],"wp:attachment":[{"href":"https:\/\/doscarasprod.com\/index.php\/wp-json\/wp\/v2\/media?parent=4970"}],"curies":[{"name":"wp","href":"https:\/\/api.w.org\/{rel}","templated":true}]}}