{"id":4955,"date":"2023-07-06T06:09:39","date_gmt":"2023-07-06T06:09:39","guid":{"rendered":"https:\/\/doscarasprod.com\/?page_id=4955"},"modified":"2024-07-08T04:19:28","modified_gmt":"2024-07-08T04:19:28","slug":"luzyoscuridad-sandra-bugar","status":"publish","type":"page","link":"https:\/\/doscarasprod.com\/index.php\/luzyoscuridad-sandra-bugar\/","title":{"rendered":"Sandra Bugar"},"content":{"rendered":"\t\t<div data-elementor-type=\"wp-page\" data-elementor-id=\"4955\" class=\"elementor elementor-4955\">\n\t\t\t\t\t\t<section class=\"elementor-section elementor-top-section elementor-element elementor-element-37961fd5 elementor-section-boxed elementor-section-height-default elementor-section-height-default\" data-id=\"37961fd5\" data-element_type=\"section\">\n\t\t\t\t\t\t<div class=\"elementor-container elementor-column-gap-default\">\n\t\t\t\t\t<div class=\"elementor-column elementor-col-100 elementor-top-column elementor-element elementor-element-19a4e4a2\" data-id=\"19a4e4a2\" data-element_type=\"column\">\n\t\t\t<div class=\"elementor-widget-wrap elementor-element-populated\">\n\t\t\t\t\t\t<div class=\"elementor-element elementor-element-d765e20 elementor-widget-mobile__width-initial elementor-invisible elementor-widget elementor-widget-image\" data-id=\"d765e20\" data-element_type=\"widget\" data-settings=\"{&quot;_animation&quot;:&quot;fadeIn&quot;}\" data-widget_type=\"image.default\">\n\t\t\t\t<div class=\"elementor-widget-container\">\n\t\t\t\t\t\t\t\t\t\t\t\t\t\t\t<img fetchpriority=\"high\" decoding=\"async\" width=\"1024\" height=\"576\" src=\"https:\/\/doscarasprod.com\/wp-content\/uploads\/2023\/07\/portada-LyO-3-1024x576.jpg\" class=\"attachment-large size-large wp-image-4876\" alt=\"\" srcset=\"https:\/\/doscarasprod.com\/wp-content\/uploads\/2023\/07\/portada-LyO-3-1024x576.jpg 1024w, https:\/\/doscarasprod.com\/wp-content\/uploads\/2023\/07\/portada-LyO-3-300x169.jpg 300w, https:\/\/doscarasprod.com\/wp-content\/uploads\/2023\/07\/portada-LyO-3-768x432.jpg 768w, https:\/\/doscarasprod.com\/wp-content\/uploads\/2023\/07\/portada-LyO-3-1536x864.jpg 1536w, https:\/\/doscarasprod.com\/wp-content\/uploads\/2023\/07\/portada-LyO-3-2048x1152.jpg 2048w, https:\/\/doscarasprod.com\/wp-content\/uploads\/2023\/07\/portada-LyO-3-600x338.jpg 600w\" sizes=\"(max-width: 1024px) 100vw, 1024px\" \/>\t\t\t\t\t\t\t\t\t\t\t\t\t\t\t<\/div>\n\t\t\t\t<\/div>\n\t\t\t\t<div class=\"elementor-element elementor-element-3fbf5a4e elementor-widget-divider--view-line elementor-widget elementor-widget-divider\" data-id=\"3fbf5a4e\" data-element_type=\"widget\" data-widget_type=\"divider.default\">\n\t\t\t\t<div class=\"elementor-widget-container\">\n\t\t\t\t\t\t\t<div class=\"elementor-divider\">\n\t\t\t<span class=\"elementor-divider-separator\">\n\t\t\t\t\t\t<\/span>\n\t\t<\/div>\n\t\t\t\t\t\t<\/div>\n\t\t\t\t<\/div>\n\t\t\t\t<div class=\"elementor-element elementor-element-77e9c8ea elementor-widget__width-initial elementor-widget-mobile__width-initial elementor-invisible elementor-widget elementor-widget-image\" data-id=\"77e9c8ea\" data-element_type=\"widget\" data-settings=\"{&quot;_animation&quot;:&quot;flash&quot;}\" data-widget_type=\"image.default\">\n\t\t\t\t<div class=\"elementor-widget-container\">\n\t\t\t\t\t\t\t\t\t\t\t\t\t\t\t<img decoding=\"async\" width=\"2560\" height=\"2560\" src=\"https:\/\/doscarasprod.com\/wp-content\/uploads\/2023\/07\/Obra-sin-fondo-copia-scaled.jpg\" class=\"attachment-full size-full wp-image-5186\" alt=\"\" srcset=\"https:\/\/doscarasprod.com\/wp-content\/uploads\/2023\/07\/Obra-sin-fondo-copia-scaled.jpg 2560w, https:\/\/doscarasprod.com\/wp-content\/uploads\/2023\/07\/Obra-sin-fondo-copia-300x300.jpg 300w, https:\/\/doscarasprod.com\/wp-content\/uploads\/2023\/07\/Obra-sin-fondo-copia-1024x1024.jpg 1024w, https:\/\/doscarasprod.com\/wp-content\/uploads\/2023\/07\/Obra-sin-fondo-copia-150x150.jpg 150w, https:\/\/doscarasprod.com\/wp-content\/uploads\/2023\/07\/Obra-sin-fondo-copia-768x768.jpg 768w, https:\/\/doscarasprod.com\/wp-content\/uploads\/2023\/07\/Obra-sin-fondo-copia-1536x1536.jpg 1536w, https:\/\/doscarasprod.com\/wp-content\/uploads\/2023\/07\/Obra-sin-fondo-copia-2048x2048.jpg 2048w, https:\/\/doscarasprod.com\/wp-content\/uploads\/2023\/07\/Obra-sin-fondo-copia-600x600.jpg 600w, https:\/\/doscarasprod.com\/wp-content\/uploads\/2023\/07\/Obra-sin-fondo-copia-100x100.jpg 100w\" sizes=\"(max-width: 2560px) 100vw, 2560px\" \/>\t\t\t\t\t\t\t\t\t\t\t\t\t\t\t<\/div>\n\t\t\t\t<\/div>\n\t\t\t\t<div class=\"elementor-element elementor-element-6b519c80 elementor-widget elementor-widget-text-editor\" data-id=\"6b519c80\" data-element_type=\"widget\" data-widget_type=\"text-editor.default\">\n\t\t\t\t<div class=\"elementor-widget-container\">\n\t\t\t\t\t\t\t\t\t<p>\u201cNegro y Blanco\u201d<\/p><p>12 x 18 pulgadas<\/p><p>Sandra Bugar | IG: @deni.story<\/p><p>2023<\/p><p>Ilustraci\u00f3n digital impresa<\/p><p><span style=\"font-weight: 400;\">Mi obra es un fragmento de lo mejor s\u00e9 hacer, crear personajes, con la idea muy en claro que en esta vida no hay personas completamente blancas, ni completamente negras, todos somos una escala de grises constante. A veces demasiado blanco haciendo referencia a lo \u201cbueno\u201d que poseemos, a veces demasiado negro haciendo referencia a lo \u201cmalo\u201d, pero nunca uno en su totalidad.<\/span><\/p><p>$5,000.00 MXN<\/p>\t\t\t\t\t\t\t\t<\/div>\n\t\t\t\t<\/div>\n\t\t\t\t\t<\/div>\n\t\t<\/div>\n\t\t\t\t\t<\/div>\n\t\t<\/section>\n\t\t\t\t<section class=\"elementor-section elementor-top-section elementor-element elementor-element-29d1eaee elementor-section-boxed elementor-section-height-default elementor-section-height-default\" data-id=\"29d1eaee\" data-element_type=\"section\">\n\t\t\t\t\t\t<div class=\"elementor-container elementor-column-gap-default\">\n\t\t\t\t\t<div class=\"elementor-column elementor-col-100 elementor-top-column elementor-element elementor-element-7bfa58dd\" data-id=\"7bfa58dd\" data-element_type=\"column\">\n\t\t\t<div class=\"elementor-widget-wrap elementor-element-populated\">\n\t\t\t\t\t\t<div class=\"elementor-element elementor-element-2a9c3cde elementor-widget-divider--view-line elementor-widget elementor-widget-divider\" data-id=\"2a9c3cde\" data-element_type=\"widget\" data-widget_type=\"divider.default\">\n\t\t\t\t<div class=\"elementor-widget-container\">\n\t\t\t\t\t\t\t<div class=\"elementor-divider\">\n\t\t\t<span class=\"elementor-divider-separator\">\n\t\t\t\t\t\t<\/span>\n\t\t<\/div>\n\t\t\t\t\t\t<\/div>\n\t\t\t\t<\/div>\n\t\t\t\t\t<\/div>\n\t\t<\/div>\n\t\t\t\t\t<\/div>\n\t\t<\/section>\n\t\t\t\t<section class=\"elementor-section elementor-top-section elementor-element elementor-element-78e7b9d5 elementor-section-stretched elementor-section-boxed elementor-section-height-default elementor-section-height-default elementor-invisible\" data-id=\"78e7b9d5\" data-element_type=\"section\" data-settings=\"{&quot;stretch_section&quot;:&quot;section-stretched&quot;,&quot;animation&quot;:&quot;fadeIn&quot;}\">\n\t\t\t\t\t\t<div class=\"elementor-container elementor-column-gap-no\">\n\t\t\t\t\t<div class=\"elementor-column elementor-col-100 elementor-top-column elementor-element elementor-element-7732599c\" data-id=\"7732599c\" data-element_type=\"column\">\n\t\t\t<div class=\"elementor-widget-wrap elementor-element-populated\">\n\t\t\t\t\t\t<div class=\"elementor-element elementor-element-73cb5659 elementor-widget__width-initial elementor-widget-mobile__width-initial elementor-widget elementor-widget-video\" data-id=\"73cb5659\" data-element_type=\"widget\" data-settings=\"{&quot;youtube_url&quot;:&quot;https:\\\/\\\/youtu.be\\\/Z5o_7KThaNg&quot;,&quot;autoplay&quot;:&quot;yes&quot;,&quot;play_on_mobile&quot;:&quot;yes&quot;,&quot;mute&quot;:&quot;yes&quot;,&quot;video_type&quot;:&quot;youtube&quot;,&quot;controls&quot;:&quot;yes&quot;}\" data-widget_type=\"video.default\">\n\t\t\t\t<div class=\"elementor-widget-container\">\n\t\t\t\t\t\t\t<div class=\"elementor-wrapper elementor-open-inline\">\n\t\t\t<div class=\"elementor-video\"><\/div>\t\t<\/div>\n\t\t\t\t\t\t<\/div>\n\t\t\t\t<\/div>\n\t\t\t\t<div class=\"elementor-element elementor-element-1348e52d elementor-widget__width-initial elementor-widget-mobile__width-initial elementor-widget elementor-widget-image\" data-id=\"1348e52d\" data-element_type=\"widget\" data-widget_type=\"image.default\">\n\t\t\t\t<div class=\"elementor-widget-container\">\n\t\t\t\t\t\t\t\t\t\t\t\t\t\t\t<img decoding=\"async\" width=\"1024\" height=\"683\" src=\"https:\/\/doscarasprod.com\/wp-content\/uploads\/2024\/07\/IMG_6105-1024x683.jpg\" class=\"attachment-large size-large wp-image-5255\" alt=\"\" srcset=\"https:\/\/doscarasprod.com\/wp-content\/uploads\/2024\/07\/IMG_6105-1024x683.jpg 1024w, https:\/\/doscarasprod.com\/wp-content\/uploads\/2024\/07\/IMG_6105-300x200.jpg 300w, https:\/\/doscarasprod.com\/wp-content\/uploads\/2024\/07\/IMG_6105-768x512.jpg 768w, https:\/\/doscarasprod.com\/wp-content\/uploads\/2024\/07\/IMG_6105-1536x1024.jpg 1536w, https:\/\/doscarasprod.com\/wp-content\/uploads\/2024\/07\/IMG_6105-2048x1365.jpg 2048w, https:\/\/doscarasprod.com\/wp-content\/uploads\/2024\/07\/IMG_6105-600x400.jpg 600w\" sizes=\"(max-width: 1024px) 100vw, 1024px\" \/>\t\t\t\t\t\t\t\t\t\t\t\t\t\t\t<\/div>\n\t\t\t\t<\/div>\n\t\t\t\t\t<\/div>\n\t\t<\/div>\n\t\t\t\t\t<\/div>\n\t\t<\/section>\n\t\t\t\t<section class=\"elementor-section elementor-top-section elementor-element elementor-element-5658fdce elementor-section-boxed elementor-section-height-default elementor-section-height-default\" data-id=\"5658fdce\" data-element_type=\"section\">\n\t\t\t\t\t\t<div class=\"elementor-container elementor-column-gap-default\">\n\t\t\t\t\t<div class=\"elementor-column elementor-col-100 elementor-top-column elementor-element elementor-element-153190dd\" data-id=\"153190dd\" data-element_type=\"column\">\n\t\t\t<div class=\"elementor-widget-wrap elementor-element-populated\">\n\t\t\t\t\t\t<div class=\"elementor-element elementor-element-1963be5f elementor-widget-divider--view-line elementor-widget elementor-widget-divider\" data-id=\"1963be5f\" data-element_type=\"widget\" data-widget_type=\"divider.default\">\n\t\t\t\t<div class=\"elementor-widget-container\">\n\t\t\t\t\t\t\t<div class=\"elementor-divider\">\n\t\t\t<span class=\"elementor-divider-separator\">\n\t\t\t\t\t\t<\/span>\n\t\t<\/div>\n\t\t\t\t\t\t<\/div>\n\t\t\t\t<\/div>\n\t\t\t\t\t<\/div>\n\t\t<\/div>\n\t\t\t\t\t<\/div>\n\t\t<\/section>\n\t\t\t\t<section class=\"elementor-section elementor-top-section elementor-element elementor-element-6b7b117d elementor-section-boxed elementor-section-height-default elementor-section-height-default elementor-invisible\" data-id=\"6b7b117d\" data-element_type=\"section\" data-settings=\"{&quot;animation&quot;:&quot;fadeInUp&quot;}\">\n\t\t\t\t\t\t<div class=\"elementor-container elementor-column-gap-default\">\n\t\t\t\t\t<div class=\"elementor-column elementor-col-100 elementor-top-column elementor-element elementor-element-2e78b887\" data-id=\"2e78b887\" data-element_type=\"column\">\n\t\t\t<div class=\"elementor-widget-wrap elementor-element-populated\">\n\t\t\t\t\t\t<div class=\"elementor-element elementor-element-605dc9ee elementor-position-left elementor-vertical-align-top elementor-widget elementor-widget-image-box\" data-id=\"605dc9ee\" data-element_type=\"widget\" data-widget_type=\"image-box.default\">\n\t\t\t\t<div class=\"elementor-widget-container\">\n\t\t\t\t\t<div class=\"elementor-image-box-wrapper\"><figure class=\"elementor-image-box-img\"><img loading=\"lazy\" decoding=\"async\" width=\"683\" height=\"1024\" src=\"https:\/\/doscarasprod.com\/wp-content\/uploads\/2024\/07\/IMG_6107-683x1024.jpg\" class=\"elementor-animation-grow attachment-large size-large wp-image-5253\" alt=\"\" srcset=\"https:\/\/doscarasprod.com\/wp-content\/uploads\/2024\/07\/IMG_6107-683x1024.jpg 683w, https:\/\/doscarasprod.com\/wp-content\/uploads\/2024\/07\/IMG_6107-200x300.jpg 200w, https:\/\/doscarasprod.com\/wp-content\/uploads\/2024\/07\/IMG_6107-768x1152.jpg 768w, https:\/\/doscarasprod.com\/wp-content\/uploads\/2024\/07\/IMG_6107-1024x1536.jpg 1024w, https:\/\/doscarasprod.com\/wp-content\/uploads\/2024\/07\/IMG_6107-1365x2048.jpg 1365w, https:\/\/doscarasprod.com\/wp-content\/uploads\/2024\/07\/IMG_6107-600x900.jpg 600w, https:\/\/doscarasprod.com\/wp-content\/uploads\/2024\/07\/IMG_6107-scaled.jpg 1707w\" sizes=\"(max-width: 683px) 100vw, 683px\" \/><\/figure><div class=\"elementor-image-box-content\"><h3 class=\"elementor-image-box-title\">Sandra Bugar<\/h3><p class=\"elementor-image-box-description\">Mi nombre es Sandra Denisse Bueno Garc\u00eda, soy originaria del municipio de Landa de Matamoros de la bella Sierra Gorda, me gradu\u00e9 la carrera de Ingenier\u00eda en Animaci\u00f3n y Efectos Visuales, desde ni\u00f1a sent\u00ed una fascinaci\u00f3n por las historias de las pel\u00edculas, y el c\u00f3mo las representaban a trav\u00e9s de personajes que marcaron mi infancia y ayudaron a desarrollar mi personalidad, desde que tengo memoria dibujo, recuerdo pasar horas sentada en la mesa de mi casa haci\u00e9ndolo y dentro de mi mente imaginando el mundo de los personajes que plasmaba en la hoja de papel y las aventuras que viv\u00edan, para m\u00ed, era como un escape y consuelo en momentos dif\u00edciles de mi vida, es por eso que decid\u00ed estudiar la carrera de animaci\u00f3n, resaltando en el \u00e1rea de creaci\u00f3n de personajes, lo cual me llevo a destacar en proyectos escolares y recientemente como creadora de la imagen de una competencia deportiva municipal \u201cCarrera de la Mujer Jalpan 2022 y 2023\u201d donde naci\u00f3 \u201cAruma\u201d mi primer personaje que me hizo debutar oficialmente como creadora de personajes, mi m\u00e1s grande sue\u00f1o es participar como dise\u00f1adora de personajes en alg\u00fan proyecto cinematogr\u00e1fico de animaci\u00f3n y escribir e ilustrar mi propio un comic.\n<\/p><\/div><\/div>\t\t\t\t<\/div>\n\t\t\t\t<\/div>\n\t\t\t\t\t<\/div>\n\t\t<\/div>\n\t\t\t\t\t<\/div>\n\t\t<\/section>\n\t\t\t\t<\/div>\n\t\t","protected":false},"excerpt":{"rendered":"<p>\u201cNegro y Blanco\u201d 12 x 18 pulgadas Sandra Bugar | IG: @deni.story 2023 Ilustraci\u00f3n digital impresa Mi obra es un fragmento de lo mejor s\u00e9 hacer, crear personajes, con la idea muy en claro que en esta vida no hay personas completamente blancas, ni completamente negras, todos somos una escala de grises constante. A veces [&hellip;]<\/p>\n","protected":false},"author":1,"featured_media":0,"parent":0,"menu_order":0,"comment_status":"closed","ping_status":"closed","template":"","meta":{"om_disable_all_campaigns":false,"_monsterinsights_skip_tracking":false,"_monsterinsights_sitenote_active":false,"_monsterinsights_sitenote_note":"","_monsterinsights_sitenote_category":0,"footnotes":""},"class_list":["post-4955","page","type-page","status-publish","hentry"],"aioseo_notices":[],"_links":{"self":[{"href":"https:\/\/doscarasprod.com\/index.php\/wp-json\/wp\/v2\/pages\/4955","targetHints":{"allow":["GET"]}}],"collection":[{"href":"https:\/\/doscarasprod.com\/index.php\/wp-json\/wp\/v2\/pages"}],"about":[{"href":"https:\/\/doscarasprod.com\/index.php\/wp-json\/wp\/v2\/types\/page"}],"author":[{"embeddable":true,"href":"https:\/\/doscarasprod.com\/index.php\/wp-json\/wp\/v2\/users\/1"}],"replies":[{"embeddable":true,"href":"https:\/\/doscarasprod.com\/index.php\/wp-json\/wp\/v2\/comments?post=4955"}],"version-history":[{"count":22,"href":"https:\/\/doscarasprod.com\/index.php\/wp-json\/wp\/v2\/pages\/4955\/revisions"}],"predecessor-version":[{"id":5258,"href":"https:\/\/doscarasprod.com\/index.php\/wp-json\/wp\/v2\/pages\/4955\/revisions\/5258"}],"wp:attachment":[{"href":"https:\/\/doscarasprod.com\/index.php\/wp-json\/wp\/v2\/media?parent=4955"}],"curies":[{"name":"wp","href":"https:\/\/api.w.org\/{rel}","templated":true}]}}