{"id":4950,"date":"2023-07-06T06:05:18","date_gmt":"2023-07-06T06:05:18","guid":{"rendered":"https:\/\/doscarasprod.com\/?page_id=4950"},"modified":"2023-07-12T05:52:33","modified_gmt":"2023-07-12T05:52:33","slug":"luzyoscuridad-dani-villalpando","status":"publish","type":"page","link":"https:\/\/doscarasprod.com\/index.php\/luzyoscuridad-dani-villalpando\/","title":{"rendered":"Dani Villalpando"},"content":{"rendered":"\t\t<div data-elementor-type=\"wp-page\" data-elementor-id=\"4950\" class=\"elementor elementor-4950\">\n\t\t\t\t\t\t<section class=\"elementor-section elementor-top-section elementor-element elementor-element-18b0a6a2 elementor-section-boxed elementor-section-height-default elementor-section-height-default\" data-id=\"18b0a6a2\" data-element_type=\"section\">\n\t\t\t\t\t\t<div class=\"elementor-container elementor-column-gap-default\">\n\t\t\t\t\t<div class=\"elementor-column elementor-col-100 elementor-top-column elementor-element elementor-element-63f44463\" data-id=\"63f44463\" data-element_type=\"column\">\n\t\t\t<div class=\"elementor-widget-wrap elementor-element-populated\">\n\t\t\t\t\t\t<div class=\"elementor-element elementor-element-46d289cd elementor-widget-mobile__width-initial elementor-invisible elementor-widget elementor-widget-image\" data-id=\"46d289cd\" data-element_type=\"widget\" data-settings=\"{&quot;_animation&quot;:&quot;fadeIn&quot;}\" data-widget_type=\"image.default\">\n\t\t\t\t<div class=\"elementor-widget-container\">\n\t\t\t\t\t\t\t\t\t\t\t\t\t\t\t<img fetchpriority=\"high\" decoding=\"async\" width=\"1024\" height=\"576\" src=\"https:\/\/doscarasprod.com\/wp-content\/uploads\/2023\/07\/portada-LyO-3-1024x576.jpg\" class=\"attachment-large size-large wp-image-4876\" alt=\"\" srcset=\"https:\/\/doscarasprod.com\/wp-content\/uploads\/2023\/07\/portada-LyO-3-1024x576.jpg 1024w, https:\/\/doscarasprod.com\/wp-content\/uploads\/2023\/07\/portada-LyO-3-300x169.jpg 300w, https:\/\/doscarasprod.com\/wp-content\/uploads\/2023\/07\/portada-LyO-3-768x432.jpg 768w, https:\/\/doscarasprod.com\/wp-content\/uploads\/2023\/07\/portada-LyO-3-1536x864.jpg 1536w, https:\/\/doscarasprod.com\/wp-content\/uploads\/2023\/07\/portada-LyO-3-2048x1152.jpg 2048w, https:\/\/doscarasprod.com\/wp-content\/uploads\/2023\/07\/portada-LyO-3-600x338.jpg 600w\" sizes=\"(max-width: 1024px) 100vw, 1024px\" \/>\t\t\t\t\t\t\t\t\t\t\t\t\t\t\t<\/div>\n\t\t\t\t<\/div>\n\t\t\t\t<div class=\"elementor-element elementor-element-7edb8d67 elementor-widget-divider--view-line elementor-widget elementor-widget-divider\" data-id=\"7edb8d67\" data-element_type=\"widget\" data-widget_type=\"divider.default\">\n\t\t\t\t<div class=\"elementor-widget-container\">\n\t\t\t\t\t\t\t<div class=\"elementor-divider\">\n\t\t\t<span class=\"elementor-divider-separator\">\n\t\t\t\t\t\t<\/span>\n\t\t<\/div>\n\t\t\t\t\t\t<\/div>\n\t\t\t\t<\/div>\n\t\t\t\t<div class=\"elementor-element elementor-element-284721e9 elementor-widget__width-initial elementor-widget-mobile__width-initial elementor-invisible elementor-widget elementor-widget-image\" data-id=\"284721e9\" data-element_type=\"widget\" data-settings=\"{&quot;_animation&quot;:&quot;flash&quot;}\" data-widget_type=\"image.default\">\n\t\t\t\t<div class=\"elementor-widget-container\">\n\t\t\t\t\t\t\t\t\t\t\t\t\t\t\t<img decoding=\"async\" width=\"2344\" height=\"1563\" src=\"https:\/\/doscarasprod.com\/wp-content\/uploads\/2023\/07\/IMG_6067.jpg\" class=\"attachment-full size-full wp-image-5005\" alt=\"\" srcset=\"https:\/\/doscarasprod.com\/wp-content\/uploads\/2023\/07\/IMG_6067.jpg 2344w, https:\/\/doscarasprod.com\/wp-content\/uploads\/2023\/07\/IMG_6067-300x200.jpg 300w, https:\/\/doscarasprod.com\/wp-content\/uploads\/2023\/07\/IMG_6067-1024x683.jpg 1024w, https:\/\/doscarasprod.com\/wp-content\/uploads\/2023\/07\/IMG_6067-768x512.jpg 768w, https:\/\/doscarasprod.com\/wp-content\/uploads\/2023\/07\/IMG_6067-1536x1024.jpg 1536w, https:\/\/doscarasprod.com\/wp-content\/uploads\/2023\/07\/IMG_6067-2048x1366.jpg 2048w, https:\/\/doscarasprod.com\/wp-content\/uploads\/2023\/07\/IMG_6067-600x400.jpg 600w\" sizes=\"(max-width: 2344px) 100vw, 2344px\" \/>\t\t\t\t\t\t\t\t\t\t\t\t\t\t\t<\/div>\n\t\t\t\t<\/div>\n\t\t\t\t<div class=\"elementor-element elementor-element-41d3e3b1 elementor-widget elementor-widget-text-editor\" data-id=\"41d3e3b1\" data-element_type=\"widget\" data-widget_type=\"text-editor.default\">\n\t\t\t\t<div class=\"elementor-widget-container\">\n\t\t\t\t\t\t\t\t\t<p>\u00a1Ya saldr\u00e1n las ranas en las Nymphaeales!&#8221;<\/p><p>27 x 42cm<\/p><p>Dani Villalpando | IG: @espejo_nomada<\/p><p>2023<\/p><p>Impresi\u00f3n digital<\/p>\t\t\t\t\t\t\t\t<\/div>\n\t\t\t\t<\/div>\n\t\t\t\t\t<\/div>\n\t\t<\/div>\n\t\t\t\t\t<\/div>\n\t\t<\/section>\n\t\t\t\t<section class=\"elementor-section elementor-top-section elementor-element elementor-element-3b580e0 elementor-section-boxed elementor-section-height-default elementor-section-height-default\" data-id=\"3b580e0\" data-element_type=\"section\">\n\t\t\t\t\t\t<div class=\"elementor-container elementor-column-gap-default\">\n\t\t\t\t\t<div class=\"elementor-column elementor-col-100 elementor-top-column elementor-element elementor-element-40fe0fed\" data-id=\"40fe0fed\" data-element_type=\"column\">\n\t\t\t<div class=\"elementor-widget-wrap elementor-element-populated\">\n\t\t\t\t\t\t<div class=\"elementor-element elementor-element-42fed99f elementor-widget-divider--view-line elementor-widget elementor-widget-divider\" data-id=\"42fed99f\" data-element_type=\"widget\" data-widget_type=\"divider.default\">\n\t\t\t\t<div class=\"elementor-widget-container\">\n\t\t\t\t\t\t\t<div class=\"elementor-divider\">\n\t\t\t<span class=\"elementor-divider-separator\">\n\t\t\t\t\t\t<\/span>\n\t\t<\/div>\n\t\t\t\t\t\t<\/div>\n\t\t\t\t<\/div>\n\t\t\t\t\t<\/div>\n\t\t<\/div>\n\t\t\t\t\t<\/div>\n\t\t<\/section>\n\t\t\t\t<section class=\"elementor-section elementor-top-section elementor-element elementor-element-60758b8b elementor-section-stretched elementor-section-boxed elementor-section-height-default elementor-section-height-default elementor-invisible\" data-id=\"60758b8b\" data-element_type=\"section\" data-settings=\"{&quot;stretch_section&quot;:&quot;section-stretched&quot;,&quot;animation&quot;:&quot;fadeIn&quot;}\">\n\t\t\t\t\t\t<div class=\"elementor-container elementor-column-gap-no\">\n\t\t\t\t\t<div class=\"elementor-column elementor-col-100 elementor-top-column elementor-element elementor-element-711572d7\" data-id=\"711572d7\" data-element_type=\"column\">\n\t\t\t<div class=\"elementor-widget-wrap elementor-element-populated\">\n\t\t\t\t\t\t<div class=\"elementor-element elementor-element-2a5f1f01 elementor-widget__width-initial elementor-widget-mobile__width-initial elementor-widget elementor-widget-video\" data-id=\"2a5f1f01\" data-element_type=\"widget\" data-settings=\"{&quot;youtube_url&quot;:&quot;https:\\\/\\\/youtu.be\\\/OUjyDXllHfw&quot;,&quot;autoplay&quot;:&quot;yes&quot;,&quot;play_on_mobile&quot;:&quot;yes&quot;,&quot;mute&quot;:&quot;yes&quot;,&quot;video_type&quot;:&quot;youtube&quot;,&quot;controls&quot;:&quot;yes&quot;}\" data-widget_type=\"video.default\">\n\t\t\t\t<div class=\"elementor-widget-container\">\n\t\t\t\t\t\t\t<div class=\"elementor-wrapper elementor-open-inline\">\n\t\t\t<div class=\"elementor-video\"><\/div>\t\t<\/div>\n\t\t\t\t\t\t<\/div>\n\t\t\t\t<\/div>\n\t\t\t\t<div class=\"elementor-element elementor-element-535cbb11 elementor-widget__width-initial elementor-widget-mobile__width-initial elementor-widget elementor-widget-image\" data-id=\"535cbb11\" data-element_type=\"widget\" data-widget_type=\"image.default\">\n\t\t\t\t<div class=\"elementor-widget-container\">\n\t\t\t\t\t\t\t\t\t\t\t\t\t\t\t<img decoding=\"async\" width=\"1024\" height=\"683\" src=\"https:\/\/doscarasprod.com\/wp-content\/uploads\/2023\/07\/IMG_6054-1024x683.jpg\" class=\"attachment-large size-large wp-image-5006\" alt=\"\" srcset=\"https:\/\/doscarasprod.com\/wp-content\/uploads\/2023\/07\/IMG_6054-1024x683.jpg 1024w, https:\/\/doscarasprod.com\/wp-content\/uploads\/2023\/07\/IMG_6054-300x200.jpg 300w, https:\/\/doscarasprod.com\/wp-content\/uploads\/2023\/07\/IMG_6054-768x512.jpg 768w, https:\/\/doscarasprod.com\/wp-content\/uploads\/2023\/07\/IMG_6054-1536x1024.jpg 1536w, https:\/\/doscarasprod.com\/wp-content\/uploads\/2023\/07\/IMG_6054-2048x1365.jpg 2048w, https:\/\/doscarasprod.com\/wp-content\/uploads\/2023\/07\/IMG_6054-600x400.jpg 600w\" sizes=\"(max-width: 1024px) 100vw, 1024px\" \/>\t\t\t\t\t\t\t\t\t\t\t\t\t\t\t<\/div>\n\t\t\t\t<\/div>\n\t\t\t\t\t<\/div>\n\t\t<\/div>\n\t\t\t\t\t<\/div>\n\t\t<\/section>\n\t\t\t\t<section class=\"elementor-section elementor-top-section elementor-element elementor-element-2c3246ab elementor-section-boxed elementor-section-height-default elementor-section-height-default\" data-id=\"2c3246ab\" data-element_type=\"section\">\n\t\t\t\t\t\t<div class=\"elementor-container elementor-column-gap-default\">\n\t\t\t\t\t<div class=\"elementor-column elementor-col-100 elementor-top-column elementor-element elementor-element-4f81191e\" data-id=\"4f81191e\" data-element_type=\"column\">\n\t\t\t<div class=\"elementor-widget-wrap elementor-element-populated\">\n\t\t\t\t\t\t<div class=\"elementor-element elementor-element-24cba1c2 elementor-widget-divider--view-line elementor-widget elementor-widget-divider\" data-id=\"24cba1c2\" data-element_type=\"widget\" data-widget_type=\"divider.default\">\n\t\t\t\t<div class=\"elementor-widget-container\">\n\t\t\t\t\t\t\t<div class=\"elementor-divider\">\n\t\t\t<span class=\"elementor-divider-separator\">\n\t\t\t\t\t\t<\/span>\n\t\t<\/div>\n\t\t\t\t\t\t<\/div>\n\t\t\t\t<\/div>\n\t\t\t\t\t<\/div>\n\t\t<\/div>\n\t\t\t\t\t<\/div>\n\t\t<\/section>\n\t\t\t\t<section class=\"elementor-section elementor-top-section elementor-element elementor-element-2c25bae1 elementor-section-boxed elementor-section-height-default elementor-section-height-default elementor-invisible\" data-id=\"2c25bae1\" data-element_type=\"section\" data-settings=\"{&quot;animation&quot;:&quot;fadeInUp&quot;}\">\n\t\t\t\t\t\t<div class=\"elementor-container elementor-column-gap-default\">\n\t\t\t\t\t<div class=\"elementor-column elementor-col-100 elementor-top-column elementor-element elementor-element-7a4bd3a2\" data-id=\"7a4bd3a2\" data-element_type=\"column\">\n\t\t\t<div class=\"elementor-widget-wrap elementor-element-populated\">\n\t\t\t\t\t\t<div class=\"elementor-element elementor-element-61d50508 elementor-position-left elementor-vertical-align-top elementor-widget elementor-widget-image-box\" data-id=\"61d50508\" data-element_type=\"widget\" data-widget_type=\"image-box.default\">\n\t\t\t\t<div class=\"elementor-widget-container\">\n\t\t\t\t\t<div class=\"elementor-image-box-wrapper\"><figure class=\"elementor-image-box-img\"><img loading=\"lazy\" decoding=\"async\" width=\"683\" height=\"1024\" src=\"https:\/\/doscarasprod.com\/wp-content\/uploads\/2023\/07\/IMG_6058-683x1024.jpg\" class=\"elementor-animation-grow attachment-large size-large wp-image-5007\" alt=\"\" srcset=\"https:\/\/doscarasprod.com\/wp-content\/uploads\/2023\/07\/IMG_6058-683x1024.jpg 683w, https:\/\/doscarasprod.com\/wp-content\/uploads\/2023\/07\/IMG_6058-200x300.jpg 200w, https:\/\/doscarasprod.com\/wp-content\/uploads\/2023\/07\/IMG_6058-768x1152.jpg 768w, https:\/\/doscarasprod.com\/wp-content\/uploads\/2023\/07\/IMG_6058-1024x1536.jpg 1024w, https:\/\/doscarasprod.com\/wp-content\/uploads\/2023\/07\/IMG_6058-1365x2048.jpg 1365w, https:\/\/doscarasprod.com\/wp-content\/uploads\/2023\/07\/IMG_6058-600x900.jpg 600w, https:\/\/doscarasprod.com\/wp-content\/uploads\/2023\/07\/IMG_6058.jpg 1600w\" sizes=\"(max-width: 683px) 100vw, 683px\" \/><\/figure><div class=\"elementor-image-box-content\"><h3 class=\"elementor-image-box-title\">Daniela Villalpando<\/h3><p class=\"elementor-image-box-description\">Dani Villalpando es una persona c\u00e1lida, estudiante de biolog\u00eda, activista por el cuidado y la\ndefensa del agua, fan n\u00famero uno del planeta que habitamos, fot\u00f3grafa queretana,\nadmiradora de las aves y la biodiversidad marina. Desde peque\u00f1a las im\u00e1genes y narrativas\nque ve\u00eda en National Geographic le han inspirado para buscar en la naturaleza una narrativa\npropia desde su origen, en la rutina de la vida en la ciudad, y a\u00fan m\u00e1s en ecosistemas\nnaturales en los que se reencuentra. Sus intereses m\u00e1s personales tienen como punto de\nencuentro el agua, las relaciones que ha formado con las personas m\u00e1s cercanas a ella,\nsus estudios, y sus lugares favoritos est\u00e1n relacionados con este elemento de donde\nreconoce su origen y el de su comunidad.\nEsta foto la titula \u201c\u00a1Ya saldr\u00e1n las ranas en las Nymphaeales!\u201d, fue capturada en el manglar\nde Cuyutl\u00e1n, Colima en camino a ver cocodrilos. Para Dani esta foto representa, la\ncolectividad y el acompa\u00f1amiento desde el asombro al admirar las interacciones de insectos\ncon estas plantas hasta el momento de elegir esta pieza como la que m\u00e1s disfruta y en la\nque m\u00e1s se encuentra.\n\n<br>Esta exposici\u00f3n me emociona y me llena de nervios, me parece interesante conocer los\npuntos de encuentro entre todxs los exponentes. Agradezco mucho la invitaci\u00f3n y todo el\nesfuerzo y amor que han puesto el equipo de Dos Caras Producciones para esta\nexposici\u00f3n.<\/p><\/div><\/div>\t\t\t\t<\/div>\n\t\t\t\t<\/div>\n\t\t\t\t\t<\/div>\n\t\t<\/div>\n\t\t\t\t\t<\/div>\n\t\t<\/section>\n\t\t\t\t<\/div>\n\t\t","protected":false},"excerpt":{"rendered":"<p>\u00a1Ya saldr\u00e1n las ranas en las Nymphaeales!&#8221; 27 x 42cm Dani Villalpando | IG: @espejo_nomada 2023 Impresi\u00f3n digital Daniela Villalpando Dani Villalpando es una persona c\u00e1lida, estudiante de biolog\u00eda, activista por el cuidado y la defensa del agua, fan n\u00famero uno del planeta que habitamos, fot\u00f3grafa queretana, admiradora de las aves y la biodiversidad marina. [&hellip;]<\/p>\n","protected":false},"author":1,"featured_media":0,"parent":0,"menu_order":0,"comment_status":"closed","ping_status":"closed","template":"","meta":{"om_disable_all_campaigns":false,"_monsterinsights_skip_tracking":false,"_monsterinsights_sitenote_active":false,"_monsterinsights_sitenote_note":"","_monsterinsights_sitenote_category":0,"footnotes":""},"class_list":["post-4950","page","type-page","status-publish","hentry"],"aioseo_notices":[],"_links":{"self":[{"href":"https:\/\/doscarasprod.com\/index.php\/wp-json\/wp\/v2\/pages\/4950","targetHints":{"allow":["GET"]}}],"collection":[{"href":"https:\/\/doscarasprod.com\/index.php\/wp-json\/wp\/v2\/pages"}],"about":[{"href":"https:\/\/doscarasprod.com\/index.php\/wp-json\/wp\/v2\/types\/page"}],"author":[{"embeddable":true,"href":"https:\/\/doscarasprod.com\/index.php\/wp-json\/wp\/v2\/users\/1"}],"replies":[{"embeddable":true,"href":"https:\/\/doscarasprod.com\/index.php\/wp-json\/wp\/v2\/comments?post=4950"}],"version-history":[{"count":13,"href":"https:\/\/doscarasprod.com\/index.php\/wp-json\/wp\/v2\/pages\/4950\/revisions"}],"predecessor-version":[{"id":5132,"href":"https:\/\/doscarasprod.com\/index.php\/wp-json\/wp\/v2\/pages\/4950\/revisions\/5132"}],"wp:attachment":[{"href":"https:\/\/doscarasprod.com\/index.php\/wp-json\/wp\/v2\/media?parent=4950"}],"curies":[{"name":"wp","href":"https:\/\/api.w.org\/{rel}","templated":true}]}}