{"id":4945,"date":"2023-07-06T05:59:12","date_gmt":"2023-07-06T05:59:12","guid":{"rendered":"https:\/\/doscarasprod.com\/?page_id=4945"},"modified":"2023-07-16T02:28:24","modified_gmt":"2023-07-16T02:28:24","slug":"luzyoscuridad-faty-nalleli","status":"publish","type":"page","link":"https:\/\/doscarasprod.com\/index.php\/luzyoscuridad-faty-nalleli\/","title":{"rendered":"Ilellan"},"content":{"rendered":"\t\t<div data-elementor-type=\"wp-page\" data-elementor-id=\"4945\" class=\"elementor elementor-4945\">\n\t\t\t\t\t\t<section class=\"elementor-section elementor-top-section elementor-element elementor-element-5e4f4db7 elementor-section-boxed elementor-section-height-default elementor-section-height-default\" data-id=\"5e4f4db7\" data-element_type=\"section\">\n\t\t\t\t\t\t<div class=\"elementor-container elementor-column-gap-default\">\n\t\t\t\t\t<div class=\"elementor-column elementor-col-100 elementor-top-column elementor-element elementor-element-ecdc2da\" data-id=\"ecdc2da\" data-element_type=\"column\">\n\t\t\t<div class=\"elementor-widget-wrap elementor-element-populated\">\n\t\t\t\t\t\t<div class=\"elementor-element elementor-element-ca6571 elementor-widget-mobile__width-initial elementor-invisible elementor-widget elementor-widget-image\" data-id=\"ca6571\" data-element_type=\"widget\" data-settings=\"{&quot;_animation&quot;:&quot;fadeIn&quot;}\" data-widget_type=\"image.default\">\n\t\t\t\t<div class=\"elementor-widget-container\">\n\t\t\t\t\t\t\t\t\t\t\t\t\t\t\t<img fetchpriority=\"high\" decoding=\"async\" width=\"1024\" height=\"576\" src=\"https:\/\/doscarasprod.com\/wp-content\/uploads\/2023\/07\/portada-LyO-3-1024x576.jpg\" class=\"attachment-large size-large wp-image-4876\" alt=\"\" srcset=\"https:\/\/doscarasprod.com\/wp-content\/uploads\/2023\/07\/portada-LyO-3-1024x576.jpg 1024w, https:\/\/doscarasprod.com\/wp-content\/uploads\/2023\/07\/portada-LyO-3-300x169.jpg 300w, https:\/\/doscarasprod.com\/wp-content\/uploads\/2023\/07\/portada-LyO-3-768x432.jpg 768w, https:\/\/doscarasprod.com\/wp-content\/uploads\/2023\/07\/portada-LyO-3-1536x864.jpg 1536w, https:\/\/doscarasprod.com\/wp-content\/uploads\/2023\/07\/portada-LyO-3-2048x1152.jpg 2048w, https:\/\/doscarasprod.com\/wp-content\/uploads\/2023\/07\/portada-LyO-3-600x338.jpg 600w\" sizes=\"(max-width: 1024px) 100vw, 1024px\" \/>\t\t\t\t\t\t\t\t\t\t\t\t\t\t\t<\/div>\n\t\t\t\t<\/div>\n\t\t\t\t<div class=\"elementor-element elementor-element-53a11c8f elementor-widget-divider--view-line elementor-widget elementor-widget-divider\" data-id=\"53a11c8f\" data-element_type=\"widget\" data-widget_type=\"divider.default\">\n\t\t\t\t<div class=\"elementor-widget-container\">\n\t\t\t\t\t\t\t<div class=\"elementor-divider\">\n\t\t\t<span class=\"elementor-divider-separator\">\n\t\t\t\t\t\t<\/span>\n\t\t<\/div>\n\t\t\t\t\t\t<\/div>\n\t\t\t\t<\/div>\n\t\t\t\t<div class=\"elementor-element elementor-element-439f7fac elementor-widget__width-initial elementor-widget-mobile__width-initial elementor-invisible elementor-widget elementor-widget-image\" data-id=\"439f7fac\" data-element_type=\"widget\" data-settings=\"{&quot;_animation&quot;:&quot;flash&quot;}\" data-widget_type=\"image.default\">\n\t\t\t\t<div class=\"elementor-widget-container\">\n\t\t\t\t\t\t\t\t\t\t\t\t\t\t\t<img decoding=\"async\" width=\"2560\" height=\"2560\" src=\"https:\/\/doscarasprod.com\/wp-content\/uploads\/2023\/07\/Obra-sin-fondo-4-scaled.jpg\" class=\"attachment-full size-full wp-image-5171\" alt=\"\" srcset=\"https:\/\/doscarasprod.com\/wp-content\/uploads\/2023\/07\/Obra-sin-fondo-4-scaled.jpg 2560w, https:\/\/doscarasprod.com\/wp-content\/uploads\/2023\/07\/Obra-sin-fondo-4-300x300.jpg 300w, https:\/\/doscarasprod.com\/wp-content\/uploads\/2023\/07\/Obra-sin-fondo-4-1024x1024.jpg 1024w, https:\/\/doscarasprod.com\/wp-content\/uploads\/2023\/07\/Obra-sin-fondo-4-150x150.jpg 150w, https:\/\/doscarasprod.com\/wp-content\/uploads\/2023\/07\/Obra-sin-fondo-4-768x768.jpg 768w, https:\/\/doscarasprod.com\/wp-content\/uploads\/2023\/07\/Obra-sin-fondo-4-1536x1536.jpg 1536w, https:\/\/doscarasprod.com\/wp-content\/uploads\/2023\/07\/Obra-sin-fondo-4-2048x2048.jpg 2048w, https:\/\/doscarasprod.com\/wp-content\/uploads\/2023\/07\/Obra-sin-fondo-4-600x600.jpg 600w, https:\/\/doscarasprod.com\/wp-content\/uploads\/2023\/07\/Obra-sin-fondo-4-100x100.jpg 100w\" sizes=\"(max-width: 2560px) 100vw, 2560px\" \/>\t\t\t\t\t\t\t\t\t\t\t\t\t\t\t<\/div>\n\t\t\t\t<\/div>\n\t\t\t\t<div class=\"elementor-element elementor-element-1ae996aa elementor-widget elementor-widget-text-editor\" data-id=\"1ae996aa\" data-element_type=\"widget\" data-widget_type=\"text-editor.default\">\n\t\t\t\t<div class=\"elementor-widget-container\">\n\t\t\t\t\t\t\t\t\t<p>&#8220;Tranquilidad&#8221;<\/p><p>20 x 35 pulgadas<\/p><p><span style=\"font-weight: 400;\">Ilellan<\/span> | IG: @<span style=\"font-weight: 400;\">ilellan_15<\/span><\/p><p>2023<\/p><p>Dibujo Digital Impreso<\/p><p>\u00a0<\/p><p><span style=\"font-weight: 400;\">La obra en la que he trabajado se titula \u201cTranquilidad\u201d mi objetivo es que las personas que vean el dibujo puedan tener una sensaci\u00f3n de tranquilidad y paz, as\u00ed como lo siento yo cuando esta finalizando el d\u00eda, observar el atardecer me ayuda a liberar mi mente y darme la estabilidad que necesito despu\u00e9s de un d\u00eda pesado, las nubes que est\u00e1n en el cielo cambian de color dependiendo de los rayos del sol, siempre he sido muy fan de las nubes y las formas a las que pueden adaptarse.<\/span><\/p>\t\t\t\t\t\t\t\t<\/div>\n\t\t\t\t<\/div>\n\t\t\t\t\t<\/div>\n\t\t<\/div>\n\t\t\t\t\t<\/div>\n\t\t<\/section>\n\t\t\t\t<section class=\"elementor-section elementor-top-section elementor-element elementor-element-7527378b elementor-section-boxed elementor-section-height-default elementor-section-height-default\" data-id=\"7527378b\" data-element_type=\"section\">\n\t\t\t\t\t\t<div class=\"elementor-container elementor-column-gap-default\">\n\t\t\t\t\t<div class=\"elementor-column elementor-col-100 elementor-top-column elementor-element elementor-element-27eeceed\" data-id=\"27eeceed\" data-element_type=\"column\">\n\t\t\t<div class=\"elementor-widget-wrap elementor-element-populated\">\n\t\t\t\t\t\t<div class=\"elementor-element elementor-element-6e5bec28 elementor-invisible elementor-widget elementor-widget-image\" data-id=\"6e5bec28\" data-element_type=\"widget\" data-settings=\"{&quot;_animation&quot;:&quot;fadeIn&quot;}\" data-widget_type=\"image.default\">\n\t\t\t\t<div class=\"elementor-widget-container\">\n\t\t\t\t\t\t\t\t\t\t\t\t\t\t\t<img decoding=\"async\" src=\"http:\/\/doscarasprod.com\/wp-content\/uploads\/2023\/07\/portada-LyO.jpg\" title=\"\" alt=\"\" loading=\"lazy\" \/>\t\t\t\t\t\t\t\t\t\t\t\t\t\t\t<\/div>\n\t\t\t\t<\/div>\n\t\t\t\t<div class=\"elementor-element elementor-element-17401292 elementor-widget-divider--view-line elementor-widget elementor-widget-divider\" data-id=\"17401292\" data-element_type=\"widget\" data-widget_type=\"divider.default\">\n\t\t\t\t<div class=\"elementor-widget-container\">\n\t\t\t\t\t\t\t<div class=\"elementor-divider\">\n\t\t\t<span class=\"elementor-divider-separator\">\n\t\t\t\t\t\t<\/span>\n\t\t<\/div>\n\t\t\t\t\t\t<\/div>\n\t\t\t\t<\/div>\n\t\t\t\t<div class=\"elementor-element elementor-element-234cc075 elementor-widget__width-initial elementor-invisible elementor-widget elementor-widget-image\" data-id=\"234cc075\" data-element_type=\"widget\" data-settings=\"{&quot;_animation&quot;:&quot;flash&quot;}\" data-widget_type=\"image.default\">\n\t\t\t\t<div class=\"elementor-widget-container\">\n\t\t\t\t\t\t\t\t\t\t\t\t\t\t\t<img decoding=\"async\" width=\"2560\" height=\"2560\" src=\"https:\/\/doscarasprod.com\/wp-content\/uploads\/2023\/07\/Obra-sin-fondo1-1-scaled.jpg\" class=\"attachment-full size-full wp-image-5170\" alt=\"\" srcset=\"https:\/\/doscarasprod.com\/wp-content\/uploads\/2023\/07\/Obra-sin-fondo1-1-scaled.jpg 2560w, https:\/\/doscarasprod.com\/wp-content\/uploads\/2023\/07\/Obra-sin-fondo1-1-300x300.jpg 300w, https:\/\/doscarasprod.com\/wp-content\/uploads\/2023\/07\/Obra-sin-fondo1-1-1024x1024.jpg 1024w, https:\/\/doscarasprod.com\/wp-content\/uploads\/2023\/07\/Obra-sin-fondo1-1-150x150.jpg 150w, https:\/\/doscarasprod.com\/wp-content\/uploads\/2023\/07\/Obra-sin-fondo1-1-768x768.jpg 768w, https:\/\/doscarasprod.com\/wp-content\/uploads\/2023\/07\/Obra-sin-fondo1-1-1536x1536.jpg 1536w, https:\/\/doscarasprod.com\/wp-content\/uploads\/2023\/07\/Obra-sin-fondo1-1-2048x2048.jpg 2048w, https:\/\/doscarasprod.com\/wp-content\/uploads\/2023\/07\/Obra-sin-fondo1-1-600x600.jpg 600w, https:\/\/doscarasprod.com\/wp-content\/uploads\/2023\/07\/Obra-sin-fondo1-1-100x100.jpg 100w\" sizes=\"(max-width: 2560px) 100vw, 2560px\" \/>\t\t\t\t\t\t\t\t\t\t\t\t\t\t\t<\/div>\n\t\t\t\t<\/div>\n\t\t\t\t<div class=\"elementor-element elementor-element-52561e66 elementor-widget elementor-widget-text-editor\" data-id=\"52561e66\" data-element_type=\"widget\" data-widget_type=\"text-editor.default\">\n\t\t\t\t<div class=\"elementor-widget-container\">\n\t\t\t\t\t\t\t\t\t<p>\u201c\u00daltimo Rayo de Sol\u201d<\/p><p>11 x 14 pulgadas<\/p><p>Ilellan | IG: @ilellan_15<\/p><p>2023<\/p><p>Fotograf\u00eda impresa<\/p><p>El \u00faltimo rayo de sol del d\u00eda me hace sentir la luz y la oscuridad al mismo tiempo, una sensaci\u00f3n que neutraliza mis preocupaciones despu\u00e9s de un d\u00eda pesado y me da la paz para tener un buen descanso por la noche.<\/p>\t\t\t\t\t\t\t\t<\/div>\n\t\t\t\t<\/div>\n\t\t\t\t\t<\/div>\n\t\t<\/div>\n\t\t\t\t\t<\/div>\n\t\t<\/section>\n\t\t\t\t<section class=\"elementor-section elementor-top-section elementor-element elementor-element-2abba1b elementor-section-boxed elementor-section-height-default elementor-section-height-default\" data-id=\"2abba1b\" data-element_type=\"section\">\n\t\t\t\t\t\t<div class=\"elementor-container elementor-column-gap-default\">\n\t\t\t\t\t<div class=\"elementor-column elementor-col-100 elementor-top-column elementor-element elementor-element-fa73bb3\" data-id=\"fa73bb3\" data-element_type=\"column\">\n\t\t\t<div class=\"elementor-widget-wrap elementor-element-populated\">\n\t\t\t\t\t\t<div class=\"elementor-element elementor-element-743c29cc elementor-widget-divider--view-line elementor-widget elementor-widget-divider\" data-id=\"743c29cc\" data-element_type=\"widget\" data-widget_type=\"divider.default\">\n\t\t\t\t<div class=\"elementor-widget-container\">\n\t\t\t\t\t\t\t<div class=\"elementor-divider\">\n\t\t\t<span class=\"elementor-divider-separator\">\n\t\t\t\t\t\t<\/span>\n\t\t<\/div>\n\t\t\t\t\t\t<\/div>\n\t\t\t\t<\/div>\n\t\t\t\t\t<\/div>\n\t\t<\/div>\n\t\t\t\t\t<\/div>\n\t\t<\/section>\n\t\t\t\t<section class=\"elementor-section elementor-top-section elementor-element elementor-element-677da53a elementor-section-stretched elementor-section-boxed elementor-section-height-default elementor-section-height-default elementor-invisible\" data-id=\"677da53a\" data-element_type=\"section\" data-settings=\"{&quot;stretch_section&quot;:&quot;section-stretched&quot;,&quot;animation&quot;:&quot;fadeIn&quot;}\">\n\t\t\t\t\t\t<div class=\"elementor-container elementor-column-gap-no\">\n\t\t\t\t\t<div class=\"elementor-column elementor-col-100 elementor-top-column elementor-element elementor-element-8996701\" data-id=\"8996701\" data-element_type=\"column\">\n\t\t\t<div class=\"elementor-widget-wrap elementor-element-populated\">\n\t\t\t\t\t\t<div class=\"elementor-element elementor-element-7dcc3ed3 elementor-widget__width-initial elementor-widget-mobile__width-initial elementor-widget elementor-widget-video\" data-id=\"7dcc3ed3\" data-element_type=\"widget\" data-settings=\"{&quot;youtube_url&quot;:&quot;https:\\\/\\\/youtu.be\\\/Z5o_7KThaNg&quot;,&quot;autoplay&quot;:&quot;yes&quot;,&quot;play_on_mobile&quot;:&quot;yes&quot;,&quot;mute&quot;:&quot;yes&quot;,&quot;video_type&quot;:&quot;youtube&quot;,&quot;controls&quot;:&quot;yes&quot;}\" data-widget_type=\"video.default\">\n\t\t\t\t<div class=\"elementor-widget-container\">\n\t\t\t\t\t\t\t<div class=\"elementor-wrapper elementor-open-inline\">\n\t\t\t<div class=\"elementor-video\"><\/div>\t\t<\/div>\n\t\t\t\t\t\t<\/div>\n\t\t\t\t<\/div>\n\t\t\t\t<div class=\"elementor-element elementor-element-fe5e832 elementor-widget__width-initial elementor-widget-mobile__width-initial elementor-widget elementor-widget-image\" data-id=\"fe5e832\" data-element_type=\"widget\" data-widget_type=\"image.default\">\n\t\t\t\t<div class=\"elementor-widget-container\">\n\t\t\t\t\t\t\t\t\t\t\t\t\t\t\t<img loading=\"lazy\" decoding=\"async\" width=\"1024\" height=\"1024\" src=\"https:\/\/doscarasprod.com\/wp-content\/uploads\/2023\/07\/Luz-y-oscuridad-logo-sin-letra-1-1024x1024.jpg\" class=\"attachment-large size-large wp-image-5018\" alt=\"\" srcset=\"https:\/\/doscarasprod.com\/wp-content\/uploads\/2023\/07\/Luz-y-oscuridad-logo-sin-letra-1-1024x1024.jpg 1024w, https:\/\/doscarasprod.com\/wp-content\/uploads\/2023\/07\/Luz-y-oscuridad-logo-sin-letra-1-300x300.jpg 300w, https:\/\/doscarasprod.com\/wp-content\/uploads\/2023\/07\/Luz-y-oscuridad-logo-sin-letra-1-150x150.jpg 150w, https:\/\/doscarasprod.com\/wp-content\/uploads\/2023\/07\/Luz-y-oscuridad-logo-sin-letra-1-768x768.jpg 768w, https:\/\/doscarasprod.com\/wp-content\/uploads\/2023\/07\/Luz-y-oscuridad-logo-sin-letra-1-1536x1536.jpg 1536w, https:\/\/doscarasprod.com\/wp-content\/uploads\/2023\/07\/Luz-y-oscuridad-logo-sin-letra-1-600x600.jpg 600w, https:\/\/doscarasprod.com\/wp-content\/uploads\/2023\/07\/Luz-y-oscuridad-logo-sin-letra-1-100x100.jpg 100w, https:\/\/doscarasprod.com\/wp-content\/uploads\/2023\/07\/Luz-y-oscuridad-logo-sin-letra-1.jpg 2000w\" sizes=\"(max-width: 1024px) 100vw, 1024px\" \/>\t\t\t\t\t\t\t\t\t\t\t\t\t\t\t<\/div>\n\t\t\t\t<\/div>\n\t\t\t\t\t<\/div>\n\t\t<\/div>\n\t\t\t\t\t<\/div>\n\t\t<\/section>\n\t\t\t\t<section class=\"elementor-section elementor-top-section elementor-element elementor-element-65338a51 elementor-section-boxed elementor-section-height-default elementor-section-height-default\" data-id=\"65338a51\" data-element_type=\"section\">\n\t\t\t\t\t\t<div class=\"elementor-container elementor-column-gap-default\">\n\t\t\t\t\t<div class=\"elementor-column elementor-col-100 elementor-top-column elementor-element elementor-element-1cc20fc4\" data-id=\"1cc20fc4\" data-element_type=\"column\">\n\t\t\t<div class=\"elementor-widget-wrap elementor-element-populated\">\n\t\t\t\t\t\t<div class=\"elementor-element elementor-element-46ac7014 elementor-widget-divider--view-line elementor-widget elementor-widget-divider\" data-id=\"46ac7014\" data-element_type=\"widget\" data-widget_type=\"divider.default\">\n\t\t\t\t<div class=\"elementor-widget-container\">\n\t\t\t\t\t\t\t<div class=\"elementor-divider\">\n\t\t\t<span class=\"elementor-divider-separator\">\n\t\t\t\t\t\t<\/span>\n\t\t<\/div>\n\t\t\t\t\t\t<\/div>\n\t\t\t\t<\/div>\n\t\t\t\t\t<\/div>\n\t\t<\/div>\n\t\t\t\t\t<\/div>\n\t\t<\/section>\n\t\t\t\t<section class=\"elementor-section elementor-top-section elementor-element elementor-element-12393de0 elementor-section-boxed elementor-section-height-default elementor-section-height-default elementor-invisible\" data-id=\"12393de0\" data-element_type=\"section\" data-settings=\"{&quot;animation&quot;:&quot;fadeInUp&quot;}\">\n\t\t\t\t\t\t<div class=\"elementor-container elementor-column-gap-default\">\n\t\t\t\t\t<div class=\"elementor-column elementor-col-100 elementor-top-column elementor-element elementor-element-799b07db\" data-id=\"799b07db\" data-element_type=\"column\">\n\t\t\t<div class=\"elementor-widget-wrap elementor-element-populated\">\n\t\t\t\t\t\t<div class=\"elementor-element elementor-element-5242e036 elementor-position-left elementor-vertical-align-top elementor-widget elementor-widget-image-box\" data-id=\"5242e036\" data-element_type=\"widget\" data-widget_type=\"image-box.default\">\n\t\t\t\t<div class=\"elementor-widget-container\">\n\t\t\t\t\t<div class=\"elementor-image-box-wrapper\"><figure class=\"elementor-image-box-img\"><img loading=\"lazy\" decoding=\"async\" width=\"1024\" height=\"1024\" src=\"https:\/\/doscarasprod.com\/wp-content\/uploads\/2023\/07\/Luz-y-oscuridad-logo-sin-letra-1-1024x1024.jpg\" class=\"elementor-animation-grow attachment-large size-large wp-image-5018\" alt=\"\" srcset=\"https:\/\/doscarasprod.com\/wp-content\/uploads\/2023\/07\/Luz-y-oscuridad-logo-sin-letra-1-1024x1024.jpg 1024w, https:\/\/doscarasprod.com\/wp-content\/uploads\/2023\/07\/Luz-y-oscuridad-logo-sin-letra-1-300x300.jpg 300w, https:\/\/doscarasprod.com\/wp-content\/uploads\/2023\/07\/Luz-y-oscuridad-logo-sin-letra-1-150x150.jpg 150w, https:\/\/doscarasprod.com\/wp-content\/uploads\/2023\/07\/Luz-y-oscuridad-logo-sin-letra-1-768x768.jpg 768w, https:\/\/doscarasprod.com\/wp-content\/uploads\/2023\/07\/Luz-y-oscuridad-logo-sin-letra-1-1536x1536.jpg 1536w, https:\/\/doscarasprod.com\/wp-content\/uploads\/2023\/07\/Luz-y-oscuridad-logo-sin-letra-1-600x600.jpg 600w, https:\/\/doscarasprod.com\/wp-content\/uploads\/2023\/07\/Luz-y-oscuridad-logo-sin-letra-1-100x100.jpg 100w, https:\/\/doscarasprod.com\/wp-content\/uploads\/2023\/07\/Luz-y-oscuridad-logo-sin-letra-1.jpg 2000w\" sizes=\"(max-width: 1024px) 100vw, 1024px\" \/><\/figure><div class=\"elementor-image-box-content\"><h3 class=\"elementor-image-box-title\">Fatima Nalleli<\/h3><p class=\"elementor-image-box-description\">Hola, soy Ilellan una artista que a\u00fan est\u00e1 en busca de su estilo. Estudi\u00e9 Ing. En Animaci\u00f3n y Efectos Visuales en la Universidad Polit\u00e9cnica de Santa Rosa J\u00e1uregui, aprend\u00ed a dibujar digitalmente, es algo que me ha gustado mucho en particular y he trabajado para mejorar mi t\u00e9cnica. Mi meta es especializarme en aplicaci\u00f3n de luces y sombras para darle un aspecto diferente a mis obras.\nEsta ser\u00e1 mi primera vez en una exposici\u00f3n de arte, estoy un poco nerviosa aun no me siento lista para dar este paso, pero no quiero desaprovechar la oportunidad de retarme a enfrentar este reto que me har\u00e1 crecer como artista. Si a\u00fan tienes dudas sobre si dar un paso importante en tu vida no vivas del que dir\u00e1n, a veces solo tienes que hacer las cosas sin pensar en los dem\u00e1s, ser valiente no significa dejar de tener miedo sino enfrentar las cosas, aunque tengas dudas.\n<\/p><\/div><\/div>\t\t\t\t<\/div>\n\t\t\t\t<\/div>\n\t\t\t\t\t<\/div>\n\t\t<\/div>\n\t\t\t\t\t<\/div>\n\t\t<\/section>\n\t\t\t\t<\/div>\n\t\t","protected":false},"excerpt":{"rendered":"<p>&#8220;Tranquilidad&#8221; 20 x 35 pulgadas Ilellan | IG: @ilellan_15 2023 Dibujo Digital Impreso \u00a0 La obra en la que he trabajado se titula \u201cTranquilidad\u201d mi objetivo es que las personas que vean el dibujo puedan tener una sensaci\u00f3n de tranquilidad y paz, as\u00ed como lo siento yo cuando esta finalizando el d\u00eda, observar el atardecer [&hellip;]<\/p>\n","protected":false},"author":1,"featured_media":0,"parent":0,"menu_order":0,"comment_status":"closed","ping_status":"closed","template":"","meta":{"om_disable_all_campaigns":false,"_monsterinsights_skip_tracking":false,"_monsterinsights_sitenote_active":false,"_monsterinsights_sitenote_note":"","_monsterinsights_sitenote_category":0,"footnotes":""},"class_list":["post-4945","page","type-page","status-publish","hentry"],"aioseo_notices":[],"_links":{"self":[{"href":"https:\/\/doscarasprod.com\/index.php\/wp-json\/wp\/v2\/pages\/4945","targetHints":{"allow":["GET"]}}],"collection":[{"href":"https:\/\/doscarasprod.com\/index.php\/wp-json\/wp\/v2\/pages"}],"about":[{"href":"https:\/\/doscarasprod.com\/index.php\/wp-json\/wp\/v2\/types\/page"}],"author":[{"embeddable":true,"href":"https:\/\/doscarasprod.com\/index.php\/wp-json\/wp\/v2\/users\/1"}],"replies":[{"embeddable":true,"href":"https:\/\/doscarasprod.com\/index.php\/wp-json\/wp\/v2\/comments?post=4945"}],"version-history":[{"count":17,"href":"https:\/\/doscarasprod.com\/index.php\/wp-json\/wp\/v2\/pages\/4945\/revisions"}],"predecessor-version":[{"id":5174,"href":"https:\/\/doscarasprod.com\/index.php\/wp-json\/wp\/v2\/pages\/4945\/revisions\/5174"}],"wp:attachment":[{"href":"https:\/\/doscarasprod.com\/index.php\/wp-json\/wp\/v2\/media?parent=4945"}],"curies":[{"name":"wp","href":"https:\/\/api.w.org\/{rel}","templated":true}]}}