{"id":4940,"date":"2023-07-06T05:56:36","date_gmt":"2023-07-06T05:56:36","guid":{"rendered":"https:\/\/doscarasprod.com\/?page_id=4940"},"modified":"2023-07-16T02:18:12","modified_gmt":"2023-07-16T02:18:12","slug":"luzyoscuridad-caeqro","status":"publish","type":"page","link":"https:\/\/doscarasprod.com\/index.php\/luzyoscuridad-caeqro\/","title":{"rendered":"Centro de Arte Emergente Quer\u00e9taro"},"content":{"rendered":"\t\t<div data-elementor-type=\"wp-page\" data-elementor-id=\"4940\" class=\"elementor elementor-4940\">\n\t\t\t\t\t\t<section class=\"elementor-section elementor-top-section elementor-element elementor-element-69ca421 elementor-section-boxed elementor-section-height-default elementor-section-height-default\" data-id=\"69ca421\" data-element_type=\"section\">\n\t\t\t\t\t\t<div class=\"elementor-container elementor-column-gap-default\">\n\t\t\t\t\t<div class=\"elementor-column elementor-col-100 elementor-top-column elementor-element elementor-element-60c41197\" data-id=\"60c41197\" data-element_type=\"column\">\n\t\t\t<div class=\"elementor-widget-wrap elementor-element-populated\">\n\t\t\t\t\t\t<div class=\"elementor-element elementor-element-5149399d elementor-widget-mobile__width-initial elementor-invisible elementor-widget elementor-widget-image\" data-id=\"5149399d\" data-element_type=\"widget\" data-settings=\"{&quot;_animation&quot;:&quot;fadeIn&quot;}\" data-widget_type=\"image.default\">\n\t\t\t\t<div class=\"elementor-widget-container\">\n\t\t\t\t\t\t\t\t\t\t\t\t\t\t\t<img fetchpriority=\"high\" decoding=\"async\" width=\"1024\" height=\"576\" src=\"https:\/\/doscarasprod.com\/wp-content\/uploads\/2023\/07\/portada-LyO-3-1024x576.jpg\" class=\"attachment-large size-large wp-image-4876\" alt=\"\" srcset=\"https:\/\/doscarasprod.com\/wp-content\/uploads\/2023\/07\/portada-LyO-3-1024x576.jpg 1024w, https:\/\/doscarasprod.com\/wp-content\/uploads\/2023\/07\/portada-LyO-3-300x169.jpg 300w, https:\/\/doscarasprod.com\/wp-content\/uploads\/2023\/07\/portada-LyO-3-768x432.jpg 768w, https:\/\/doscarasprod.com\/wp-content\/uploads\/2023\/07\/portada-LyO-3-1536x864.jpg 1536w, https:\/\/doscarasprod.com\/wp-content\/uploads\/2023\/07\/portada-LyO-3-2048x1152.jpg 2048w, https:\/\/doscarasprod.com\/wp-content\/uploads\/2023\/07\/portada-LyO-3-600x338.jpg 600w\" sizes=\"(max-width: 1024px) 100vw, 1024px\" \/>\t\t\t\t\t\t\t\t\t\t\t\t\t\t\t<\/div>\n\t\t\t\t<\/div>\n\t\t\t\t<div class=\"elementor-element elementor-element-cc672d5 elementor-widget-mobile__width-initial elementor-invisible elementor-widget elementor-widget-image\" data-id=\"cc672d5\" data-element_type=\"widget\" data-settings=\"{&quot;_animation&quot;:&quot;fadeIn&quot;}\" data-widget_type=\"image.default\">\n\t\t\t\t<div class=\"elementor-widget-container\">\n\t\t\t\t\t\t\t\t\t\t\t\t\t\t\t<img decoding=\"async\" width=\"1024\" height=\"1024\" src=\"https:\/\/doscarasprod.com\/wp-content\/uploads\/2023\/07\/CAE-Qro-1024x1024.png\" class=\"attachment-large size-large wp-image-4985\" alt=\"\" srcset=\"https:\/\/doscarasprod.com\/wp-content\/uploads\/2023\/07\/CAE-Qro-1024x1024.png 1024w, https:\/\/doscarasprod.com\/wp-content\/uploads\/2023\/07\/CAE-Qro-300x300.png 300w, https:\/\/doscarasprod.com\/wp-content\/uploads\/2023\/07\/CAE-Qro-150x150.png 150w, https:\/\/doscarasprod.com\/wp-content\/uploads\/2023\/07\/CAE-Qro-768x768.png 768w, https:\/\/doscarasprod.com\/wp-content\/uploads\/2023\/07\/CAE-Qro-1536x1536.png 1536w, https:\/\/doscarasprod.com\/wp-content\/uploads\/2023\/07\/CAE-Qro-600x600.png 600w, https:\/\/doscarasprod.com\/wp-content\/uploads\/2023\/07\/CAE-Qro-100x100.png 100w, https:\/\/doscarasprod.com\/wp-content\/uploads\/2023\/07\/CAE-Qro.png 2048w\" sizes=\"(max-width: 1024px) 100vw, 1024px\" \/>\t\t\t\t\t\t\t\t\t\t\t\t\t\t\t<\/div>\n\t\t\t\t<\/div>\n\t\t\t\t<div class=\"elementor-element elementor-element-24540adc elementor-widget-divider--view-line elementor-widget elementor-widget-divider\" data-id=\"24540adc\" data-element_type=\"widget\" data-widget_type=\"divider.default\">\n\t\t\t\t<div class=\"elementor-widget-container\">\n\t\t\t\t\t\t\t<div class=\"elementor-divider\">\n\t\t\t<span class=\"elementor-divider-separator\">\n\t\t\t\t\t\t<\/span>\n\t\t<\/div>\n\t\t\t\t\t\t<\/div>\n\t\t\t\t<\/div>\n\t\t\t\t<div class=\"elementor-element elementor-element-3ec4f5dc elementor-widget__width-initial elementor-widget-mobile__width-initial elementor-invisible elementor-widget elementor-widget-image\" data-id=\"3ec4f5dc\" data-element_type=\"widget\" data-settings=\"{&quot;_animation&quot;:&quot;flash&quot;}\" data-widget_type=\"image.default\">\n\t\t\t\t<div class=\"elementor-widget-container\">\n\t\t\t\t\t\t\t\t\t\t\t\t\t\t\t<img decoding=\"async\" width=\"2560\" height=\"2560\" src=\"https:\/\/doscarasprod.com\/wp-content\/uploads\/2023\/07\/Obra-sin-fondo1-scaled.jpg\" class=\"attachment-full size-full wp-image-5160\" alt=\"\" srcset=\"https:\/\/doscarasprod.com\/wp-content\/uploads\/2023\/07\/Obra-sin-fondo1-scaled.jpg 2560w, https:\/\/doscarasprod.com\/wp-content\/uploads\/2023\/07\/Obra-sin-fondo1-300x300.jpg 300w, https:\/\/doscarasprod.com\/wp-content\/uploads\/2023\/07\/Obra-sin-fondo1-1024x1024.jpg 1024w, https:\/\/doscarasprod.com\/wp-content\/uploads\/2023\/07\/Obra-sin-fondo1-150x150.jpg 150w, https:\/\/doscarasprod.com\/wp-content\/uploads\/2023\/07\/Obra-sin-fondo1-768x768.jpg 768w, https:\/\/doscarasprod.com\/wp-content\/uploads\/2023\/07\/Obra-sin-fondo1-1536x1536.jpg 1536w, https:\/\/doscarasprod.com\/wp-content\/uploads\/2023\/07\/Obra-sin-fondo1-2048x2048.jpg 2048w, https:\/\/doscarasprod.com\/wp-content\/uploads\/2023\/07\/Obra-sin-fondo1-600x600.jpg 600w, https:\/\/doscarasprod.com\/wp-content\/uploads\/2023\/07\/Obra-sin-fondo1-100x100.jpg 100w\" sizes=\"(max-width: 2560px) 100vw, 2560px\" \/>\t\t\t\t\t\t\t\t\t\t\t\t\t\t\t<\/div>\n\t\t\t\t<\/div>\n\t\t\t\t<div class=\"elementor-element elementor-element-4dab2dce elementor-widget elementor-widget-text-editor\" data-id=\"4dab2dce\" data-element_type=\"widget\" data-widget_type=\"text-editor.default\">\n\t\t\t\t<div class=\"elementor-widget-container\">\n\t\t\t\t\t\t\t\t\t<p>&#8220;\u00bfA cu\u00e1nto el cigarro?&#8221;<\/p><p>100 x 120 cm<\/p><p>Frida Salgado<\/p><p>2023<\/p><p>\u00d3leo sobre tela<\/p><p>La costumbre de ver los puestos en la calle de la ciudad se rompe al encontrar uno en un bosque oscuro. \u00bfA<br \/>qu\u00e9 personas le vendes dulces en un bosque? Lo mundano de la humanidad choca con lo org\u00e1nico de la<br \/>naturaleza.<br \/>Me inspir\u00e9 en buscar el contraste de la vida urbana con la naturaleza, en el ver c\u00f3mo es que las cosas que<br \/>construimos pierden sentido en el mundo natural.<\/p>\t\t\t\t\t\t\t\t<\/div>\n\t\t\t\t<\/div>\n\t\t\t\t\t<\/div>\n\t\t<\/div>\n\t\t\t\t\t<\/div>\n\t\t<\/section>\n\t\t\t\t<section class=\"elementor-section elementor-top-section elementor-element elementor-element-331cb472 elementor-section-boxed elementor-section-height-default elementor-section-height-default\" data-id=\"331cb472\" data-element_type=\"section\">\n\t\t\t\t\t\t<div class=\"elementor-container elementor-column-gap-default\">\n\t\t\t\t\t<div class=\"elementor-column elementor-col-100 elementor-top-column elementor-element elementor-element-4a67fe0b\" data-id=\"4a67fe0b\" data-element_type=\"column\">\n\t\t\t<div class=\"elementor-widget-wrap elementor-element-populated\">\n\t\t\t\t\t\t<div class=\"elementor-element elementor-element-21d353f0 elementor-widget-divider--view-line elementor-widget elementor-widget-divider\" data-id=\"21d353f0\" data-element_type=\"widget\" data-widget_type=\"divider.default\">\n\t\t\t\t<div class=\"elementor-widget-container\">\n\t\t\t\t\t\t\t<div class=\"elementor-divider\">\n\t\t\t<span class=\"elementor-divider-separator\">\n\t\t\t\t\t\t<\/span>\n\t\t<\/div>\n\t\t\t\t\t\t<\/div>\n\t\t\t\t<\/div>\n\t\t\t\t<div class=\"elementor-element elementor-element-1446a91b elementor-widget__width-initial elementor-invisible elementor-widget elementor-widget-image\" data-id=\"1446a91b\" data-element_type=\"widget\" data-settings=\"{&quot;_animation&quot;:&quot;flash&quot;}\" data-widget_type=\"image.default\">\n\t\t\t\t<div class=\"elementor-widget-container\">\n\t\t\t\t\t\t\t\t\t\t\t\t\t\t\t<img loading=\"lazy\" decoding=\"async\" width=\"2560\" height=\"2560\" src=\"https:\/\/doscarasprod.com\/wp-content\/uploads\/2023\/07\/Obra-sin-fondo-3-scaled.jpg\" class=\"attachment-full size-full wp-image-5161\" alt=\"\" srcset=\"https:\/\/doscarasprod.com\/wp-content\/uploads\/2023\/07\/Obra-sin-fondo-3-scaled.jpg 2560w, https:\/\/doscarasprod.com\/wp-content\/uploads\/2023\/07\/Obra-sin-fondo-3-300x300.jpg 300w, https:\/\/doscarasprod.com\/wp-content\/uploads\/2023\/07\/Obra-sin-fondo-3-1024x1024.jpg 1024w, https:\/\/doscarasprod.com\/wp-content\/uploads\/2023\/07\/Obra-sin-fondo-3-150x150.jpg 150w, https:\/\/doscarasprod.com\/wp-content\/uploads\/2023\/07\/Obra-sin-fondo-3-768x768.jpg 768w, https:\/\/doscarasprod.com\/wp-content\/uploads\/2023\/07\/Obra-sin-fondo-3-1536x1536.jpg 1536w, https:\/\/doscarasprod.com\/wp-content\/uploads\/2023\/07\/Obra-sin-fondo-3-2048x2048.jpg 2048w, https:\/\/doscarasprod.com\/wp-content\/uploads\/2023\/07\/Obra-sin-fondo-3-600x600.jpg 600w, https:\/\/doscarasprod.com\/wp-content\/uploads\/2023\/07\/Obra-sin-fondo-3-100x100.jpg 100w\" sizes=\"(max-width: 2560px) 100vw, 2560px\" \/>\t\t\t\t\t\t\t\t\t\t\t\t\t\t\t<\/div>\n\t\t\t\t<\/div>\n\t\t\t\t<div class=\"elementor-element elementor-element-774980af elementor-widget elementor-widget-text-editor\" data-id=\"774980af\" data-element_type=\"widget\" data-widget_type=\"text-editor.default\">\n\t\t\t\t<div class=\"elementor-widget-container\">\n\t\t\t\t\t\t\t\t\t<p><span style=\"font-size: var(--wp--preset--font-size--medium);\">&#8220;Toros y luna rosa&#8221;<\/span><\/p><p><span style=\"font-size: var(--wp--preset--font-size--medium);\">80 x 100 cm<\/span><\/p><p>Dante Carro<\/p><p>2023<\/p><p>Acr\u00edlico sobre tela<\/p><p>Segunda obra de la nueva colecci\u00f3n del a\u00f1o 2023, en esta nueve serie de colecci\u00f3n representar\u00e9 mis toros en<br \/>tonos alegres y met\u00e1licos, ahora la obra se describe en un reba\u00f1o que descansa bajo la luz de la luna rosa, le<br \/>da una atm\u00f3sfera m\u00edstica a la obra.<\/p>\t\t\t\t\t\t\t\t<\/div>\n\t\t\t\t<\/div>\n\t\t\t\t\t<\/div>\n\t\t<\/div>\n\t\t\t\t\t<\/div>\n\t\t<\/section>\n\t\t\t\t<section class=\"elementor-section elementor-top-section elementor-element elementor-element-76d70445 elementor-section-boxed elementor-section-height-default elementor-section-height-default\" data-id=\"76d70445\" data-element_type=\"section\">\n\t\t\t\t\t\t<div class=\"elementor-container elementor-column-gap-default\">\n\t\t\t\t\t<div class=\"elementor-column elementor-col-100 elementor-top-column elementor-element elementor-element-6ec6f342\" data-id=\"6ec6f342\" data-element_type=\"column\">\n\t\t\t<div class=\"elementor-widget-wrap elementor-element-populated\">\n\t\t\t\t\t\t<div class=\"elementor-element elementor-element-69e37efe elementor-widget-divider--view-line elementor-widget elementor-widget-divider\" data-id=\"69e37efe\" data-element_type=\"widget\" data-widget_type=\"divider.default\">\n\t\t\t\t<div class=\"elementor-widget-container\">\n\t\t\t\t\t\t\t<div class=\"elementor-divider\">\n\t\t\t<span class=\"elementor-divider-separator\">\n\t\t\t\t\t\t<\/span>\n\t\t<\/div>\n\t\t\t\t\t\t<\/div>\n\t\t\t\t<\/div>\n\t\t\t\t\t<\/div>\n\t\t<\/div>\n\t\t\t\t\t<\/div>\n\t\t<\/section>\n\t\t\t\t<section class=\"elementor-section elementor-top-section elementor-element elementor-element-536b5dc elementor-section-boxed elementor-section-height-default elementor-section-height-default\" data-id=\"536b5dc\" data-element_type=\"section\">\n\t\t\t\t\t\t<div class=\"elementor-container elementor-column-gap-default\">\n\t\t\t\t\t<div class=\"elementor-column elementor-col-100 elementor-top-column elementor-element elementor-element-f744376\" data-id=\"f744376\" data-element_type=\"column\">\n\t\t\t<div class=\"elementor-widget-wrap elementor-element-populated\">\n\t\t\t\t\t\t<div class=\"elementor-element elementor-element-2e8e4bc elementor-widget elementor-widget-heading\" data-id=\"2e8e4bc\" data-element_type=\"widget\" data-widget_type=\"heading.default\">\n\t\t\t\t<div class=\"elementor-widget-container\">\n\t\t\t\t\t<h2 class=\"elementor-heading-title elementor-size-default\">Santiago Diez - Director del CAE Quer\u00e9taro<\/h2>\t\t\t\t<\/div>\n\t\t\t\t<\/div>\n\t\t\t\t\t<\/div>\n\t\t<\/div>\n\t\t\t\t\t<\/div>\n\t\t<\/section>\n\t\t\t\t<section class=\"elementor-section elementor-top-section elementor-element elementor-element-62957072 elementor-section-stretched elementor-section-boxed elementor-section-height-default elementor-section-height-default elementor-invisible\" data-id=\"62957072\" data-element_type=\"section\" data-settings=\"{&quot;stretch_section&quot;:&quot;section-stretched&quot;,&quot;animation&quot;:&quot;fadeIn&quot;}\">\n\t\t\t\t\t\t<div class=\"elementor-container elementor-column-gap-no\">\n\t\t\t\t\t<div class=\"elementor-column elementor-col-100 elementor-top-column elementor-element elementor-element-8ca438a\" data-id=\"8ca438a\" data-element_type=\"column\">\n\t\t\t<div class=\"elementor-widget-wrap elementor-element-populated\">\n\t\t\t\t\t\t<div class=\"elementor-element elementor-element-83e2751 elementor-widget__width-initial elementor-widget-mobile__width-initial elementor-widget elementor-widget-video\" data-id=\"83e2751\" data-element_type=\"widget\" data-settings=\"{&quot;youtube_url&quot;:&quot;https:\\\/\\\/youtu.be\\\/H4oXMOD-7cc&quot;,&quot;autoplay&quot;:&quot;yes&quot;,&quot;play_on_mobile&quot;:&quot;yes&quot;,&quot;mute&quot;:&quot;yes&quot;,&quot;video_type&quot;:&quot;youtube&quot;,&quot;controls&quot;:&quot;yes&quot;}\" data-widget_type=\"video.default\">\n\t\t\t\t<div class=\"elementor-widget-container\">\n\t\t\t\t\t\t\t<div class=\"elementor-wrapper elementor-open-inline\">\n\t\t\t<div class=\"elementor-video\"><\/div>\t\t<\/div>\n\t\t\t\t\t\t<\/div>\n\t\t\t\t<\/div>\n\t\t\t\t<div class=\"elementor-element elementor-element-2ab29b31 elementor-widget__width-initial elementor-widget-mobile__width-initial elementor-widget elementor-widget-image\" data-id=\"2ab29b31\" data-element_type=\"widget\" data-widget_type=\"image.default\">\n\t\t\t\t<div class=\"elementor-widget-container\">\n\t\t\t\t\t\t\t\t\t\t\t\t\t\t\t<img loading=\"lazy\" decoding=\"async\" width=\"683\" height=\"1024\" src=\"https:\/\/doscarasprod.com\/wp-content\/uploads\/2023\/07\/IMG_6037-683x1024.jpg\" class=\"attachment-large size-large wp-image-5165\" alt=\"\" srcset=\"https:\/\/doscarasprod.com\/wp-content\/uploads\/2023\/07\/IMG_6037-683x1024.jpg 683w, https:\/\/doscarasprod.com\/wp-content\/uploads\/2023\/07\/IMG_6037-200x300.jpg 200w, https:\/\/doscarasprod.com\/wp-content\/uploads\/2023\/07\/IMG_6037-768x1152.jpg 768w, https:\/\/doscarasprod.com\/wp-content\/uploads\/2023\/07\/IMG_6037-1024x1536.jpg 1024w, https:\/\/doscarasprod.com\/wp-content\/uploads\/2023\/07\/IMG_6037-1365x2048.jpg 1365w, https:\/\/doscarasprod.com\/wp-content\/uploads\/2023\/07\/IMG_6037-600x900.jpg 600w, https:\/\/doscarasprod.com\/wp-content\/uploads\/2023\/07\/IMG_6037.jpg 1600w\" sizes=\"(max-width: 683px) 100vw, 683px\" \/>\t\t\t\t\t\t\t\t\t\t\t\t\t\t\t<\/div>\n\t\t\t\t<\/div>\n\t\t\t\t\t<\/div>\n\t\t<\/div>\n\t\t\t\t\t<\/div>\n\t\t<\/section>\n\t\t\t\t<section class=\"elementor-section elementor-top-section elementor-element elementor-element-38747489 elementor-section-boxed elementor-section-height-default elementor-section-height-default\" data-id=\"38747489\" data-element_type=\"section\">\n\t\t\t\t\t\t<div class=\"elementor-container elementor-column-gap-default\">\n\t\t\t\t\t<div class=\"elementor-column elementor-col-100 elementor-top-column elementor-element elementor-element-3fa50319\" data-id=\"3fa50319\" data-element_type=\"column\">\n\t\t\t<div class=\"elementor-widget-wrap elementor-element-populated\">\n\t\t\t\t\t\t<div class=\"elementor-element elementor-element-6b7dd1e2 elementor-widget-divider--view-line elementor-widget elementor-widget-divider\" data-id=\"6b7dd1e2\" data-element_type=\"widget\" data-widget_type=\"divider.default\">\n\t\t\t\t<div class=\"elementor-widget-container\">\n\t\t\t\t\t\t\t<div class=\"elementor-divider\">\n\t\t\t<span class=\"elementor-divider-separator\">\n\t\t\t\t\t\t<\/span>\n\t\t<\/div>\n\t\t\t\t\t\t<\/div>\n\t\t\t\t<\/div>\n\t\t\t\t\t<\/div>\n\t\t<\/div>\n\t\t\t\t\t<\/div>\n\t\t<\/section>\n\t\t\t\t<section class=\"elementor-section elementor-top-section elementor-element elementor-element-5c9197c3 elementor-section-boxed elementor-section-height-default elementor-section-height-default elementor-invisible\" data-id=\"5c9197c3\" data-element_type=\"section\" data-settings=\"{&quot;animation&quot;:&quot;fadeInUp&quot;}\">\n\t\t\t\t\t\t<div class=\"elementor-container elementor-column-gap-default\">\n\t\t\t\t\t<div class=\"elementor-column elementor-col-100 elementor-top-column elementor-element elementor-element-6b527404\" data-id=\"6b527404\" data-element_type=\"column\">\n\t\t\t<div class=\"elementor-widget-wrap elementor-element-populated\">\n\t\t\t\t\t\t<div class=\"elementor-element elementor-element-6c98fc35 elementor-position-left elementor-vertical-align-top elementor-widget elementor-widget-image-box\" data-id=\"6c98fc35\" data-element_type=\"widget\" data-widget_type=\"image-box.default\">\n\t\t\t\t<div class=\"elementor-widget-container\">\n\t\t\t\t\t<div class=\"elementor-image-box-wrapper\"><figure class=\"elementor-image-box-img\"><img loading=\"lazy\" decoding=\"async\" width=\"1024\" height=\"1024\" src=\"https:\/\/doscarasprod.com\/wp-content\/uploads\/2023\/07\/CAE-Qro-1024x1024.png\" class=\"elementor-animation-grow attachment-large size-large wp-image-4985\" alt=\"\" srcset=\"https:\/\/doscarasprod.com\/wp-content\/uploads\/2023\/07\/CAE-Qro-1024x1024.png 1024w, https:\/\/doscarasprod.com\/wp-content\/uploads\/2023\/07\/CAE-Qro-300x300.png 300w, https:\/\/doscarasprod.com\/wp-content\/uploads\/2023\/07\/CAE-Qro-150x150.png 150w, https:\/\/doscarasprod.com\/wp-content\/uploads\/2023\/07\/CAE-Qro-768x768.png 768w, https:\/\/doscarasprod.com\/wp-content\/uploads\/2023\/07\/CAE-Qro-1536x1536.png 1536w, https:\/\/doscarasprod.com\/wp-content\/uploads\/2023\/07\/CAE-Qro-600x600.png 600w, https:\/\/doscarasprod.com\/wp-content\/uploads\/2023\/07\/CAE-Qro-100x100.png 100w, https:\/\/doscarasprod.com\/wp-content\/uploads\/2023\/07\/CAE-Qro.png 2048w\" sizes=\"(max-width: 1024px) 100vw, 1024px\" \/><\/figure><div class=\"elementor-image-box-content\"><h3 class=\"elementor-image-box-title\">Frida Salgado<\/h3><p class=\"elementor-image-box-description\">Soy Frida Salgado, nac\u00ed en Quer\u00e9taro en marzo de 2003. Soy artista pl\u00e1stica con\nenfoque en pintura al \u00f3leo; pero tambi\u00e9n he trabajado acuarelas, escultura, grabado\nsobre madera, e ilustraci\u00f3n digital. Intento que mis obras transmitan un mensaje con\nun sentimiento de familiaridad y desconfianza al mismo tiempo.\nHe participado en 3 exposiciones colectivas y busco estar en constante crecimiento en\nmis habilidades art\u00edsticas. Tomo inspiraci\u00f3n de mi vida y las cosas que me gustan,\ncomo lo es el caf\u00e9, leer y la m\u00fasica. Adem\u00e1s, busco explorar los temas sociales que me\ninteresan y me mueven. A partir de esto puedo crear y reflexionar a trav\u00e9s del arte en\nsus diversas maneras.<\/p><\/div><\/div>\t\t\t\t<\/div>\n\t\t\t\t<\/div>\n\t\t\t\t<div class=\"elementor-element elementor-element-85cfd0a elementor-position-left elementor-vertical-align-top elementor-widget elementor-widget-image-box\" data-id=\"85cfd0a\" data-element_type=\"widget\" data-widget_type=\"image-box.default\">\n\t\t\t\t<div class=\"elementor-widget-container\">\n\t\t\t\t\t<div class=\"elementor-image-box-wrapper\"><figure class=\"elementor-image-box-img\"><img loading=\"lazy\" decoding=\"async\" width=\"1024\" height=\"1024\" src=\"https:\/\/doscarasprod.com\/wp-content\/uploads\/2023\/07\/CAE-Qro-1024x1024.png\" class=\"elementor-animation-grow attachment-large size-large wp-image-4985\" alt=\"\" srcset=\"https:\/\/doscarasprod.com\/wp-content\/uploads\/2023\/07\/CAE-Qro-1024x1024.png 1024w, https:\/\/doscarasprod.com\/wp-content\/uploads\/2023\/07\/CAE-Qro-300x300.png 300w, https:\/\/doscarasprod.com\/wp-content\/uploads\/2023\/07\/CAE-Qro-150x150.png 150w, https:\/\/doscarasprod.com\/wp-content\/uploads\/2023\/07\/CAE-Qro-768x768.png 768w, https:\/\/doscarasprod.com\/wp-content\/uploads\/2023\/07\/CAE-Qro-1536x1536.png 1536w, https:\/\/doscarasprod.com\/wp-content\/uploads\/2023\/07\/CAE-Qro-600x600.png 600w, https:\/\/doscarasprod.com\/wp-content\/uploads\/2023\/07\/CAE-Qro-100x100.png 100w, https:\/\/doscarasprod.com\/wp-content\/uploads\/2023\/07\/CAE-Qro.png 2048w\" sizes=\"(max-width: 1024px) 100vw, 1024px\" \/><\/figure><div class=\"elementor-image-box-content\"><h3 class=\"elementor-image-box-title\">Dante Carro<\/h3><p class=\"elementor-image-box-description\">Artista pl\u00e1stico autodidacta mexicano. Inicia su carrera en la pintura en el 2015 dejando el escritorio y\ntomando los pinceles, es un destacado visionario y enigm\u00e1tico creyente del progreso por medio de la cultura y\nel \u00e9nfasis empresarial. Su trabajo es una constante b\u00fasqueda de la identificaci\u00f3n como ser humano, sus\npasiones y sentimientos; hurga en el color y las texturas para llegar a expresiones nuevas que lleguen al\ncoraz\u00f3n del espectador.\nCree en una cultura del arte libre y emprendedora, incluyente con toda la comunidad art\u00edstica del pa\u00eds, donde\nsu filosof\u00eda es que el arte puede salvarnos y hacernos mas humanos.\nCon m\u00e1s de 40 exposiciones colectivas, cuatro individuales y otras tres en el extranjero, Dante Carro busca\nposicionarse dentro de la pl\u00e1stica internacional.<\/p><\/div><\/div>\t\t\t\t<\/div>\n\t\t\t\t<\/div>\n\t\t\t\t\t<\/div>\n\t\t<\/div>\n\t\t\t\t\t<\/div>\n\t\t<\/section>\n\t\t\t\t<\/div>\n\t\t","protected":false},"excerpt":{"rendered":"<p>&#8220;\u00bfA cu\u00e1nto el cigarro?&#8221; 100 x 120 cm Frida Salgado 2023 \u00d3leo sobre tela La costumbre de ver los puestos en la calle de la ciudad se rompe al encontrar uno en un bosque oscuro. \u00bfAqu\u00e9 personas le vendes dulces en un bosque? Lo mundano de la humanidad choca con lo org\u00e1nico de lanaturaleza.Me inspir\u00e9 [&hellip;]<\/p>\n","protected":false},"author":1,"featured_media":0,"parent":0,"menu_order":0,"comment_status":"closed","ping_status":"closed","template":"","meta":{"om_disable_all_campaigns":false,"_monsterinsights_skip_tracking":false,"_monsterinsights_sitenote_active":false,"_monsterinsights_sitenote_note":"","_monsterinsights_sitenote_category":0,"footnotes":""},"class_list":["post-4940","page","type-page","status-publish","hentry"],"aioseo_notices":[],"_links":{"self":[{"href":"https:\/\/doscarasprod.com\/index.php\/wp-json\/wp\/v2\/pages\/4940","targetHints":{"allow":["GET"]}}],"collection":[{"href":"https:\/\/doscarasprod.com\/index.php\/wp-json\/wp\/v2\/pages"}],"about":[{"href":"https:\/\/doscarasprod.com\/index.php\/wp-json\/wp\/v2\/types\/page"}],"author":[{"embeddable":true,"href":"https:\/\/doscarasprod.com\/index.php\/wp-json\/wp\/v2\/users\/1"}],"replies":[{"embeddable":true,"href":"https:\/\/doscarasprod.com\/index.php\/wp-json\/wp\/v2\/comments?post=4940"}],"version-history":[{"count":25,"href":"https:\/\/doscarasprod.com\/index.php\/wp-json\/wp\/v2\/pages\/4940\/revisions"}],"predecessor-version":[{"id":5168,"href":"https:\/\/doscarasprod.com\/index.php\/wp-json\/wp\/v2\/pages\/4940\/revisions\/5168"}],"wp:attachment":[{"href":"https:\/\/doscarasprod.com\/index.php\/wp-json\/wp\/v2\/media?parent=4940"}],"curies":[{"name":"wp","href":"https:\/\/api.w.org\/{rel}","templated":true}]}}