{"id":4935,"date":"2023-07-06T05:54:13","date_gmt":"2023-07-06T05:54:13","guid":{"rendered":"https:\/\/doscarasprod.com\/?page_id=4935"},"modified":"2023-07-16T02:48:46","modified_gmt":"2023-07-16T02:48:46","slug":"luzyoscuridad-eric-de-la-mora","status":"publish","type":"page","link":"https:\/\/doscarasprod.com\/index.php\/luzyoscuridad-eric-de-la-mora\/","title":{"rendered":"Eric de la Mora"},"content":{"rendered":"\t\t<div data-elementor-type=\"wp-page\" data-elementor-id=\"4935\" class=\"elementor elementor-4935\">\n\t\t\t\t\t\t<section class=\"elementor-section elementor-top-section elementor-element elementor-element-1ac938d8 elementor-section-boxed elementor-section-height-default elementor-section-height-default\" data-id=\"1ac938d8\" data-element_type=\"section\">\n\t\t\t\t\t\t<div class=\"elementor-container elementor-column-gap-default\">\n\t\t\t\t\t<div class=\"elementor-column elementor-col-100 elementor-top-column elementor-element elementor-element-31d4c8b2\" data-id=\"31d4c8b2\" data-element_type=\"column\">\n\t\t\t<div class=\"elementor-widget-wrap elementor-element-populated\">\n\t\t\t\t\t\t<div class=\"elementor-element elementor-element-72ac1f8b elementor-widget-mobile__width-initial elementor-invisible elementor-widget elementor-widget-image\" data-id=\"72ac1f8b\" data-element_type=\"widget\" data-settings=\"{&quot;_animation&quot;:&quot;fadeIn&quot;}\" data-widget_type=\"image.default\">\n\t\t\t\t<div class=\"elementor-widget-container\">\n\t\t\t\t\t\t\t\t\t\t\t\t\t\t\t<img fetchpriority=\"high\" decoding=\"async\" width=\"1024\" height=\"576\" src=\"https:\/\/doscarasprod.com\/wp-content\/uploads\/2023\/07\/portada-LyO-3-1024x576.jpg\" class=\"attachment-large size-large wp-image-4876\" alt=\"\" srcset=\"https:\/\/doscarasprod.com\/wp-content\/uploads\/2023\/07\/portada-LyO-3-1024x576.jpg 1024w, https:\/\/doscarasprod.com\/wp-content\/uploads\/2023\/07\/portada-LyO-3-300x169.jpg 300w, https:\/\/doscarasprod.com\/wp-content\/uploads\/2023\/07\/portada-LyO-3-768x432.jpg 768w, https:\/\/doscarasprod.com\/wp-content\/uploads\/2023\/07\/portada-LyO-3-1536x864.jpg 1536w, https:\/\/doscarasprod.com\/wp-content\/uploads\/2023\/07\/portada-LyO-3-2048x1152.jpg 2048w, https:\/\/doscarasprod.com\/wp-content\/uploads\/2023\/07\/portada-LyO-3-600x338.jpg 600w\" sizes=\"(max-width: 1024px) 100vw, 1024px\" \/>\t\t\t\t\t\t\t\t\t\t\t\t\t\t\t<\/div>\n\t\t\t\t<\/div>\n\t\t\t\t<div class=\"elementor-element elementor-element-6889a49f elementor-widget-divider--view-line elementor-widget elementor-widget-divider\" data-id=\"6889a49f\" data-element_type=\"widget\" data-widget_type=\"divider.default\">\n\t\t\t\t<div class=\"elementor-widget-container\">\n\t\t\t\t\t\t\t<div class=\"elementor-divider\">\n\t\t\t<span class=\"elementor-divider-separator\">\n\t\t\t\t\t\t<\/span>\n\t\t<\/div>\n\t\t\t\t\t\t<\/div>\n\t\t\t\t<\/div>\n\t\t\t\t<div class=\"elementor-element elementor-element-5d8574c1 elementor-widget__width-initial elementor-widget-mobile__width-initial elementor-invisible elementor-widget elementor-widget-image\" data-id=\"5d8574c1\" data-element_type=\"widget\" data-settings=\"{&quot;_animation&quot;:&quot;flash&quot;}\" data-widget_type=\"image.default\">\n\t\t\t\t<div class=\"elementor-widget-container\">\n\t\t\t\t\t\t\t\t\t\t\t\t\t\t\t<img decoding=\"async\" width=\"2560\" height=\"2560\" src=\"https:\/\/doscarasprod.com\/wp-content\/uploads\/2023\/07\/Obra-1-scaled.jpg\" class=\"attachment-full size-full wp-image-4994\" alt=\"\" srcset=\"https:\/\/doscarasprod.com\/wp-content\/uploads\/2023\/07\/Obra-1-scaled.jpg 2560w, https:\/\/doscarasprod.com\/wp-content\/uploads\/2023\/07\/Obra-1-300x300.jpg 300w, https:\/\/doscarasprod.com\/wp-content\/uploads\/2023\/07\/Obra-1-1024x1024.jpg 1024w, https:\/\/doscarasprod.com\/wp-content\/uploads\/2023\/07\/Obra-1-150x150.jpg 150w, https:\/\/doscarasprod.com\/wp-content\/uploads\/2023\/07\/Obra-1-768x768.jpg 768w, https:\/\/doscarasprod.com\/wp-content\/uploads\/2023\/07\/Obra-1-1536x1536.jpg 1536w, https:\/\/doscarasprod.com\/wp-content\/uploads\/2023\/07\/Obra-1-2048x2048.jpg 2048w, https:\/\/doscarasprod.com\/wp-content\/uploads\/2023\/07\/Obra-1-600x600.jpg 600w, https:\/\/doscarasprod.com\/wp-content\/uploads\/2023\/07\/Obra-1-100x100.jpg 100w\" sizes=\"(max-width: 2560px) 100vw, 2560px\" \/>\t\t\t\t\t\t\t\t\t\t\t\t\t\t\t<\/div>\n\t\t\t\t<\/div>\n\t\t\t\t<div class=\"elementor-element elementor-element-1ed35c0a elementor-widget elementor-widget-text-editor\" data-id=\"1ed35c0a\" data-element_type=\"widget\" data-widget_type=\"text-editor.default\">\n\t\t\t\t<div class=\"elementor-widget-container\">\n\t\t\t\t\t\t\t\t\t<p>&#8220;1\/3&#8221;<\/p><p>20 x 32 pulgadas<\/p><p>Eric de la Mora | IG: @the.ereck<\/p><p>2023<\/p><p>Fotograf\u00eda impresa en papel fotogr\u00e1fico.<\/p><p>Mi forma de hacer foto est\u00e1 estrechamente<br \/>relacionada con lo que escucho y\/o veo.<br \/>Es la canci\u00f3n que ten\u00eda en mente<br \/>antes de hacer la foto y tambi\u00e9n en<br \/>post producci\u00f3n. Es como expresarla gr\u00e1ficamente.<br \/>Me encanta poder expirimentar con luces,<br \/>formas, entornos y perspectivas.<\/p><p><img decoding=\"async\" class=\"alignnone size-full wp-image-4991\" src=\"http:\/\/doscarasprod.com\/wp-content\/uploads\/2023\/07\/QR1.jpg\" alt=\"\" width=\"203\" height=\"208\" \/><\/p>\t\t\t\t\t\t\t\t<\/div>\n\t\t\t\t<\/div>\n\t\t\t\t\t<\/div>\n\t\t<\/div>\n\t\t\t\t\t<\/div>\n\t\t<\/section>\n\t\t\t\t<section class=\"elementor-section elementor-top-section elementor-element elementor-element-6d4105d1 elementor-section-boxed elementor-section-height-default elementor-section-height-default\" data-id=\"6d4105d1\" data-element_type=\"section\">\n\t\t\t\t\t\t<div class=\"elementor-container elementor-column-gap-default\">\n\t\t\t\t\t<div class=\"elementor-column elementor-col-100 elementor-top-column elementor-element elementor-element-774dc9c6\" data-id=\"774dc9c6\" data-element_type=\"column\">\n\t\t\t<div class=\"elementor-widget-wrap elementor-element-populated\">\n\t\t\t\t\t\t<div class=\"elementor-element elementor-element-1ee9571b elementor-widget-divider--view-line elementor-widget elementor-widget-divider\" data-id=\"1ee9571b\" data-element_type=\"widget\" data-widget_type=\"divider.default\">\n\t\t\t\t<div class=\"elementor-widget-container\">\n\t\t\t\t\t\t\t<div class=\"elementor-divider\">\n\t\t\t<span class=\"elementor-divider-separator\">\n\t\t\t\t\t\t<\/span>\n\t\t<\/div>\n\t\t\t\t\t\t<\/div>\n\t\t\t\t<\/div>\n\t\t\t\t<div class=\"elementor-element elementor-element-307cb30b elementor-widget__width-initial elementor-invisible elementor-widget elementor-widget-image\" data-id=\"307cb30b\" data-element_type=\"widget\" data-settings=\"{&quot;_animation&quot;:&quot;flash&quot;}\" data-widget_type=\"image.default\">\n\t\t\t\t<div class=\"elementor-widget-container\">\n\t\t\t\t\t\t\t\t\t\t\t\t\t\t\t<img loading=\"lazy\" decoding=\"async\" width=\"2560\" height=\"2560\" src=\"https:\/\/doscarasprod.com\/wp-content\/uploads\/2023\/07\/Obra-s3-scaled.jpg\" class=\"attachment-full size-full wp-image-5011\" alt=\"\" srcset=\"https:\/\/doscarasprod.com\/wp-content\/uploads\/2023\/07\/Obra-s3-scaled.jpg 2560w, https:\/\/doscarasprod.com\/wp-content\/uploads\/2023\/07\/Obra-s3-300x300.jpg 300w, https:\/\/doscarasprod.com\/wp-content\/uploads\/2023\/07\/Obra-s3-1024x1024.jpg 1024w, https:\/\/doscarasprod.com\/wp-content\/uploads\/2023\/07\/Obra-s3-150x150.jpg 150w, https:\/\/doscarasprod.com\/wp-content\/uploads\/2023\/07\/Obra-s3-768x768.jpg 768w, https:\/\/doscarasprod.com\/wp-content\/uploads\/2023\/07\/Obra-s3-1536x1536.jpg 1536w, https:\/\/doscarasprod.com\/wp-content\/uploads\/2023\/07\/Obra-s3-2048x2048.jpg 2048w, https:\/\/doscarasprod.com\/wp-content\/uploads\/2023\/07\/Obra-s3-600x600.jpg 600w, https:\/\/doscarasprod.com\/wp-content\/uploads\/2023\/07\/Obra-s3-100x100.jpg 100w\" sizes=\"(max-width: 2560px) 100vw, 2560px\" \/>\t\t\t\t\t\t\t\t\t\t\t\t\t\t\t<\/div>\n\t\t\t\t<\/div>\n\t\t\t\t<div class=\"elementor-element elementor-element-32906e9c elementor-widget elementor-widget-text-editor\" data-id=\"32906e9c\" data-element_type=\"widget\" data-widget_type=\"text-editor.default\">\n\t\t\t\t<div class=\"elementor-widget-container\">\n\t\t\t\t\t\t\t\t\t<p>&#8220;2\/3&#8221;<\/p><p>20 x 32 pulgadas<\/p><p>Eric de la Mora | IG: @the.ereck<\/p><p>2023<\/p><p>Fotograf\u00eda impresa en papel fotogr\u00e1fico.<\/p><p>Al hacer esta fotograf\u00eda, buscamos inspiraci\u00f3n.<br \/>Cuando vimos lo que pod\u00edamos hacer, esta canci\u00f3n,<br \/>fue lo primero que lleg\u00f3 a mi cabeza.<br \/>Y tratamos de dar un dinamismo y juego con luces<br \/>que nos encant\u00f3 el resultado.<\/p><p><img loading=\"lazy\" decoding=\"async\" class=\"alignnone size-full wp-image-4992\" src=\"http:\/\/doscarasprod.com\/wp-content\/uploads\/2023\/07\/QR2.jpg\" alt=\"\" width=\"195\" height=\"196\" srcset=\"https:\/\/doscarasprod.com\/wp-content\/uploads\/2023\/07\/QR2.jpg 195w, https:\/\/doscarasprod.com\/wp-content\/uploads\/2023\/07\/QR2-150x150.jpg 150w, https:\/\/doscarasprod.com\/wp-content\/uploads\/2023\/07\/QR2-100x100.jpg 100w\" sizes=\"(max-width: 195px) 100vw, 195px\" \/><\/p>\t\t\t\t\t\t\t\t<\/div>\n\t\t\t\t<\/div>\n\t\t\t\t\t<\/div>\n\t\t<\/div>\n\t\t\t\t\t<\/div>\n\t\t<\/section>\n\t\t\t\t<section class=\"elementor-section elementor-top-section elementor-element elementor-element-7bfea01e elementor-section-boxed elementor-section-height-default elementor-section-height-default\" data-id=\"7bfea01e\" data-element_type=\"section\">\n\t\t\t\t\t\t<div class=\"elementor-container elementor-column-gap-default\">\n\t\t\t\t\t<div class=\"elementor-column elementor-col-100 elementor-top-column elementor-element elementor-element-190e3be\" data-id=\"190e3be\" data-element_type=\"column\">\n\t\t\t<div class=\"elementor-widget-wrap elementor-element-populated\">\n\t\t\t\t\t\t<div class=\"elementor-element elementor-element-49fc2f1b elementor-widget-divider--view-line elementor-widget elementor-widget-divider\" data-id=\"49fc2f1b\" data-element_type=\"widget\" data-widget_type=\"divider.default\">\n\t\t\t\t<div class=\"elementor-widget-container\">\n\t\t\t\t\t\t\t<div class=\"elementor-divider\">\n\t\t\t<span class=\"elementor-divider-separator\">\n\t\t\t\t\t\t<\/span>\n\t\t<\/div>\n\t\t\t\t\t\t<\/div>\n\t\t\t\t<\/div>\n\t\t\t\t<div class=\"elementor-element elementor-element-539fa709 elementor-widget__width-initial elementor-invisible elementor-widget elementor-widget-image\" data-id=\"539fa709\" data-element_type=\"widget\" data-settings=\"{&quot;_animation&quot;:&quot;flash&quot;}\" data-widget_type=\"image.default\">\n\t\t\t\t<div class=\"elementor-widget-container\">\n\t\t\t\t\t\t\t\t\t\t\t\t\t\t\t<img loading=\"lazy\" decoding=\"async\" width=\"2560\" height=\"2560\" src=\"https:\/\/doscarasprod.com\/wp-content\/uploads\/2023\/07\/Obra-2-scaled-e1689475691867.jpg\" class=\"attachment-full size-full wp-image-5000\" alt=\"\" srcset=\"https:\/\/doscarasprod.com\/wp-content\/uploads\/2023\/07\/Obra-2-scaled-e1689475691867.jpg 2560w, https:\/\/doscarasprod.com\/wp-content\/uploads\/2023\/07\/Obra-2-scaled-e1689475691867-300x300.jpg 300w, https:\/\/doscarasprod.com\/wp-content\/uploads\/2023\/07\/Obra-2-scaled-e1689475691867-1024x1024.jpg 1024w, https:\/\/doscarasprod.com\/wp-content\/uploads\/2023\/07\/Obra-2-scaled-e1689475691867-150x150.jpg 150w, https:\/\/doscarasprod.com\/wp-content\/uploads\/2023\/07\/Obra-2-scaled-e1689475691867-768x768.jpg 768w, https:\/\/doscarasprod.com\/wp-content\/uploads\/2023\/07\/Obra-2-scaled-e1689475691867-1536x1536.jpg 1536w, https:\/\/doscarasprod.com\/wp-content\/uploads\/2023\/07\/Obra-2-scaled-e1689475691867-2048x2048.jpg 2048w, https:\/\/doscarasprod.com\/wp-content\/uploads\/2023\/07\/Obra-2-scaled-e1689475691867-600x600.jpg 600w, https:\/\/doscarasprod.com\/wp-content\/uploads\/2023\/07\/Obra-2-scaled-e1689475691867-100x100.jpg 100w\" sizes=\"(max-width: 2560px) 100vw, 2560px\" \/>\t\t\t\t\t\t\t\t\t\t\t\t\t\t\t<\/div>\n\t\t\t\t<\/div>\n\t\t\t\t<div class=\"elementor-element elementor-element-6fa6e554 elementor-widget elementor-widget-text-editor\" data-id=\"6fa6e554\" data-element_type=\"widget\" data-widget_type=\"text-editor.default\">\n\t\t\t\t<div class=\"elementor-widget-container\">\n\t\t\t\t\t\t\t\t\t<p>&#8220;3\/3&#8221;<\/p><p>32 x 20 pulgadas<\/p><p>Eric de la Mora | IG: @the.ereck<\/p><p>2023<\/p><p>Fotograf\u00eda impresa en papel fotogr\u00e1fico.<\/p><p>Trabajar con luces naturales, es algo bien bello.<br \/>Se pueden crear cosas bien interesantes cuando experimentas.<br \/>Es una canci\u00f3n a la que le tengo especial cari\u00f1o.<br \/>La m\u00fasica siempre influye mucho en la fotograf\u00eda que hago.<\/p><p><img loading=\"lazy\" decoding=\"async\" class=\"alignnone size-full wp-image-4993\" src=\"http:\/\/doscarasprod.com\/wp-content\/uploads\/2023\/07\/QR3.jpg\" alt=\"\" width=\"204\" height=\"206\" srcset=\"https:\/\/doscarasprod.com\/wp-content\/uploads\/2023\/07\/QR3.jpg 204w, https:\/\/doscarasprod.com\/wp-content\/uploads\/2023\/07\/QR3-150x150.jpg 150w, https:\/\/doscarasprod.com\/wp-content\/uploads\/2023\/07\/QR3-100x100.jpg 100w\" sizes=\"(max-width: 204px) 100vw, 204px\" \/><\/p>\t\t\t\t\t\t\t\t<\/div>\n\t\t\t\t<\/div>\n\t\t\t\t\t<\/div>\n\t\t<\/div>\n\t\t\t\t\t<\/div>\n\t\t<\/section>\n\t\t\t\t<section class=\"elementor-section elementor-top-section elementor-element elementor-element-5784cb57 elementor-section-boxed elementor-section-height-default elementor-section-height-default\" data-id=\"5784cb57\" data-element_type=\"section\">\n\t\t\t\t\t\t<div class=\"elementor-container elementor-column-gap-default\">\n\t\t\t\t\t<div class=\"elementor-column elementor-col-100 elementor-top-column elementor-element elementor-element-a9cfcaf\" data-id=\"a9cfcaf\" data-element_type=\"column\">\n\t\t\t<div class=\"elementor-widget-wrap elementor-element-populated\">\n\t\t\t\t\t\t<div class=\"elementor-element elementor-element-7cb06033 elementor-widget-divider--view-line elementor-widget elementor-widget-divider\" data-id=\"7cb06033\" data-element_type=\"widget\" data-widget_type=\"divider.default\">\n\t\t\t\t<div class=\"elementor-widget-container\">\n\t\t\t\t\t\t\t<div class=\"elementor-divider\">\n\t\t\t<span class=\"elementor-divider-separator\">\n\t\t\t\t\t\t<\/span>\n\t\t<\/div>\n\t\t\t\t\t\t<\/div>\n\t\t\t\t<\/div>\n\t\t\t\t\t<\/div>\n\t\t<\/div>\n\t\t\t\t\t<\/div>\n\t\t<\/section>\n\t\t\t\t<section class=\"elementor-section elementor-top-section elementor-element elementor-element-35300a2d elementor-section-stretched elementor-section-boxed elementor-section-height-default elementor-section-height-default elementor-invisible\" data-id=\"35300a2d\" data-element_type=\"section\" data-settings=\"{&quot;stretch_section&quot;:&quot;section-stretched&quot;,&quot;animation&quot;:&quot;fadeIn&quot;}\">\n\t\t\t\t\t\t<div class=\"elementor-container elementor-column-gap-no\">\n\t\t\t\t\t<div class=\"elementor-column elementor-col-100 elementor-top-column elementor-element elementor-element-1aa7334d\" data-id=\"1aa7334d\" data-element_type=\"column\">\n\t\t\t<div class=\"elementor-widget-wrap elementor-element-populated\">\n\t\t\t\t\t\t<div class=\"elementor-element elementor-element-79e05641 elementor-widget__width-initial elementor-widget-mobile__width-initial elementor-widget elementor-widget-video\" data-id=\"79e05641\" data-element_type=\"widget\" data-settings=\"{&quot;youtube_url&quot;:&quot;https:\\\/\\\/youtu.be\\\/2j7hqCEarlE&quot;,&quot;autoplay&quot;:&quot;yes&quot;,&quot;play_on_mobile&quot;:&quot;yes&quot;,&quot;mute&quot;:&quot;yes&quot;,&quot;video_type&quot;:&quot;youtube&quot;,&quot;controls&quot;:&quot;yes&quot;}\" data-widget_type=\"video.default\">\n\t\t\t\t<div class=\"elementor-widget-container\">\n\t\t\t\t\t\t\t<div class=\"elementor-wrapper elementor-open-inline\">\n\t\t\t<div class=\"elementor-video\"><\/div>\t\t<\/div>\n\t\t\t\t\t\t<\/div>\n\t\t\t\t<\/div>\n\t\t\t\t<div class=\"elementor-element elementor-element-2d22fed6 elementor-widget__width-initial elementor-widget-mobile__width-initial elementor-widget elementor-widget-image\" data-id=\"2d22fed6\" data-element_type=\"widget\" data-widget_type=\"image.default\">\n\t\t\t\t<div class=\"elementor-widget-container\">\n\t\t\t\t\t\t\t\t\t\t\t\t\t\t\t<img loading=\"lazy\" decoding=\"async\" width=\"678\" height=\"1024\" src=\"https:\/\/doscarasprod.com\/wp-content\/uploads\/2023\/07\/IMG_6183-678x1024.jpg\" class=\"attachment-large size-large wp-image-4999\" alt=\"\" srcset=\"https:\/\/doscarasprod.com\/wp-content\/uploads\/2023\/07\/IMG_6183-678x1024.jpg 678w, https:\/\/doscarasprod.com\/wp-content\/uploads\/2023\/07\/IMG_6183-199x300.jpg 199w, https:\/\/doscarasprod.com\/wp-content\/uploads\/2023\/07\/IMG_6183-768x1160.jpg 768w, https:\/\/doscarasprod.com\/wp-content\/uploads\/2023\/07\/IMG_6183-1017x1536.jpg 1017w, https:\/\/doscarasprod.com\/wp-content\/uploads\/2023\/07\/IMG_6183-1355x2048.jpg 1355w, https:\/\/doscarasprod.com\/wp-content\/uploads\/2023\/07\/IMG_6183-600x907.jpg 600w, https:\/\/doscarasprod.com\/wp-content\/uploads\/2023\/07\/IMG_6183-scaled.jpg 1694w\" sizes=\"(max-width: 678px) 100vw, 678px\" \/>\t\t\t\t\t\t\t\t\t\t\t\t\t\t\t<\/div>\n\t\t\t\t<\/div>\n\t\t\t\t\t<\/div>\n\t\t<\/div>\n\t\t\t\t\t<\/div>\n\t\t<\/section>\n\t\t\t\t<section class=\"elementor-section elementor-top-section elementor-element elementor-element-54fcee62 elementor-section-boxed elementor-section-height-default elementor-section-height-default\" data-id=\"54fcee62\" data-element_type=\"section\">\n\t\t\t\t\t\t<div class=\"elementor-container elementor-column-gap-default\">\n\t\t\t\t\t<div class=\"elementor-column elementor-col-100 elementor-top-column elementor-element elementor-element-5f19bede\" data-id=\"5f19bede\" data-element_type=\"column\">\n\t\t\t<div class=\"elementor-widget-wrap elementor-element-populated\">\n\t\t\t\t\t\t<div class=\"elementor-element elementor-element-28963b03 elementor-widget-divider--view-line elementor-widget elementor-widget-divider\" data-id=\"28963b03\" data-element_type=\"widget\" data-widget_type=\"divider.default\">\n\t\t\t\t<div class=\"elementor-widget-container\">\n\t\t\t\t\t\t\t<div class=\"elementor-divider\">\n\t\t\t<span class=\"elementor-divider-separator\">\n\t\t\t\t\t\t<\/span>\n\t\t<\/div>\n\t\t\t\t\t\t<\/div>\n\t\t\t\t<\/div>\n\t\t\t\t\t<\/div>\n\t\t<\/div>\n\t\t\t\t\t<\/div>\n\t\t<\/section>\n\t\t\t\t<section class=\"elementor-section elementor-top-section elementor-element elementor-element-79e4ec4d elementor-section-boxed elementor-section-height-default elementor-section-height-default elementor-invisible\" data-id=\"79e4ec4d\" data-element_type=\"section\" data-settings=\"{&quot;animation&quot;:&quot;fadeInUp&quot;}\">\n\t\t\t\t\t\t<div class=\"elementor-container elementor-column-gap-default\">\n\t\t\t\t\t<div class=\"elementor-column elementor-col-100 elementor-top-column elementor-element elementor-element-662ce02c\" data-id=\"662ce02c\" data-element_type=\"column\">\n\t\t\t<div class=\"elementor-widget-wrap elementor-element-populated\">\n\t\t\t\t\t\t<div class=\"elementor-element elementor-element-4ec8587e elementor-position-left elementor-vertical-align-top elementor-widget elementor-widget-image-box\" data-id=\"4ec8587e\" data-element_type=\"widget\" data-widget_type=\"image-box.default\">\n\t\t\t\t<div class=\"elementor-widget-container\">\n\t\t\t\t\t<div class=\"elementor-image-box-wrapper\"><figure class=\"elementor-image-box-img\"><img loading=\"lazy\" decoding=\"async\" width=\"683\" height=\"1024\" src=\"https:\/\/doscarasprod.com\/wp-content\/uploads\/2023\/07\/IMG_6178-683x1024.jpg\" class=\"elementor-animation-grow attachment-large size-large wp-image-4998\" alt=\"\" srcset=\"https:\/\/doscarasprod.com\/wp-content\/uploads\/2023\/07\/IMG_6178-683x1024.jpg 683w, https:\/\/doscarasprod.com\/wp-content\/uploads\/2023\/07\/IMG_6178-200x300.jpg 200w, https:\/\/doscarasprod.com\/wp-content\/uploads\/2023\/07\/IMG_6178-768x1152.jpg 768w, https:\/\/doscarasprod.com\/wp-content\/uploads\/2023\/07\/IMG_6178-1024x1536.jpg 1024w, https:\/\/doscarasprod.com\/wp-content\/uploads\/2023\/07\/IMG_6178-1365x2048.jpg 1365w, https:\/\/doscarasprod.com\/wp-content\/uploads\/2023\/07\/IMG_6178-600x900.jpg 600w, https:\/\/doscarasprod.com\/wp-content\/uploads\/2023\/07\/IMG_6178-scaled.jpg 1707w\" sizes=\"(max-width: 683px) 100vw, 683px\" \/><\/figure><div class=\"elementor-image-box-content\"><h3 class=\"elementor-image-box-title\">Eric de la Mora<\/h3><p class=\"elementor-image-box-description\">\u00a1Hola! Soy Eric De La Mora, Tengo 28 a\u00f1os. Nac\u00ed en Cuautla, Morelos; pero llevo viviendo\nmuchos a\u00f1os en Quer\u00e9taro. Me encanta viajar, conocer gente, la fotograf\u00eda, el cine, la naturaleza,\nla monta\u00f1a, correr y descubrir m\u00fasica.\nEstudi\u00e9 Dise\u00f1o Gr\u00e1fico en la Universidad Cuauht\u00e9moc (en Quer\u00e9taro). Estando en la carrera,\ndescubr\u00ed que realmente me quer\u00eda dedicar a la fotograf\u00eda y me especialic\u00e9 en la Escuela Activa\nde Fotograf\u00eda (tambi\u00e9n en Quer\u00e9taro).\nDesde ni\u00f1o me ha gustado dibujar y lo que m\u00e1s hago, es anime. Fue hasta la universidad que\naprend\u00ed formalmente a hacerlo, antes no hab\u00eda tomado clases; lo disfrutaba mucho y me relajaba.\nA los 17 a\u00f1os, mi pap\u00e1 compr\u00f3 su primer c\u00e1mara DSRL, una Nikon D3000. Recuerdo que\nen cuanto me la prest\u00f3, qued\u00e9 fascinado con la fotograf\u00eda; nunca hab\u00eda tocado una c\u00e1mara r\u00e9flex\nni mucho menos una con un telefoto, cuando hice mi primer zoom y enfoque pens\u00e9 \u201cwow, qu\u00e9\nest\u00e1 pasandaaaa. Quiero aprender\u201d y de ah\u00ed, no he parado.\nTambi\u00e9n toco la guitarra y el ukulele, pero por hobbie, es otra forma de relajarme y conectar.\nAlgunas de las cosas que he hecho (hago) fue ganar un concurso de fotograf\u00eda que hizo Pixel Pro\n(Hace algunos a\u00f1os).\nMe encanta la danza contempor\u00e1nea; me enamor\u00e9 en 2017 y apartir de ah\u00ed, comenc\u00e9 un proyecto\nde retratarla con diferentes talentos que he conocido a trav\u00e9s de estos a\u00f1os.\nEn conjunto con un bi\u00f3logo, doy talleres de fotograf\u00eda b\u00e1sica en la Sierra Gorda Queretana.\nSoy fot\u00f3grafo de eventos sociales tambi\u00e9n (Un poco m\u00e1s enfocado a las bodas), me encanta\nhacer estudio y siempre estar experimentando y aprendiendo.\nAlgunas de las metas que tengo, es poder dedicarme al 100% a la fotograf\u00eda, tener mi estudio fijo.\nSer un gran fot\u00f3grafo de danza contempor\u00e1nea y poder retratar por todo el mundo.\nPoder participar en m\u00e1s exposiciones.\nSeguir aprendiendo y creciendo.\n\n<br>Estoy muy agradecido con DOS CARAS PRODUCCIONES, por el espacio y oportunidad\nque me han brindado. Es mi primera exposici\u00f3n y me emociona poder compartir con ustedes\nun poco de mi trabajo y me emociona poder compartir espacio con m\u00e1s artistas.\nHay una frase que me gusta mucho y desde que la vi\/ escuch\u00e9, trato de recordarla siempre\n<i>\u201cEL DESTINO ES ALGO EXTRA\u00d1O, NUNCA SE SABE C\u00d3MO VAN A RESULTAR LAS COSAS,\nPERO SI MANTIENES TU MENTE Y CORAZ\u00d3N ABIERTOS, TE PROMETO QUE ENCONTRAR\u00c1S\nTU PROPIO DESTINO ALG\u00daN D\u00cdA\u201d<\/i>\n-Es una frase de \u00c1vatar, la Leyenda de Aang (haha \ud83d\ude1b )\nY s\u00ed creo que en cualquier cosa a la que nos dediquemos, si nos mantemos abiertos a\nlas posibilidades, la vida puede traer bonitas oportunidades como esta, de poder compartir\nnuestro arte y visi\u00f3n de la vida.<\/p><\/div><\/div>\t\t\t\t<\/div>\n\t\t\t\t<\/div>\n\t\t\t\t\t<\/div>\n\t\t<\/div>\n\t\t\t\t\t<\/div>\n\t\t<\/section>\n\t\t\t\t<\/div>\n\t\t","protected":false},"excerpt":{"rendered":"<p>&#8220;1\/3&#8221; 20 x 32 pulgadas Eric de la Mora | IG: @the.ereck 2023 Fotograf\u00eda impresa en papel fotogr\u00e1fico. Mi forma de hacer foto est\u00e1 estrechamenterelacionada con lo que escucho y\/o veo.Es la canci\u00f3n que ten\u00eda en menteantes de hacer la foto y tambi\u00e9n enpost producci\u00f3n. Es como expresarla gr\u00e1ficamente.Me encanta poder expirimentar con luces,formas, entornos [&hellip;]<\/p>\n","protected":false},"author":1,"featured_media":0,"parent":0,"menu_order":0,"comment_status":"closed","ping_status":"closed","template":"","meta":{"om_disable_all_campaigns":false,"_monsterinsights_skip_tracking":false,"_monsterinsights_sitenote_active":false,"_monsterinsights_sitenote_note":"","_monsterinsights_sitenote_category":0,"footnotes":""},"class_list":["post-4935","page","type-page","status-publish","hentry"],"aioseo_notices":[],"_links":{"self":[{"href":"https:\/\/doscarasprod.com\/index.php\/wp-json\/wp\/v2\/pages\/4935","targetHints":{"allow":["GET"]}}],"collection":[{"href":"https:\/\/doscarasprod.com\/index.php\/wp-json\/wp\/v2\/pages"}],"about":[{"href":"https:\/\/doscarasprod.com\/index.php\/wp-json\/wp\/v2\/types\/page"}],"author":[{"embeddable":true,"href":"https:\/\/doscarasprod.com\/index.php\/wp-json\/wp\/v2\/users\/1"}],"replies":[{"embeddable":true,"href":"https:\/\/doscarasprod.com\/index.php\/wp-json\/wp\/v2\/comments?post=4935"}],"version-history":[{"count":22,"href":"https:\/\/doscarasprod.com\/index.php\/wp-json\/wp\/v2\/pages\/4935\/revisions"}],"predecessor-version":[{"id":5185,"href":"https:\/\/doscarasprod.com\/index.php\/wp-json\/wp\/v2\/pages\/4935\/revisions\/5185"}],"wp:attachment":[{"href":"https:\/\/doscarasprod.com\/index.php\/wp-json\/wp\/v2\/media?parent=4935"}],"curies":[{"name":"wp","href":"https:\/\/api.w.org\/{rel}","templated":true}]}}