{"id":4930,"date":"2023-07-06T05:49:27","date_gmt":"2023-07-06T05:49:27","guid":{"rendered":"https:\/\/doscarasprod.com\/?page_id=4930"},"modified":"2023-07-12T05:48:14","modified_gmt":"2023-07-12T05:48:14","slug":"luzyoscuridad-adrian-villegas","status":"publish","type":"page","link":"https:\/\/doscarasprod.com\/index.php\/luzyoscuridad-adrian-villegas\/","title":{"rendered":"Adrian Villegas"},"content":{"rendered":"\t\t<div data-elementor-type=\"wp-page\" data-elementor-id=\"4930\" class=\"elementor elementor-4930\">\n\t\t\t\t\t\t<section class=\"elementor-section elementor-top-section elementor-element elementor-element-24d2ff52 elementor-section-boxed elementor-section-height-default elementor-section-height-default\" data-id=\"24d2ff52\" data-element_type=\"section\">\n\t\t\t\t\t\t<div class=\"elementor-container elementor-column-gap-default\">\n\t\t\t\t\t<div class=\"elementor-column elementor-col-100 elementor-top-column elementor-element elementor-element-1ea4d18b\" data-id=\"1ea4d18b\" data-element_type=\"column\">\n\t\t\t<div class=\"elementor-widget-wrap elementor-element-populated\">\n\t\t\t\t\t\t<div class=\"elementor-element elementor-element-72697580 elementor-widget-mobile__width-initial elementor-invisible elementor-widget elementor-widget-image\" data-id=\"72697580\" data-element_type=\"widget\" data-settings=\"{&quot;_animation&quot;:&quot;fadeIn&quot;}\" data-widget_type=\"image.default\">\n\t\t\t\t<div class=\"elementor-widget-container\">\n\t\t\t\t\t\t\t\t\t\t\t\t\t\t\t<img fetchpriority=\"high\" decoding=\"async\" width=\"1024\" height=\"576\" src=\"https:\/\/doscarasprod.com\/wp-content\/uploads\/2023\/07\/portada-LyO-3-1024x576.jpg\" class=\"attachment-large size-large wp-image-4876\" alt=\"\" srcset=\"https:\/\/doscarasprod.com\/wp-content\/uploads\/2023\/07\/portada-LyO-3-1024x576.jpg 1024w, https:\/\/doscarasprod.com\/wp-content\/uploads\/2023\/07\/portada-LyO-3-300x169.jpg 300w, https:\/\/doscarasprod.com\/wp-content\/uploads\/2023\/07\/portada-LyO-3-768x432.jpg 768w, https:\/\/doscarasprod.com\/wp-content\/uploads\/2023\/07\/portada-LyO-3-1536x864.jpg 1536w, https:\/\/doscarasprod.com\/wp-content\/uploads\/2023\/07\/portada-LyO-3-2048x1152.jpg 2048w, https:\/\/doscarasprod.com\/wp-content\/uploads\/2023\/07\/portada-LyO-3-600x338.jpg 600w\" sizes=\"(max-width: 1024px) 100vw, 1024px\" \/>\t\t\t\t\t\t\t\t\t\t\t\t\t\t\t<\/div>\n\t\t\t\t<\/div>\n\t\t\t\t<div class=\"elementor-element elementor-element-5217e344 elementor-widget-divider--view-line elementor-widget elementor-widget-divider\" data-id=\"5217e344\" data-element_type=\"widget\" data-widget_type=\"divider.default\">\n\t\t\t\t<div class=\"elementor-widget-container\">\n\t\t\t\t\t\t\t<div class=\"elementor-divider\">\n\t\t\t<span class=\"elementor-divider-separator\">\n\t\t\t\t\t\t<\/span>\n\t\t<\/div>\n\t\t\t\t\t\t<\/div>\n\t\t\t\t<\/div>\n\t\t\t\t<div class=\"elementor-element elementor-element-24fff269 elementor-widget__width-initial elementor-widget-mobile__width-initial elementor-invisible elementor-widget elementor-widget-image\" data-id=\"24fff269\" data-element_type=\"widget\" data-settings=\"{&quot;_animation&quot;:&quot;flash&quot;}\" data-widget_type=\"image.default\">\n\t\t\t\t<div class=\"elementor-widget-container\">\n\t\t\t\t\t\t\t\t\t\t\t\t\t\t\t<img decoding=\"async\" width=\"2000\" height=\"2000\" src=\"https:\/\/doscarasprod.com\/wp-content\/uploads\/2023\/07\/Luz-y-oscuridad-logo-sin-letra-1.jpg\" class=\"attachment-full size-full wp-image-5018\" alt=\"\" srcset=\"https:\/\/doscarasprod.com\/wp-content\/uploads\/2023\/07\/Luz-y-oscuridad-logo-sin-letra-1.jpg 2000w, https:\/\/doscarasprod.com\/wp-content\/uploads\/2023\/07\/Luz-y-oscuridad-logo-sin-letra-1-300x300.jpg 300w, https:\/\/doscarasprod.com\/wp-content\/uploads\/2023\/07\/Luz-y-oscuridad-logo-sin-letra-1-1024x1024.jpg 1024w, https:\/\/doscarasprod.com\/wp-content\/uploads\/2023\/07\/Luz-y-oscuridad-logo-sin-letra-1-150x150.jpg 150w, https:\/\/doscarasprod.com\/wp-content\/uploads\/2023\/07\/Luz-y-oscuridad-logo-sin-letra-1-768x768.jpg 768w, https:\/\/doscarasprod.com\/wp-content\/uploads\/2023\/07\/Luz-y-oscuridad-logo-sin-letra-1-1536x1536.jpg 1536w, https:\/\/doscarasprod.com\/wp-content\/uploads\/2023\/07\/Luz-y-oscuridad-logo-sin-letra-1-600x600.jpg 600w, https:\/\/doscarasprod.com\/wp-content\/uploads\/2023\/07\/Luz-y-oscuridad-logo-sin-letra-1-100x100.jpg 100w\" sizes=\"(max-width: 2000px) 100vw, 2000px\" \/>\t\t\t\t\t\t\t\t\t\t\t\t\t\t\t<\/div>\n\t\t\t\t<\/div>\n\t\t\t\t<div class=\"elementor-element elementor-element-674eed4e elementor-widget elementor-widget-text-editor\" data-id=\"674eed4e\" data-element_type=\"widget\" data-widget_type=\"text-editor.default\">\n\t\t\t\t<div class=\"elementor-widget-container\">\n\t\t\t\t\t\t\t\t\t<p>&#8220;La serpiente prohibida&#8221;<\/p><p>31 x 21 x 21 cm<\/p><p>Adrian Villegas | IG: @adherido_<\/p><p>2023<\/p><p>Un zootropo, un instrumento hist\u00f3rico olvidado, vuelve con con la intenci\u00f3n de<br \/>simular una una animaci\u00f3n para la era actual, la pantalla est\u00e1 construida en una<br \/>placa de estireno que fue seccionada en 10 partes iguales, con una ranura de .5 cm,<br \/>la cual es la clave para ilusi\u00f3n de un movimiento fluido.la secuencia de 10 im\u00e1genes<br \/>fue creada digitalmente posteriormente impresa y pegada en una la base y el<br \/>cuerpo est\u00e1n construidos en yeso utilizando moldes del mismo estireno, el balero<br \/>que permite le permite girar fue reciclado de una polea de un autom\u00f3vil y est\u00e1 fijo a<br \/>ala base de yeso.<br \/>En el interior de la pantalla se puede observar un secuencia de im\u00e1genes que<br \/>representan la \u201cesencia\u201d, \u201calma\u201d, \u201cesp\u00edritu\u201d, \u201cfuerza vital\u201d o \u201cluz\u201d o todos los nombres<br \/>que adquiere en las diferentes culturas alrededor del mundo, que cada quien posee<br \/>de manera natural. Podemos entender de este modo que, la luz y la oscuridad es un<br \/>concepto que es aplicado en: el proceso de animaci\u00f3n del zootropo, en las ranuras<br \/>que intercalan entre bloquear y mostrar la imagen para crear el movimiento.<br \/>Tambi\u00e9n se ve aplicado en la animaci\u00f3n, que muestra: en un plano de figura fondo<br \/>un patr\u00f3n de la frecuencia de 432hz, haciendo referencia a la Luz y o \u201cesencia\u201d que<br \/>nos permite pensar, crear, amar; y de la misma forma la oscuridad, la ausencia de<br \/>luz, representa su opuesto que es lo que nos permite destruir, odiar o sufrir y que no<br \/>es inherente al cuerpo f\u00edsico.<\/p><p>$7,600.00 MXN<\/p>\t\t\t\t\t\t\t\t<\/div>\n\t\t\t\t<\/div>\n\t\t\t\t\t<\/div>\n\t\t<\/div>\n\t\t\t\t\t<\/div>\n\t\t<\/section>\n\t\t\t\t<section class=\"elementor-section elementor-top-section elementor-element elementor-element-1bc44b23 elementor-section-boxed elementor-section-height-default elementor-section-height-default\" data-id=\"1bc44b23\" data-element_type=\"section\">\n\t\t\t\t\t\t<div class=\"elementor-container elementor-column-gap-default\">\n\t\t\t\t\t<div class=\"elementor-column elementor-col-100 elementor-top-column elementor-element elementor-element-50ba7883\" data-id=\"50ba7883\" data-element_type=\"column\">\n\t\t\t<div class=\"elementor-widget-wrap elementor-element-populated\">\n\t\t\t\t\t\t<div class=\"elementor-element elementor-element-23fc7bd9 elementor-widget-divider--view-line elementor-widget elementor-widget-divider\" data-id=\"23fc7bd9\" data-element_type=\"widget\" data-widget_type=\"divider.default\">\n\t\t\t\t<div class=\"elementor-widget-container\">\n\t\t\t\t\t\t\t<div class=\"elementor-divider\">\n\t\t\t<span class=\"elementor-divider-separator\">\n\t\t\t\t\t\t<\/span>\n\t\t<\/div>\n\t\t\t\t\t\t<\/div>\n\t\t\t\t<\/div>\n\t\t\t\t\t<\/div>\n\t\t<\/div>\n\t\t\t\t\t<\/div>\n\t\t<\/section>\n\t\t\t\t<section class=\"elementor-section elementor-top-section elementor-element elementor-element-411ade8 elementor-section-stretched elementor-section-boxed elementor-section-height-default elementor-section-height-default elementor-invisible\" data-id=\"411ade8\" data-element_type=\"section\" data-settings=\"{&quot;stretch_section&quot;:&quot;section-stretched&quot;,&quot;animation&quot;:&quot;fadeIn&quot;}\">\n\t\t\t\t\t\t<div class=\"elementor-container elementor-column-gap-no\">\n\t\t\t\t\t<div class=\"elementor-column elementor-col-100 elementor-top-column elementor-element elementor-element-638975e\" data-id=\"638975e\" data-element_type=\"column\">\n\t\t\t<div class=\"elementor-widget-wrap elementor-element-populated\">\n\t\t\t\t\t\t<div class=\"elementor-element elementor-element-11bcc6d9 elementor-widget__width-initial elementor-widget-mobile__width-initial elementor-widget elementor-widget-video\" data-id=\"11bcc6d9\" data-element_type=\"widget\" data-settings=\"{&quot;youtube_url&quot;:&quot;https:\\\/\\\/youtu.be\\\/GxkMaq-pX5g&quot;,&quot;autoplay&quot;:&quot;yes&quot;,&quot;play_on_mobile&quot;:&quot;yes&quot;,&quot;mute&quot;:&quot;yes&quot;,&quot;video_type&quot;:&quot;youtube&quot;,&quot;controls&quot;:&quot;yes&quot;}\" data-widget_type=\"video.default\">\n\t\t\t\t<div class=\"elementor-widget-container\">\n\t\t\t\t\t\t\t<div class=\"elementor-wrapper elementor-open-inline\">\n\t\t\t<div class=\"elementor-video\"><\/div>\t\t<\/div>\n\t\t\t\t\t\t<\/div>\n\t\t\t\t<\/div>\n\t\t\t\t<div class=\"elementor-element elementor-element-3b7b43e2 elementor-widget__width-initial elementor-widget-mobile__width-initial elementor-widget elementor-widget-image\" data-id=\"3b7b43e2\" data-element_type=\"widget\" data-widget_type=\"image.default\">\n\t\t\t\t<div class=\"elementor-widget-container\">\n\t\t\t\t\t\t\t\t\t\t\t\t\t\t\t<img decoding=\"async\" width=\"1024\" height=\"1024\" src=\"https:\/\/doscarasprod.com\/wp-content\/uploads\/2023\/07\/Luz-y-oscuridad-logo-sin-letra-1-1024x1024.jpg\" class=\"attachment-large size-large wp-image-5018\" alt=\"\" srcset=\"https:\/\/doscarasprod.com\/wp-content\/uploads\/2023\/07\/Luz-y-oscuridad-logo-sin-letra-1-1024x1024.jpg 1024w, https:\/\/doscarasprod.com\/wp-content\/uploads\/2023\/07\/Luz-y-oscuridad-logo-sin-letra-1-300x300.jpg 300w, https:\/\/doscarasprod.com\/wp-content\/uploads\/2023\/07\/Luz-y-oscuridad-logo-sin-letra-1-150x150.jpg 150w, https:\/\/doscarasprod.com\/wp-content\/uploads\/2023\/07\/Luz-y-oscuridad-logo-sin-letra-1-768x768.jpg 768w, https:\/\/doscarasprod.com\/wp-content\/uploads\/2023\/07\/Luz-y-oscuridad-logo-sin-letra-1-1536x1536.jpg 1536w, https:\/\/doscarasprod.com\/wp-content\/uploads\/2023\/07\/Luz-y-oscuridad-logo-sin-letra-1-600x600.jpg 600w, https:\/\/doscarasprod.com\/wp-content\/uploads\/2023\/07\/Luz-y-oscuridad-logo-sin-letra-1-100x100.jpg 100w, https:\/\/doscarasprod.com\/wp-content\/uploads\/2023\/07\/Luz-y-oscuridad-logo-sin-letra-1.jpg 2000w\" sizes=\"(max-width: 1024px) 100vw, 1024px\" \/>\t\t\t\t\t\t\t\t\t\t\t\t\t\t\t<\/div>\n\t\t\t\t<\/div>\n\t\t\t\t\t<\/div>\n\t\t<\/div>\n\t\t\t\t\t<\/div>\n\t\t<\/section>\n\t\t\t\t<section class=\"elementor-section elementor-top-section elementor-element elementor-element-1cc5a63 elementor-section-boxed elementor-section-height-default elementor-section-height-default\" data-id=\"1cc5a63\" data-element_type=\"section\">\n\t\t\t\t\t\t<div class=\"elementor-container elementor-column-gap-default\">\n\t\t\t\t\t<div class=\"elementor-column elementor-col-100 elementor-top-column elementor-element elementor-element-5ae905ca\" data-id=\"5ae905ca\" data-element_type=\"column\">\n\t\t\t<div class=\"elementor-widget-wrap elementor-element-populated\">\n\t\t\t\t\t\t<div class=\"elementor-element elementor-element-1dfd153a elementor-widget-divider--view-line elementor-widget elementor-widget-divider\" data-id=\"1dfd153a\" data-element_type=\"widget\" data-widget_type=\"divider.default\">\n\t\t\t\t<div class=\"elementor-widget-container\">\n\t\t\t\t\t\t\t<div class=\"elementor-divider\">\n\t\t\t<span class=\"elementor-divider-separator\">\n\t\t\t\t\t\t<\/span>\n\t\t<\/div>\n\t\t\t\t\t\t<\/div>\n\t\t\t\t<\/div>\n\t\t\t\t\t<\/div>\n\t\t<\/div>\n\t\t\t\t\t<\/div>\n\t\t<\/section>\n\t\t\t\t<section class=\"elementor-section elementor-top-section elementor-element elementor-element-21e36977 elementor-section-boxed elementor-section-height-default elementor-section-height-default elementor-invisible\" data-id=\"21e36977\" data-element_type=\"section\" data-settings=\"{&quot;animation&quot;:&quot;fadeInUp&quot;}\">\n\t\t\t\t\t\t<div class=\"elementor-container elementor-column-gap-default\">\n\t\t\t\t\t<div class=\"elementor-column elementor-col-100 elementor-top-column elementor-element elementor-element-7ca94452\" data-id=\"7ca94452\" data-element_type=\"column\">\n\t\t\t<div class=\"elementor-widget-wrap elementor-element-populated\">\n\t\t\t\t\t\t<div class=\"elementor-element elementor-element-797c95af elementor-position-left elementor-vertical-align-top elementor-widget elementor-widget-image-box\" data-id=\"797c95af\" data-element_type=\"widget\" data-widget_type=\"image-box.default\">\n\t\t\t\t<div class=\"elementor-widget-container\">\n\t\t\t\t\t<div class=\"elementor-image-box-wrapper\"><figure class=\"elementor-image-box-img\"><img loading=\"lazy\" decoding=\"async\" width=\"1024\" height=\"1024\" src=\"https:\/\/doscarasprod.com\/wp-content\/uploads\/2023\/07\/Luz-y-oscuridad-logo-sin-letra-1-1024x1024.jpg\" class=\"elementor-animation-grow attachment-large size-large wp-image-5018\" alt=\"\" srcset=\"https:\/\/doscarasprod.com\/wp-content\/uploads\/2023\/07\/Luz-y-oscuridad-logo-sin-letra-1-1024x1024.jpg 1024w, https:\/\/doscarasprod.com\/wp-content\/uploads\/2023\/07\/Luz-y-oscuridad-logo-sin-letra-1-300x300.jpg 300w, https:\/\/doscarasprod.com\/wp-content\/uploads\/2023\/07\/Luz-y-oscuridad-logo-sin-letra-1-150x150.jpg 150w, https:\/\/doscarasprod.com\/wp-content\/uploads\/2023\/07\/Luz-y-oscuridad-logo-sin-letra-1-768x768.jpg 768w, https:\/\/doscarasprod.com\/wp-content\/uploads\/2023\/07\/Luz-y-oscuridad-logo-sin-letra-1-1536x1536.jpg 1536w, https:\/\/doscarasprod.com\/wp-content\/uploads\/2023\/07\/Luz-y-oscuridad-logo-sin-letra-1-600x600.jpg 600w, https:\/\/doscarasprod.com\/wp-content\/uploads\/2023\/07\/Luz-y-oscuridad-logo-sin-letra-1-100x100.jpg 100w, https:\/\/doscarasprod.com\/wp-content\/uploads\/2023\/07\/Luz-y-oscuridad-logo-sin-letra-1.jpg 2000w\" sizes=\"(max-width: 1024px) 100vw, 1024px\" \/><\/figure><div class=\"elementor-image-box-content\"><h3 class=\"elementor-image-box-title\">Adrian Villegas Varela<\/h3><p class=\"elementor-image-box-description\">Adrian Villegas Varela Naci\u00f3 en Quer\u00e9taro el 18 de diciembre de 1998, siempre\nmostr\u00f3 inter\u00e9s por la ciencia, y se inclin\u00f3 por las artes al momento de tomar la\ndecisi\u00f3n de estudiar la carrera de Animaci\u00f3n y Arte Digital. Durante su proceso de\nformaci\u00f3n acad\u00e9mica previa a la profesional, resultaba siempre con alguna idea o\ncomentario que desafiaba la autoridad escolar, afortunadamente eso no impidi\u00f3\nrelacionarse con buenas influencias, donde comenz\u00f3 a envolverse en el mundo de\nla fotograf\u00eda y la animaci\u00f3n.\nEsta pasi\u00f3n por el arte, ha permanecido en constante cambio, experimentando\ndistintas t\u00e9cnicas y medios, a trav\u00e9s de su participaci\u00f3n en festivales de\ncortometrajes y la realizaci\u00f3n de animaciones en stop motion; que le han permitido\nprobar con distintos materiales y su proceso de creaci\u00f3n pl\u00e1stico.\nSe puede decir que su trayectoria art\u00edstica ha ido brincando en diferentes medios,\nbuscando su estilo y su definici\u00f3n como un personaje creador multidisciplinario.\n\n<br>Agradecer a los organizadores por este espacio para promover el\narte local y a los artistas emergentes, el poder experimentar y conocer los distintos\nestilo y t\u00e9cnicas que diferentes artistas utilizan, asimismo que las personas puedan\napreciar nuestras obras, es una experiencia extraordinaria.<\/p><\/div><\/div>\t\t\t\t<\/div>\n\t\t\t\t<\/div>\n\t\t\t\t\t<\/div>\n\t\t<\/div>\n\t\t\t\t\t<\/div>\n\t\t<\/section>\n\t\t\t\t<\/div>\n\t\t","protected":false},"excerpt":{"rendered":"<p>&#8220;La serpiente prohibida&#8221; 31 x 21 x 21 cm Adrian Villegas | IG: @adherido_ 2023 Un zootropo, un instrumento hist\u00f3rico olvidado, vuelve con con la intenci\u00f3n desimular una una animaci\u00f3n para la era actual, la pantalla est\u00e1 construida en unaplaca de estireno que fue seccionada en 10 partes iguales, con una ranura de .5 cm,la [&hellip;]<\/p>\n","protected":false},"author":1,"featured_media":0,"parent":0,"menu_order":0,"comment_status":"closed","ping_status":"closed","template":"","meta":{"om_disable_all_campaigns":false,"_monsterinsights_skip_tracking":false,"_monsterinsights_sitenote_active":false,"_monsterinsights_sitenote_note":"","_monsterinsights_sitenote_category":0,"footnotes":""},"class_list":["post-4930","page","type-page","status-publish","hentry"],"aioseo_notices":[],"_links":{"self":[{"href":"https:\/\/doscarasprod.com\/index.php\/wp-json\/wp\/v2\/pages\/4930","targetHints":{"allow":["GET"]}}],"collection":[{"href":"https:\/\/doscarasprod.com\/index.php\/wp-json\/wp\/v2\/pages"}],"about":[{"href":"https:\/\/doscarasprod.com\/index.php\/wp-json\/wp\/v2\/types\/page"}],"author":[{"embeddable":true,"href":"https:\/\/doscarasprod.com\/index.php\/wp-json\/wp\/v2\/users\/1"}],"replies":[{"embeddable":true,"href":"https:\/\/doscarasprod.com\/index.php\/wp-json\/wp\/v2\/comments?post=4930"}],"version-history":[{"count":17,"href":"https:\/\/doscarasprod.com\/index.php\/wp-json\/wp\/v2\/pages\/4930\/revisions"}],"predecessor-version":[{"id":5122,"href":"https:\/\/doscarasprod.com\/index.php\/wp-json\/wp\/v2\/pages\/4930\/revisions\/5122"}],"wp:attachment":[{"href":"https:\/\/doscarasprod.com\/index.php\/wp-json\/wp\/v2\/media?parent=4930"}],"curies":[{"name":"wp","href":"https:\/\/api.w.org\/{rel}","templated":true}]}}