{"id":4924,"date":"2023-07-06T05:46:08","date_gmt":"2023-07-06T05:46:08","guid":{"rendered":"https:\/\/doscarasprod.com\/?page_id=4924"},"modified":"2023-07-16T02:53:38","modified_gmt":"2023-07-16T02:53:38","slug":"luzyoscuridad-tita-paredon","status":"publish","type":"page","link":"https:\/\/doscarasprod.com\/index.php\/luzyoscuridad-tita-paredon\/","title":{"rendered":"Tita Pared\u00f3n"},"content":{"rendered":"\t\t<div data-elementor-type=\"wp-page\" data-elementor-id=\"4924\" class=\"elementor elementor-4924\">\n\t\t\t\t\t\t<section class=\"elementor-section elementor-top-section elementor-element elementor-element-4e9b4247 elementor-section-boxed elementor-section-height-default elementor-section-height-default\" data-id=\"4e9b4247\" data-element_type=\"section\">\n\t\t\t\t\t\t<div class=\"elementor-container elementor-column-gap-default\">\n\t\t\t\t\t<div class=\"elementor-column elementor-col-100 elementor-top-column elementor-element elementor-element-5a61bc0a\" data-id=\"5a61bc0a\" data-element_type=\"column\">\n\t\t\t<div class=\"elementor-widget-wrap elementor-element-populated\">\n\t\t\t\t\t\t<div class=\"elementor-element elementor-element-505565b7 elementor-widget-mobile__width-initial elementor-invisible elementor-widget elementor-widget-image\" data-id=\"505565b7\" data-element_type=\"widget\" data-settings=\"{&quot;_animation&quot;:&quot;fadeIn&quot;}\" data-widget_type=\"image.default\">\n\t\t\t\t<div class=\"elementor-widget-container\">\n\t\t\t\t\t\t\t\t\t\t\t\t\t\t\t<img fetchpriority=\"high\" decoding=\"async\" width=\"1024\" height=\"576\" src=\"https:\/\/doscarasprod.com\/wp-content\/uploads\/2023\/07\/portada-LyO-3-1024x576.jpg\" class=\"attachment-large size-large wp-image-4876\" alt=\"\" srcset=\"https:\/\/doscarasprod.com\/wp-content\/uploads\/2023\/07\/portada-LyO-3-1024x576.jpg 1024w, https:\/\/doscarasprod.com\/wp-content\/uploads\/2023\/07\/portada-LyO-3-300x169.jpg 300w, https:\/\/doscarasprod.com\/wp-content\/uploads\/2023\/07\/portada-LyO-3-768x432.jpg 768w, https:\/\/doscarasprod.com\/wp-content\/uploads\/2023\/07\/portada-LyO-3-1536x864.jpg 1536w, https:\/\/doscarasprod.com\/wp-content\/uploads\/2023\/07\/portada-LyO-3-2048x1152.jpg 2048w, https:\/\/doscarasprod.com\/wp-content\/uploads\/2023\/07\/portada-LyO-3-600x338.jpg 600w\" sizes=\"(max-width: 1024px) 100vw, 1024px\" \/>\t\t\t\t\t\t\t\t\t\t\t\t\t\t\t<\/div>\n\t\t\t\t<\/div>\n\t\t\t\t<div class=\"elementor-element elementor-element-508e63b8 elementor-widget-divider--view-line elementor-widget elementor-widget-divider\" data-id=\"508e63b8\" data-element_type=\"widget\" data-widget_type=\"divider.default\">\n\t\t\t\t<div class=\"elementor-widget-container\">\n\t\t\t\t\t\t\t<div class=\"elementor-divider\">\n\t\t\t<span class=\"elementor-divider-separator\">\n\t\t\t\t\t\t<\/span>\n\t\t<\/div>\n\t\t\t\t\t\t<\/div>\n\t\t\t\t<\/div>\n\t\t\t\t<div class=\"elementor-element elementor-element-683ca4c9 elementor-widget__width-initial elementor-widget-mobile__width-initial elementor-invisible elementor-widget elementor-widget-image\" data-id=\"683ca4c9\" data-element_type=\"widget\" data-settings=\"{&quot;_animation&quot;:&quot;flash&quot;}\" data-widget_type=\"image.default\">\n\t\t\t\t<div class=\"elementor-widget-container\">\n\t\t\t\t\t\t\t\t\t\t\t\t\t\t\t<img decoding=\"async\" width=\"2560\" height=\"2560\" src=\"https:\/\/doscarasprod.com\/wp-content\/uploads\/2023\/07\/Obra-sin-fondo-5-scaled.jpg\" class=\"attachment-full size-full wp-image-5193\" alt=\"\" srcset=\"https:\/\/doscarasprod.com\/wp-content\/uploads\/2023\/07\/Obra-sin-fondo-5-scaled.jpg 2560w, https:\/\/doscarasprod.com\/wp-content\/uploads\/2023\/07\/Obra-sin-fondo-5-300x300.jpg 300w, https:\/\/doscarasprod.com\/wp-content\/uploads\/2023\/07\/Obra-sin-fondo-5-1024x1024.jpg 1024w, https:\/\/doscarasprod.com\/wp-content\/uploads\/2023\/07\/Obra-sin-fondo-5-150x150.jpg 150w, https:\/\/doscarasprod.com\/wp-content\/uploads\/2023\/07\/Obra-sin-fondo-5-768x768.jpg 768w, https:\/\/doscarasprod.com\/wp-content\/uploads\/2023\/07\/Obra-sin-fondo-5-1536x1536.jpg 1536w, https:\/\/doscarasprod.com\/wp-content\/uploads\/2023\/07\/Obra-sin-fondo-5-2048x2048.jpg 2048w, https:\/\/doscarasprod.com\/wp-content\/uploads\/2023\/07\/Obra-sin-fondo-5-600x600.jpg 600w, https:\/\/doscarasprod.com\/wp-content\/uploads\/2023\/07\/Obra-sin-fondo-5-100x100.jpg 100w\" sizes=\"(max-width: 2560px) 100vw, 2560px\" \/>\t\t\t\t\t\t\t\t\t\t\t\t\t\t\t<\/div>\n\t\t\t\t<\/div>\n\t\t\t\t<div class=\"elementor-element elementor-element-54347f2e elementor-widget elementor-widget-text-editor\" data-id=\"54347f2e\" data-element_type=\"widget\" data-widget_type=\"text-editor.default\">\n\t\t\t\t<div class=\"elementor-widget-container\">\n\t\t\t\t\t\t\t\t\t<p>&#8220;Mi ciudad a mis ojos&#8221;<\/p><p>120 x 160 cm<\/p><p>Tita Pared\u00f3n | IG: @creativilita<\/p><p>2023<\/p><p>\u00d3leo sobre bastidor&#8221;<\/p><p>$21,900.00 MXN<\/p>\t\t\t\t\t\t\t\t<\/div>\n\t\t\t\t<\/div>\n\t\t\t\t\t<\/div>\n\t\t<\/div>\n\t\t\t\t\t<\/div>\n\t\t<\/section>\n\t\t\t\t<section class=\"elementor-section elementor-top-section elementor-element elementor-element-1c5ab11 elementor-section-boxed elementor-section-height-default elementor-section-height-default\" data-id=\"1c5ab11\" data-element_type=\"section\">\n\t\t\t\t\t\t<div class=\"elementor-container elementor-column-gap-default\">\n\t\t\t\t\t<div class=\"elementor-column elementor-col-100 elementor-top-column elementor-element elementor-element-7ced68c2\" data-id=\"7ced68c2\" data-element_type=\"column\">\n\t\t\t<div class=\"elementor-widget-wrap elementor-element-populated\">\n\t\t\t\t\t\t<div class=\"elementor-element elementor-element-2e228a40 elementor-widget-divider--view-line elementor-widget elementor-widget-divider\" data-id=\"2e228a40\" data-element_type=\"widget\" data-widget_type=\"divider.default\">\n\t\t\t\t<div class=\"elementor-widget-container\">\n\t\t\t\t\t\t\t<div class=\"elementor-divider\">\n\t\t\t<span class=\"elementor-divider-separator\">\n\t\t\t\t\t\t<\/span>\n\t\t<\/div>\n\t\t\t\t\t\t<\/div>\n\t\t\t\t<\/div>\n\t\t\t\t\t<\/div>\n\t\t<\/div>\n\t\t\t\t\t<\/div>\n\t\t<\/section>\n\t\t\t\t<section class=\"elementor-section elementor-top-section elementor-element elementor-element-243ddba9 elementor-section-stretched elementor-section-boxed elementor-section-height-default elementor-section-height-default elementor-invisible\" data-id=\"243ddba9\" data-element_type=\"section\" data-settings=\"{&quot;stretch_section&quot;:&quot;section-stretched&quot;,&quot;animation&quot;:&quot;fadeIn&quot;}\">\n\t\t\t\t\t\t<div class=\"elementor-container elementor-column-gap-no\">\n\t\t\t\t\t<div class=\"elementor-column elementor-col-100 elementor-top-column elementor-element elementor-element-4abe4cd7\" data-id=\"4abe4cd7\" data-element_type=\"column\">\n\t\t\t<div class=\"elementor-widget-wrap elementor-element-populated\">\n\t\t\t\t\t\t<div class=\"elementor-element elementor-element-617f5705 elementor-widget__width-initial elementor-widget-mobile__width-initial elementor-widget elementor-widget-video\" data-id=\"617f5705\" data-element_type=\"widget\" data-settings=\"{&quot;youtube_url&quot;:&quot;https:\\\/\\\/youtu.be\\\/hFPMYz-jTic&quot;,&quot;autoplay&quot;:&quot;yes&quot;,&quot;play_on_mobile&quot;:&quot;yes&quot;,&quot;mute&quot;:&quot;yes&quot;,&quot;video_type&quot;:&quot;youtube&quot;,&quot;controls&quot;:&quot;yes&quot;}\" data-widget_type=\"video.default\">\n\t\t\t\t<div class=\"elementor-widget-container\">\n\t\t\t\t\t\t\t<div class=\"elementor-wrapper elementor-open-inline\">\n\t\t\t<div class=\"elementor-video\"><\/div>\t\t<\/div>\n\t\t\t\t\t\t<\/div>\n\t\t\t\t<\/div>\n\t\t\t\t<div class=\"elementor-element elementor-element-7564d151 elementor-widget__width-initial elementor-widget-mobile__width-initial elementor-widget elementor-widget-image\" data-id=\"7564d151\" data-element_type=\"widget\" data-widget_type=\"image.default\">\n\t\t\t\t<div class=\"elementor-widget-container\">\n\t\t\t\t\t\t\t\t\t\t\t\t\t\t\t<img decoding=\"async\" width=\"683\" height=\"1024\" src=\"https:\/\/doscarasprod.com\/wp-content\/uploads\/2023\/07\/IMG_6380-683x1024.jpg\" class=\"attachment-large size-large wp-image-5086\" alt=\"\" srcset=\"https:\/\/doscarasprod.com\/wp-content\/uploads\/2023\/07\/IMG_6380-683x1024.jpg 683w, https:\/\/doscarasprod.com\/wp-content\/uploads\/2023\/07\/IMG_6380-200x300.jpg 200w, https:\/\/doscarasprod.com\/wp-content\/uploads\/2023\/07\/IMG_6380-768x1152.jpg 768w, https:\/\/doscarasprod.com\/wp-content\/uploads\/2023\/07\/IMG_6380-1024x1536.jpg 1024w, https:\/\/doscarasprod.com\/wp-content\/uploads\/2023\/07\/IMG_6380-1365x2048.jpg 1365w, https:\/\/doscarasprod.com\/wp-content\/uploads\/2023\/07\/IMG_6380-600x900.jpg 600w, https:\/\/doscarasprod.com\/wp-content\/uploads\/2023\/07\/IMG_6380.jpg 1510w\" sizes=\"(max-width: 683px) 100vw, 683px\" \/>\t\t\t\t\t\t\t\t\t\t\t\t\t\t\t<\/div>\n\t\t\t\t<\/div>\n\t\t\t\t\t<\/div>\n\t\t<\/div>\n\t\t\t\t\t<\/div>\n\t\t<\/section>\n\t\t\t\t<section class=\"elementor-section elementor-top-section elementor-element elementor-element-4591e1bc elementor-section-boxed elementor-section-height-default elementor-section-height-default\" data-id=\"4591e1bc\" data-element_type=\"section\">\n\t\t\t\t\t\t<div class=\"elementor-container elementor-column-gap-default\">\n\t\t\t\t\t<div class=\"elementor-column elementor-col-100 elementor-top-column elementor-element elementor-element-472a3a19\" data-id=\"472a3a19\" data-element_type=\"column\">\n\t\t\t<div class=\"elementor-widget-wrap elementor-element-populated\">\n\t\t\t\t\t\t<div class=\"elementor-element elementor-element-5139f035 elementor-widget-divider--view-line elementor-widget elementor-widget-divider\" data-id=\"5139f035\" data-element_type=\"widget\" data-widget_type=\"divider.default\">\n\t\t\t\t<div class=\"elementor-widget-container\">\n\t\t\t\t\t\t\t<div class=\"elementor-divider\">\n\t\t\t<span class=\"elementor-divider-separator\">\n\t\t\t\t\t\t<\/span>\n\t\t<\/div>\n\t\t\t\t\t\t<\/div>\n\t\t\t\t<\/div>\n\t\t\t\t\t<\/div>\n\t\t<\/div>\n\t\t\t\t\t<\/div>\n\t\t<\/section>\n\t\t\t\t<section class=\"elementor-section elementor-top-section elementor-element elementor-element-afe9ae0 elementor-section-boxed elementor-section-height-default elementor-section-height-default elementor-invisible\" data-id=\"afe9ae0\" data-element_type=\"section\" data-settings=\"{&quot;animation&quot;:&quot;fadeInUp&quot;}\">\n\t\t\t\t\t\t<div class=\"elementor-container elementor-column-gap-default\">\n\t\t\t\t\t<div class=\"elementor-column elementor-col-100 elementor-top-column elementor-element elementor-element-5568b2e8\" data-id=\"5568b2e8\" data-element_type=\"column\">\n\t\t\t<div class=\"elementor-widget-wrap elementor-element-populated\">\n\t\t\t\t\t\t<div class=\"elementor-element elementor-element-4a78a5a0 elementor-position-left elementor-vertical-align-top elementor-widget elementor-widget-image-box\" data-id=\"4a78a5a0\" data-element_type=\"widget\" data-widget_type=\"image-box.default\">\n\t\t\t\t<div class=\"elementor-widget-container\">\n\t\t\t\t\t<div class=\"elementor-image-box-wrapper\"><figure class=\"elementor-image-box-img\"><img loading=\"lazy\" decoding=\"async\" width=\"683\" height=\"1024\" src=\"https:\/\/doscarasprod.com\/wp-content\/uploads\/2023\/07\/IMG_6388-683x1024.jpg\" class=\"elementor-animation-grow attachment-large size-large wp-image-5087\" alt=\"\" srcset=\"https:\/\/doscarasprod.com\/wp-content\/uploads\/2023\/07\/IMG_6388-683x1024.jpg 683w, https:\/\/doscarasprod.com\/wp-content\/uploads\/2023\/07\/IMG_6388-200x300.jpg 200w, https:\/\/doscarasprod.com\/wp-content\/uploads\/2023\/07\/IMG_6388-768x1152.jpg 768w, https:\/\/doscarasprod.com\/wp-content\/uploads\/2023\/07\/IMG_6388-1024x1536.jpg 1024w, https:\/\/doscarasprod.com\/wp-content\/uploads\/2023\/07\/IMG_6388-1365x2048.jpg 1365w, https:\/\/doscarasprod.com\/wp-content\/uploads\/2023\/07\/IMG_6388-600x900.jpg 600w, https:\/\/doscarasprod.com\/wp-content\/uploads\/2023\/07\/IMG_6388.jpg 1600w\" sizes=\"(max-width: 683px) 100vw, 683px\" \/><\/figure><div class=\"elementor-image-box-content\"><h3 class=\"elementor-image-box-title\">Mar\u00eda de los \u00c1ngeles Rodr\u00edguez Pared\u00f3n<\/h3><p class=\"elementor-image-box-description\">Mar\u00eda de los \u00c1ngeles Rodr\u00edguez Pared\u00f3n, con el nombre art\u00edstico\nTita Pared\u00f3n, hija de Juana Pared\u00f3n y Alberto Rodr\u00edguez, la menor de\ncuatro hijos, nacida el 12 de abril de 1998, de origen Guanajuatense.\nDesde los 11 a\u00f1os se interes\u00f3 en la pintura y se inscribi\u00f3 a clases en la\nCasa de Cultura de San Jos\u00e9 Iturbide, desafortunadamente a su corta\nedad la vida le present\u00f3 algunas dificultades, lo cual hizo que cayera\nen depresi\u00f3n y abandonara su sue\u00f1o art\u00edstico.\nNunca dej\u00f3 de dibujar, pero la poca pr\u00e1ctica nunca di\u00f3 resultados,\ncon algunos tropiezos termin\u00f3 la preparatoria, se inscribi\u00f3 a la\nuniversidad en el 2017, en diciembre de 2020 se gradu\u00f3 y finalmente\nen mayo de 2022 recibi\u00f3 su t\u00edtulo de Ingeniera en animaci\u00f3n y efectos\nvisuales.\nA finales del a\u00f1o 2021 decidi\u00f3 seguir el sue\u00f1o de la ni\u00f1a que un d\u00eda fue,\nvolvi\u00f3 a inscribirse a clases en la Casas de Cultura de San Jos\u00e9 Iturbide\ny as\u00ed comenz\u00f3 su nueva etapa de vida.\nInicio a pintar en acr\u00edlico y unos meses m\u00e1s tarde se introdujo\na la pintura en \u00f3leo.\nEn Mayo de 2022 hace una r\u00e9plica de la noche estrellada de Vincent\nVan Gogh y ese d\u00eda decidi\u00f3 que pintar era lo que quer\u00eda hacer el resto\nde su vida, continu\u00f3 pintando y en Junio del mismo a\u00f1o, lanza su\nmarca \u201cTita Pared\u00f3n - Arte para no morir\u201d, de ah\u00ed ha presentado su\narte en diferentes bazares, en su lugar de origen, as\u00ed como en la ciudad\nde Quer\u00e9taro.\nSu objetivo es hacer pintura al \u00f3leo al alcance de todos.<\/p><\/div><\/div>\t\t\t\t<\/div>\n\t\t\t\t<\/div>\n\t\t\t\t\t<\/div>\n\t\t<\/div>\n\t\t\t\t\t<\/div>\n\t\t<\/section>\n\t\t\t\t<\/div>\n\t\t","protected":false},"excerpt":{"rendered":"<p>&#8220;Mi ciudad a mis ojos&#8221; 120 x 160 cm Tita Pared\u00f3n | IG: @creativilita 2023 \u00d3leo sobre bastidor&#8221; $21,900.00 MXN Mar\u00eda de los \u00c1ngeles Rodr\u00edguez Pared\u00f3n Mar\u00eda de los \u00c1ngeles Rodr\u00edguez Pared\u00f3n, con el nombre art\u00edstico Tita Pared\u00f3n, hija de Juana Pared\u00f3n y Alberto Rodr\u00edguez, la menor de cuatro hijos, nacida el 12 de abril [&hellip;]<\/p>\n","protected":false},"author":1,"featured_media":0,"parent":0,"menu_order":0,"comment_status":"closed","ping_status":"closed","template":"","meta":{"om_disable_all_campaigns":false,"_monsterinsights_skip_tracking":false,"_monsterinsights_sitenote_active":false,"_monsterinsights_sitenote_note":"","_monsterinsights_sitenote_category":0,"footnotes":""},"class_list":["post-4924","page","type-page","status-publish","hentry"],"aioseo_notices":[],"_links":{"self":[{"href":"https:\/\/doscarasprod.com\/index.php\/wp-json\/wp\/v2\/pages\/4924","targetHints":{"allow":["GET"]}}],"collection":[{"href":"https:\/\/doscarasprod.com\/index.php\/wp-json\/wp\/v2\/pages"}],"about":[{"href":"https:\/\/doscarasprod.com\/index.php\/wp-json\/wp\/v2\/types\/page"}],"author":[{"embeddable":true,"href":"https:\/\/doscarasprod.com\/index.php\/wp-json\/wp\/v2\/users\/1"}],"replies":[{"embeddable":true,"href":"https:\/\/doscarasprod.com\/index.php\/wp-json\/wp\/v2\/comments?post=4924"}],"version-history":[{"count":20,"href":"https:\/\/doscarasprod.com\/index.php\/wp-json\/wp\/v2\/pages\/4924\/revisions"}],"predecessor-version":[{"id":5196,"href":"https:\/\/doscarasprod.com\/index.php\/wp-json\/wp\/v2\/pages\/4924\/revisions\/5196"}],"wp:attachment":[{"href":"https:\/\/doscarasprod.com\/index.php\/wp-json\/wp\/v2\/media?parent=4924"}],"curies":[{"name":"wp","href":"https:\/\/api.w.org\/{rel}","templated":true}]}}