{"id":4868,"date":"2023-07-05T04:47:19","date_gmt":"2023-07-05T04:47:19","guid":{"rendered":"https:\/\/doscarasprod.com\/?page_id=4868"},"modified":"2023-07-16T02:45:27","modified_gmt":"2023-07-16T02:45:27","slug":"luzyoscuridad-armin-rubio","status":"publish","type":"page","link":"https:\/\/doscarasprod.com\/index.php\/luzyoscuridad-armin-rubio\/","title":{"rendered":"Armin Rubio"},"content":{"rendered":"\t\t<div data-elementor-type=\"wp-page\" data-elementor-id=\"4868\" class=\"elementor elementor-4868\">\n\t\t\t\t\t\t<section class=\"elementor-section elementor-top-section elementor-element elementor-element-7b8c10bb elementor-section-boxed elementor-section-height-default elementor-section-height-default\" data-id=\"7b8c10bb\" data-element_type=\"section\">\n\t\t\t\t\t\t<div class=\"elementor-container elementor-column-gap-default\">\n\t\t\t\t\t<div class=\"elementor-column elementor-col-100 elementor-top-column elementor-element elementor-element-612091f8\" data-id=\"612091f8\" data-element_type=\"column\">\n\t\t\t<div class=\"elementor-widget-wrap elementor-element-populated\">\n\t\t\t\t\t\t<div class=\"elementor-element elementor-element-2621f9f elementor-widget__width-initial elementor-invisible elementor-widget elementor-widget-image\" data-id=\"2621f9f\" data-element_type=\"widget\" data-settings=\"{&quot;_animation&quot;:&quot;fadeIn&quot;}\" data-widget_type=\"image.default\">\n\t\t\t\t<div class=\"elementor-widget-container\">\n\t\t\t\t\t\t\t\t\t\t\t\t\t\t\t<img fetchpriority=\"high\" decoding=\"async\" width=\"2560\" height=\"1440\" src=\"https:\/\/doscarasprod.com\/wp-content\/uploads\/2023\/07\/portada-LyO-3.jpg\" class=\"attachment-full size-full wp-image-4876\" alt=\"\" srcset=\"https:\/\/doscarasprod.com\/wp-content\/uploads\/2023\/07\/portada-LyO-3.jpg 2560w, https:\/\/doscarasprod.com\/wp-content\/uploads\/2023\/07\/portada-LyO-3-300x169.jpg 300w, https:\/\/doscarasprod.com\/wp-content\/uploads\/2023\/07\/portada-LyO-3-1024x576.jpg 1024w, https:\/\/doscarasprod.com\/wp-content\/uploads\/2023\/07\/portada-LyO-3-768x432.jpg 768w, https:\/\/doscarasprod.com\/wp-content\/uploads\/2023\/07\/portada-LyO-3-1536x864.jpg 1536w, https:\/\/doscarasprod.com\/wp-content\/uploads\/2023\/07\/portada-LyO-3-2048x1152.jpg 2048w, https:\/\/doscarasprod.com\/wp-content\/uploads\/2023\/07\/portada-LyO-3-600x338.jpg 600w\" sizes=\"(max-width: 2560px) 100vw, 2560px\" \/>\t\t\t\t\t\t\t\t\t\t\t\t\t\t\t<\/div>\n\t\t\t\t<\/div>\n\t\t\t\t<div class=\"elementor-element elementor-element-28a71bc8 elementor-widget-divider--view-line elementor-widget elementor-widget-divider\" data-id=\"28a71bc8\" data-element_type=\"widget\" data-widget_type=\"divider.default\">\n\t\t\t\t<div class=\"elementor-widget-container\">\n\t\t\t\t\t\t\t<div class=\"elementor-divider\">\n\t\t\t<span class=\"elementor-divider-separator\">\n\t\t\t\t\t\t<\/span>\n\t\t<\/div>\n\t\t\t\t\t\t<\/div>\n\t\t\t\t<\/div>\n\t\t\t\t<div class=\"elementor-element elementor-element-529012d3 elementor-widget__width-initial elementor-invisible elementor-widget elementor-widget-image\" data-id=\"529012d3\" data-element_type=\"widget\" data-settings=\"{&quot;_animation&quot;:&quot;flash&quot;}\" data-widget_type=\"image.default\">\n\t\t\t\t<div class=\"elementor-widget-container\">\n\t\t\t\t\t\t\t\t\t\t\t\t\t\t\t<img decoding=\"async\" width=\"2560\" height=\"2560\" src=\"https:\/\/doscarasprod.com\/wp-content\/uploads\/2023\/07\/Obra-sin-fondo-1-scaled.jpg\" class=\"attachment-full size-full wp-image-5072\" alt=\"\" srcset=\"https:\/\/doscarasprod.com\/wp-content\/uploads\/2023\/07\/Obra-sin-fondo-1-scaled.jpg 2560w, https:\/\/doscarasprod.com\/wp-content\/uploads\/2023\/07\/Obra-sin-fondo-1-300x300.jpg 300w, https:\/\/doscarasprod.com\/wp-content\/uploads\/2023\/07\/Obra-sin-fondo-1-1024x1024.jpg 1024w, https:\/\/doscarasprod.com\/wp-content\/uploads\/2023\/07\/Obra-sin-fondo-1-150x150.jpg 150w, https:\/\/doscarasprod.com\/wp-content\/uploads\/2023\/07\/Obra-sin-fondo-1-768x768.jpg 768w, https:\/\/doscarasprod.com\/wp-content\/uploads\/2023\/07\/Obra-sin-fondo-1-1536x1536.jpg 1536w, https:\/\/doscarasprod.com\/wp-content\/uploads\/2023\/07\/Obra-sin-fondo-1-2048x2048.jpg 2048w, https:\/\/doscarasprod.com\/wp-content\/uploads\/2023\/07\/Obra-sin-fondo-1-600x600.jpg 600w, https:\/\/doscarasprod.com\/wp-content\/uploads\/2023\/07\/Obra-sin-fondo-1-100x100.jpg 100w\" sizes=\"(max-width: 2560px) 100vw, 2560px\" \/>\t\t\t\t\t\t\t\t\t\t\t\t\t\t\t<\/div>\n\t\t\t\t<\/div>\n\t\t\t\t<div class=\"elementor-element elementor-element-1d8eee6f elementor-widget elementor-widget-text-editor\" data-id=\"1d8eee6f\" data-element_type=\"widget\" data-widget_type=\"text-editor.default\">\n\t\t\t\t<div class=\"elementor-widget-container\">\n\t\t\t\t\t\t\t\t\t<p>\u201cLas ventanas del alma\u201d<\/p><p>86 x 61 cm<\/p><p>Armin Rubio | IG: @armin_rubv<\/p><p>2023<\/p><p>Acr\u00edlico sobre madera<\/p><p><span style=\"font-weight: 400;\">Mi madre siempre me mencion\u00f3 los ojos son las ventanas del alma la verdad ante una mentira la certeza absoluta.<\/span><\/p><p><span style=\"font-weight: 400;\">Sin embargo mencion\u00f3 no existen las buenas o malas personas s\u00f3lo existen personas que toman buenas o malas decisiones.<\/span><\/p><p>$15,000.00 MXN<\/p>\t\t\t\t\t\t\t\t<\/div>\n\t\t\t\t<\/div>\n\t\t\t\t\t<\/div>\n\t\t<\/div>\n\t\t\t\t\t<\/div>\n\t\t<\/section>\n\t\t\t\t<section class=\"elementor-section elementor-top-section elementor-element elementor-element-56378e68 elementor-section-boxed elementor-section-height-default elementor-section-height-default\" data-id=\"56378e68\" data-element_type=\"section\">\n\t\t\t\t\t\t<div class=\"elementor-container elementor-column-gap-default\">\n\t\t\t\t\t<div class=\"elementor-column elementor-col-100 elementor-top-column elementor-element elementor-element-11445632\" data-id=\"11445632\" data-element_type=\"column\">\n\t\t\t<div class=\"elementor-widget-wrap elementor-element-populated\">\n\t\t\t\t\t\t<div class=\"elementor-element elementor-element-5636f55d elementor-widget-divider--view-line elementor-widget elementor-widget-divider\" data-id=\"5636f55d\" data-element_type=\"widget\" data-widget_type=\"divider.default\">\n\t\t\t\t<div class=\"elementor-widget-container\">\n\t\t\t\t\t\t\t<div class=\"elementor-divider\">\n\t\t\t<span class=\"elementor-divider-separator\">\n\t\t\t\t\t\t<\/span>\n\t\t<\/div>\n\t\t\t\t\t\t<\/div>\n\t\t\t\t<\/div>\n\t\t\t\t<div class=\"elementor-element elementor-element-4b83b53a elementor-widget__width-initial elementor-invisible elementor-widget elementor-widget-image\" data-id=\"4b83b53a\" data-element_type=\"widget\" data-settings=\"{&quot;_animation&quot;:&quot;flash&quot;}\" data-widget_type=\"image.default\">\n\t\t\t\t<div class=\"elementor-widget-container\">\n\t\t\t\t\t\t\t\t\t\t\t\t\t\t\t<img decoding=\"async\" width=\"2560\" height=\"2560\" src=\"https:\/\/doscarasprod.com\/wp-content\/uploads\/2023\/07\/Obra-sin-fondo2-scaled.jpg\" class=\"attachment-full size-full wp-image-5175\" alt=\"\" srcset=\"https:\/\/doscarasprod.com\/wp-content\/uploads\/2023\/07\/Obra-sin-fondo2-scaled.jpg 2560w, https:\/\/doscarasprod.com\/wp-content\/uploads\/2023\/07\/Obra-sin-fondo2-300x300.jpg 300w, https:\/\/doscarasprod.com\/wp-content\/uploads\/2023\/07\/Obra-sin-fondo2-1024x1024.jpg 1024w, https:\/\/doscarasprod.com\/wp-content\/uploads\/2023\/07\/Obra-sin-fondo2-150x150.jpg 150w, https:\/\/doscarasprod.com\/wp-content\/uploads\/2023\/07\/Obra-sin-fondo2-768x768.jpg 768w, https:\/\/doscarasprod.com\/wp-content\/uploads\/2023\/07\/Obra-sin-fondo2-1536x1536.jpg 1536w, https:\/\/doscarasprod.com\/wp-content\/uploads\/2023\/07\/Obra-sin-fondo2-2048x2048.jpg 2048w, https:\/\/doscarasprod.com\/wp-content\/uploads\/2023\/07\/Obra-sin-fondo2-600x600.jpg 600w, https:\/\/doscarasprod.com\/wp-content\/uploads\/2023\/07\/Obra-sin-fondo2-100x100.jpg 100w\" sizes=\"(max-width: 2560px) 100vw, 2560px\" \/>\t\t\t\t\t\t\t\t\t\t\t\t\t\t\t<\/div>\n\t\t\t\t<\/div>\n\t\t\t\t<div class=\"elementor-element elementor-element-2181a27 elementor-widget elementor-widget-text-editor\" data-id=\"2181a27\" data-element_type=\"widget\" data-widget_type=\"text-editor.default\">\n\t\t\t\t<div class=\"elementor-widget-container\">\n\t\t\t\t\t\t\t\t\t<p>\u201cSinergia\u201d<\/p><p>76.5 x 50cm<\/p><p>Armin Rubio | IG: @armin_rubv<\/p><p>2023<\/p><p>Acr\u00edlicos y materiales mixtos<\/p><p><span style=\"font-weight: 400;\">(Naturaleza seca Celof\u00e1n fomi moldeable Hilos multicolor ne\u00f3n)<\/span><\/p><p><span style=\"font-weight: 400;\">Una transici\u00f3n de emociones simult\u00e1neas qu\u00e9 mandan sutilmente la carencia de amor a\u00fan en su abundancia.<\/span><\/p><p><span style=\"font-weight: 400;\">Dolor, amor, habilidad, decisi\u00f3n.<\/span><\/p><p>$10,000.00 MXN<\/p>\t\t\t\t\t\t\t\t<\/div>\n\t\t\t\t<\/div>\n\t\t\t\t\t<\/div>\n\t\t<\/div>\n\t\t\t\t\t<\/div>\n\t\t<\/section>\n\t\t\t\t<section class=\"elementor-section elementor-top-section elementor-element elementor-element-3f94c408 elementor-section-boxed elementor-section-height-default elementor-section-height-default\" data-id=\"3f94c408\" data-element_type=\"section\">\n\t\t\t\t\t\t<div class=\"elementor-container elementor-column-gap-default\">\n\t\t\t\t\t<div class=\"elementor-column elementor-col-100 elementor-top-column elementor-element elementor-element-5227e1a0\" data-id=\"5227e1a0\" data-element_type=\"column\">\n\t\t\t<div class=\"elementor-widget-wrap elementor-element-populated\">\n\t\t\t\t\t\t<div class=\"elementor-element elementor-element-5509169e elementor-widget-divider--view-line elementor-widget elementor-widget-divider\" data-id=\"5509169e\" data-element_type=\"widget\" data-widget_type=\"divider.default\">\n\t\t\t\t<div class=\"elementor-widget-container\">\n\t\t\t\t\t\t\t<div class=\"elementor-divider\">\n\t\t\t<span class=\"elementor-divider-separator\">\n\t\t\t\t\t\t<\/span>\n\t\t<\/div>\n\t\t\t\t\t\t<\/div>\n\t\t\t\t<\/div>\n\t\t\t\t\t<\/div>\n\t\t<\/div>\n\t\t\t\t\t<\/div>\n\t\t<\/section>\n\t\t\t\t<section class=\"elementor-section elementor-top-section elementor-element elementor-element-7cc3a322 elementor-section-stretched elementor-section-boxed elementor-section-height-default elementor-section-height-default elementor-invisible\" data-id=\"7cc3a322\" data-element_type=\"section\" data-settings=\"{&quot;stretch_section&quot;:&quot;section-stretched&quot;,&quot;animation&quot;:&quot;fadeIn&quot;}\">\n\t\t\t\t\t\t<div class=\"elementor-container elementor-column-gap-no\">\n\t\t\t\t\t<div class=\"elementor-column elementor-col-100 elementor-top-column elementor-element elementor-element-1d3f3356\" data-id=\"1d3f3356\" data-element_type=\"column\">\n\t\t\t<div class=\"elementor-widget-wrap elementor-element-populated\">\n\t\t\t\t\t\t<div class=\"elementor-element elementor-element-78cf82ce elementor-widget__width-initial elementor-widget-mobile__width-initial elementor-widget elementor-widget-video\" data-id=\"78cf82ce\" data-element_type=\"widget\" data-settings=\"{&quot;youtube_url&quot;:&quot;https:\\\/\\\/youtu.be\\\/cyodhwE4UsI&quot;,&quot;autoplay&quot;:&quot;yes&quot;,&quot;play_on_mobile&quot;:&quot;yes&quot;,&quot;mute&quot;:&quot;yes&quot;,&quot;video_type&quot;:&quot;youtube&quot;,&quot;controls&quot;:&quot;yes&quot;}\" data-widget_type=\"video.default\">\n\t\t\t\t<div class=\"elementor-widget-container\">\n\t\t\t\t\t\t\t<div class=\"elementor-wrapper elementor-open-inline\">\n\t\t\t<div class=\"elementor-video\"><\/div>\t\t<\/div>\n\t\t\t\t\t\t<\/div>\n\t\t\t\t<\/div>\n\t\t\t\t<div class=\"elementor-element elementor-element-5049481e elementor-widget__width-initial elementor-widget-mobile__width-initial elementor-widget elementor-widget-image\" data-id=\"5049481e\" data-element_type=\"widget\" data-widget_type=\"image.default\">\n\t\t\t\t<div class=\"elementor-widget-container\">\n\t\t\t\t\t\t\t\t\t\t\t\t\t\t\t<img loading=\"lazy\" decoding=\"async\" width=\"592\" height=\"1024\" src=\"https:\/\/doscarasprod.com\/wp-content\/uploads\/2023\/07\/IMG_0661-592x1024.jpg\" class=\"attachment-large size-large wp-image-5074\" alt=\"\" srcset=\"https:\/\/doscarasprod.com\/wp-content\/uploads\/2023\/07\/IMG_0661-592x1024.jpg 592w, https:\/\/doscarasprod.com\/wp-content\/uploads\/2023\/07\/IMG_0661-174x300.jpg 174w, https:\/\/doscarasprod.com\/wp-content\/uploads\/2023\/07\/IMG_0661-768x1328.jpg 768w, https:\/\/doscarasprod.com\/wp-content\/uploads\/2023\/07\/IMG_0661-888x1536.jpg 888w, https:\/\/doscarasprod.com\/wp-content\/uploads\/2023\/07\/IMG_0661-1184x2048.jpg 1184w, https:\/\/doscarasprod.com\/wp-content\/uploads\/2023\/07\/IMG_0661-600x1037.jpg 600w, https:\/\/doscarasprod.com\/wp-content\/uploads\/2023\/07\/IMG_0661-scaled.jpg 1481w\" sizes=\"(max-width: 592px) 100vw, 592px\" \/>\t\t\t\t\t\t\t\t\t\t\t\t\t\t\t<\/div>\n\t\t\t\t<\/div>\n\t\t\t\t\t<\/div>\n\t\t<\/div>\n\t\t\t\t\t<\/div>\n\t\t<\/section>\n\t\t\t\t<section class=\"elementor-section elementor-top-section elementor-element elementor-element-36cd452e elementor-section-boxed elementor-section-height-default elementor-section-height-default\" data-id=\"36cd452e\" data-element_type=\"section\">\n\t\t\t\t\t\t<div class=\"elementor-container elementor-column-gap-default\">\n\t\t\t\t\t<div class=\"elementor-column elementor-col-100 elementor-top-column elementor-element elementor-element-48001cab\" data-id=\"48001cab\" data-element_type=\"column\">\n\t\t\t<div class=\"elementor-widget-wrap elementor-element-populated\">\n\t\t\t\t\t\t<div class=\"elementor-element elementor-element-4bc5c6e7 elementor-widget-divider--view-line elementor-widget elementor-widget-divider\" data-id=\"4bc5c6e7\" data-element_type=\"widget\" data-widget_type=\"divider.default\">\n\t\t\t\t<div class=\"elementor-widget-container\">\n\t\t\t\t\t\t\t<div class=\"elementor-divider\">\n\t\t\t<span class=\"elementor-divider-separator\">\n\t\t\t\t\t\t<\/span>\n\t\t<\/div>\n\t\t\t\t\t\t<\/div>\n\t\t\t\t<\/div>\n\t\t\t\t\t<\/div>\n\t\t<\/div>\n\t\t\t\t\t<\/div>\n\t\t<\/section>\n\t\t\t\t<section class=\"elementor-section elementor-top-section elementor-element elementor-element-5cda26fe elementor-section-boxed elementor-section-height-default elementor-section-height-default elementor-invisible\" data-id=\"5cda26fe\" data-element_type=\"section\" data-settings=\"{&quot;animation&quot;:&quot;fadeInUp&quot;}\">\n\t\t\t\t\t\t<div class=\"elementor-container elementor-column-gap-default\">\n\t\t\t\t\t<div class=\"elementor-column elementor-col-100 elementor-top-column elementor-element elementor-element-36039d84\" data-id=\"36039d84\" data-element_type=\"column\">\n\t\t\t<div class=\"elementor-widget-wrap elementor-element-populated\">\n\t\t\t\t\t\t<div class=\"elementor-element elementor-element-5be7b76b elementor-position-left elementor-vertical-align-top elementor-widget elementor-widget-image-box\" data-id=\"5be7b76b\" data-element_type=\"widget\" data-widget_type=\"image-box.default\">\n\t\t\t\t<div class=\"elementor-widget-container\">\n\t\t\t\t\t<div class=\"elementor-image-box-wrapper\"><figure class=\"elementor-image-box-img\"><img loading=\"lazy\" decoding=\"async\" width=\"1024\" height=\"683\" src=\"https:\/\/doscarasprod.com\/wp-content\/uploads\/2023\/07\/IMG_0669-1024x683.jpg\" class=\"elementor-animation-grow attachment-large size-large wp-image-5075\" alt=\"\" srcset=\"https:\/\/doscarasprod.com\/wp-content\/uploads\/2023\/07\/IMG_0669-1024x683.jpg 1024w, https:\/\/doscarasprod.com\/wp-content\/uploads\/2023\/07\/IMG_0669-300x200.jpg 300w, https:\/\/doscarasprod.com\/wp-content\/uploads\/2023\/07\/IMG_0669-768x512.jpg 768w, https:\/\/doscarasprod.com\/wp-content\/uploads\/2023\/07\/IMG_0669-1536x1024.jpg 1536w, https:\/\/doscarasprod.com\/wp-content\/uploads\/2023\/07\/IMG_0669-2048x1365.jpg 2048w, https:\/\/doscarasprod.com\/wp-content\/uploads\/2023\/07\/IMG_0669-600x400.jpg 600w\" sizes=\"(max-width: 1024px) 100vw, 1024px\" \/><\/figure><div class=\"elementor-image-box-content\"><h3 class=\"elementor-image-box-title\">Armin Rubio<\/h3><p class=\"elementor-image-box-description\">Nacido el 8 de agosto de 1990 en Quer\u00e9taro Quer\u00e9taro. <br>Desde peque\u00f1o tuvo inclinaci\u00f3n por diversas disciplinas art\u00edsticas. Siendo la m\u00fasica y la pintura su principal medio de expresi\u00f3n art\u00edstica.\nEn el 2008 ingres\u00f3 al conservatorio de m\u00fasica Jos\u00e9 Guadalupe Vel\u00e1zquez inclin\u00e1ndose el instrumento de guitarra cl\u00e1sica.\nA la par continu\u00f3 con las artes pl\u00e1sticas experimentando con diferentes t\u00e9cnicas libres. Siendo la intervenci\u00f3n y la saturaci\u00f3n sus principales procedimientos que utiliza.\n<\/p><\/div><\/div>\t\t\t\t<\/div>\n\t\t\t\t<\/div>\n\t\t\t\t\t<\/div>\n\t\t<\/div>\n\t\t\t\t\t<\/div>\n\t\t<\/section>\n\t\t\t\t<\/div>\n\t\t","protected":false},"excerpt":{"rendered":"<p>\u201cLas ventanas del alma\u201d 86 x 61 cm Armin Rubio | IG: @armin_rubv 2023 Acr\u00edlico sobre madera Mi madre siempre me mencion\u00f3 los ojos son las ventanas del alma la verdad ante una mentira la certeza absoluta. Sin embargo mencion\u00f3 no existen las buenas o malas personas s\u00f3lo existen personas que toman buenas o malas [&hellip;]<\/p>\n","protected":false},"author":1,"featured_media":0,"parent":0,"menu_order":0,"comment_status":"closed","ping_status":"closed","template":"","meta":{"om_disable_all_campaigns":false,"_monsterinsights_skip_tracking":false,"_monsterinsights_sitenote_active":false,"_monsterinsights_sitenote_note":"","_monsterinsights_sitenote_category":0,"footnotes":""},"class_list":["post-4868","page","type-page","status-publish","hentry"],"aioseo_notices":[],"_links":{"self":[{"href":"https:\/\/doscarasprod.com\/index.php\/wp-json\/wp\/v2\/pages\/4868","targetHints":{"allow":["GET"]}}],"collection":[{"href":"https:\/\/doscarasprod.com\/index.php\/wp-json\/wp\/v2\/pages"}],"about":[{"href":"https:\/\/doscarasprod.com\/index.php\/wp-json\/wp\/v2\/types\/page"}],"author":[{"embeddable":true,"href":"https:\/\/doscarasprod.com\/index.php\/wp-json\/wp\/v2\/users\/1"}],"replies":[{"embeddable":true,"href":"https:\/\/doscarasprod.com\/index.php\/wp-json\/wp\/v2\/comments?post=4868"}],"version-history":[{"count":25,"href":"https:\/\/doscarasprod.com\/index.php\/wp-json\/wp\/v2\/pages\/4868\/revisions"}],"predecessor-version":[{"id":5182,"href":"https:\/\/doscarasprod.com\/index.php\/wp-json\/wp\/v2\/pages\/4868\/revisions\/5182"}],"wp:attachment":[{"href":"https:\/\/doscarasprod.com\/index.php\/wp-json\/wp\/v2\/media?parent=4868"}],"curies":[{"name":"wp","href":"https:\/\/api.w.org\/{rel}","templated":true}]}}