{"id":4850,"date":"2023-07-04T04:05:02","date_gmt":"2023-07-04T04:05:02","guid":{"rendered":"https:\/\/doscarasprod.com\/?page_id=4850"},"modified":"2023-07-06T05:40:58","modified_gmt":"2023-07-06T05:40:58","slug":"luzyoscuridad-nancy-del-rio","status":"publish","type":"page","link":"https:\/\/doscarasprod.com\/index.php\/luzyoscuridad-nancy-del-rio\/","title":{"rendered":"Nancy del R\u00edo"},"content":{"rendered":"\t\t<div data-elementor-type=\"wp-page\" data-elementor-id=\"4850\" class=\"elementor elementor-4850\">\n\t\t\t\t\t\t<section class=\"elementor-section elementor-top-section elementor-element elementor-element-19c85c2 elementor-section-boxed elementor-section-height-default elementor-section-height-default\" data-id=\"19c85c2\" data-element_type=\"section\">\n\t\t\t\t\t\t<div class=\"elementor-container elementor-column-gap-default\">\n\t\t\t\t\t<div class=\"elementor-column elementor-col-100 elementor-top-column elementor-element elementor-element-454f9bc\" data-id=\"454f9bc\" data-element_type=\"column\">\n\t\t\t<div class=\"elementor-widget-wrap elementor-element-populated\">\n\t\t\t\t\t\t<div class=\"elementor-element elementor-element-8782df6 elementor-widget-mobile__width-initial elementor-invisible elementor-widget elementor-widget-image\" data-id=\"8782df6\" data-element_type=\"widget\" data-settings=\"{&quot;_animation&quot;:&quot;fadeIn&quot;}\" data-widget_type=\"image.default\">\n\t\t\t\t<div class=\"elementor-widget-container\">\n\t\t\t\t\t\t\t\t\t\t\t\t\t\t\t<img fetchpriority=\"high\" decoding=\"async\" width=\"1024\" height=\"576\" src=\"https:\/\/doscarasprod.com\/wp-content\/uploads\/2023\/07\/portada-LyO-3-1024x576.jpg\" class=\"attachment-large size-large wp-image-4876\" alt=\"\" srcset=\"https:\/\/doscarasprod.com\/wp-content\/uploads\/2023\/07\/portada-LyO-3-1024x576.jpg 1024w, https:\/\/doscarasprod.com\/wp-content\/uploads\/2023\/07\/portada-LyO-3-300x169.jpg 300w, https:\/\/doscarasprod.com\/wp-content\/uploads\/2023\/07\/portada-LyO-3-768x432.jpg 768w, https:\/\/doscarasprod.com\/wp-content\/uploads\/2023\/07\/portada-LyO-3-1536x864.jpg 1536w, https:\/\/doscarasprod.com\/wp-content\/uploads\/2023\/07\/portada-LyO-3-2048x1152.jpg 2048w, https:\/\/doscarasprod.com\/wp-content\/uploads\/2023\/07\/portada-LyO-3-600x338.jpg 600w\" sizes=\"(max-width: 1024px) 100vw, 1024px\" \/>\t\t\t\t\t\t\t\t\t\t\t\t\t\t\t<\/div>\n\t\t\t\t<\/div>\n\t\t\t\t<div class=\"elementor-element elementor-element-eabfc50 elementor-widget-divider--view-line elementor-widget elementor-widget-divider\" data-id=\"eabfc50\" data-element_type=\"widget\" data-widget_type=\"divider.default\">\n\t\t\t\t<div class=\"elementor-widget-container\">\n\t\t\t\t\t\t\t<div class=\"elementor-divider\">\n\t\t\t<span class=\"elementor-divider-separator\">\n\t\t\t\t\t\t<\/span>\n\t\t<\/div>\n\t\t\t\t\t\t<\/div>\n\t\t\t\t<\/div>\n\t\t\t\t<div class=\"elementor-element elementor-element-31c298f elementor-widget__width-initial elementor-widget-mobile__width-initial elementor-invisible elementor-widget elementor-widget-image\" data-id=\"31c298f\" data-element_type=\"widget\" data-settings=\"{&quot;_animation&quot;:&quot;flash&quot;}\" data-widget_type=\"image.default\">\n\t\t\t\t<div class=\"elementor-widget-container\">\n\t\t\t\t\t\t\t\t\t\t\t\t\t\t\t<img decoding=\"async\" width=\"2560\" height=\"2560\" src=\"https:\/\/doscarasprod.com\/wp-content\/uploads\/2023\/07\/Obra-sin-fondo-scaled.jpg\" class=\"attachment-full size-full wp-image-4862\" alt=\"\" srcset=\"https:\/\/doscarasprod.com\/wp-content\/uploads\/2023\/07\/Obra-sin-fondo-scaled.jpg 2560w, https:\/\/doscarasprod.com\/wp-content\/uploads\/2023\/07\/Obra-sin-fondo-300x300.jpg 300w, https:\/\/doscarasprod.com\/wp-content\/uploads\/2023\/07\/Obra-sin-fondo-1024x1024.jpg 1024w, https:\/\/doscarasprod.com\/wp-content\/uploads\/2023\/07\/Obra-sin-fondo-150x150.jpg 150w, https:\/\/doscarasprod.com\/wp-content\/uploads\/2023\/07\/Obra-sin-fondo-768x768.jpg 768w, https:\/\/doscarasprod.com\/wp-content\/uploads\/2023\/07\/Obra-sin-fondo-1536x1536.jpg 1536w, https:\/\/doscarasprod.com\/wp-content\/uploads\/2023\/07\/Obra-sin-fondo-2048x2048.jpg 2048w, https:\/\/doscarasprod.com\/wp-content\/uploads\/2023\/07\/Obra-sin-fondo-600x600.jpg 600w, https:\/\/doscarasprod.com\/wp-content\/uploads\/2023\/07\/Obra-sin-fondo-100x100.jpg 100w\" sizes=\"(max-width: 2560px) 100vw, 2560px\" \/>\t\t\t\t\t\t\t\t\t\t\t\t\t\t\t<\/div>\n\t\t\t\t<\/div>\n\t\t\t\t<div class=\"elementor-element elementor-element-17df517 elementor-widget elementor-widget-text-editor\" data-id=\"17df517\" data-element_type=\"widget\" data-widget_type=\"text-editor.default\">\n\t\t\t\t<div class=\"elementor-widget-container\">\n\t\t\t\t\t\t\t\t\t<p>\u201cC\u00famulos de luz\u201d<\/p><p>60 x 80 cm<\/p><p>Nancy Del R\u00edo | IG: @nan.art.3<\/p><p>2023<\/p><p>Acr\u00edlico sobre lienzo<\/p><p>Formato Ovalado<\/p><p>$9,000.00 MXN<\/p>\t\t\t\t\t\t\t\t<\/div>\n\t\t\t\t<\/div>\n\t\t\t\t\t<\/div>\n\t\t<\/div>\n\t\t\t\t\t<\/div>\n\t\t<\/section>\n\t\t\t\t<section class=\"elementor-section elementor-top-section elementor-element elementor-element-ba3b2f9 elementor-section-boxed elementor-section-height-default elementor-section-height-default\" data-id=\"ba3b2f9\" data-element_type=\"section\">\n\t\t\t\t\t\t<div class=\"elementor-container elementor-column-gap-default\">\n\t\t\t\t\t<div class=\"elementor-column elementor-col-100 elementor-top-column elementor-element elementor-element-03ed70f\" data-id=\"03ed70f\" data-element_type=\"column\">\n\t\t\t<div class=\"elementor-widget-wrap elementor-element-populated\">\n\t\t\t\t\t\t<div class=\"elementor-element elementor-element-4e343d8 elementor-widget-divider--view-line elementor-widget elementor-widget-divider\" data-id=\"4e343d8\" data-element_type=\"widget\" data-widget_type=\"divider.default\">\n\t\t\t\t<div class=\"elementor-widget-container\">\n\t\t\t\t\t\t\t<div class=\"elementor-divider\">\n\t\t\t<span class=\"elementor-divider-separator\">\n\t\t\t\t\t\t<\/span>\n\t\t<\/div>\n\t\t\t\t\t\t<\/div>\n\t\t\t\t<\/div>\n\t\t\t\t\t<\/div>\n\t\t<\/div>\n\t\t\t\t\t<\/div>\n\t\t<\/section>\n\t\t\t\t<section class=\"elementor-section elementor-top-section elementor-element elementor-element-0d03ad9 elementor-section-stretched elementor-section-boxed elementor-section-height-default elementor-section-height-default elementor-invisible\" data-id=\"0d03ad9\" data-element_type=\"section\" data-settings=\"{&quot;stretch_section&quot;:&quot;section-stretched&quot;,&quot;animation&quot;:&quot;fadeIn&quot;}\">\n\t\t\t\t\t\t<div class=\"elementor-container elementor-column-gap-no\">\n\t\t\t\t\t<div class=\"elementor-column elementor-col-100 elementor-top-column elementor-element elementor-element-9c97123\" data-id=\"9c97123\" data-element_type=\"column\">\n\t\t\t<div class=\"elementor-widget-wrap elementor-element-populated\">\n\t\t\t\t\t\t<div class=\"elementor-element elementor-element-33ad795 elementor-widget__width-initial elementor-widget-mobile__width-initial elementor-widget elementor-widget-video\" data-id=\"33ad795\" data-element_type=\"widget\" data-settings=\"{&quot;youtube_url&quot;:&quot;https:\\\/\\\/youtu.be\\\/pG0_uIjQR5Q&quot;,&quot;autoplay&quot;:&quot;yes&quot;,&quot;play_on_mobile&quot;:&quot;yes&quot;,&quot;mute&quot;:&quot;yes&quot;,&quot;video_type&quot;:&quot;youtube&quot;,&quot;controls&quot;:&quot;yes&quot;}\" data-widget_type=\"video.default\">\n\t\t\t\t<div class=\"elementor-widget-container\">\n\t\t\t\t\t\t\t<div class=\"elementor-wrapper elementor-open-inline\">\n\t\t\t<div class=\"elementor-video\"><\/div>\t\t<\/div>\n\t\t\t\t\t\t<\/div>\n\t\t\t\t<\/div>\n\t\t\t\t<div class=\"elementor-element elementor-element-707e99f elementor-widget__width-initial elementor-widget-mobile__width-initial elementor-widget elementor-widget-image\" data-id=\"707e99f\" data-element_type=\"widget\" data-widget_type=\"image.default\">\n\t\t\t\t<div class=\"elementor-widget-container\">\n\t\t\t\t\t\t\t\t\t\t\t\t\t\t\t<img decoding=\"async\" width=\"683\" height=\"1024\" src=\"https:\/\/doscarasprod.com\/wp-content\/uploads\/2023\/07\/IMG_0740-683x1024.jpg\" class=\"attachment-large size-large wp-image-4853\" alt=\"\" srcset=\"https:\/\/doscarasprod.com\/wp-content\/uploads\/2023\/07\/IMG_0740-683x1024.jpg 683w, https:\/\/doscarasprod.com\/wp-content\/uploads\/2023\/07\/IMG_0740-200x300.jpg 200w, https:\/\/doscarasprod.com\/wp-content\/uploads\/2023\/07\/IMG_0740-768x1152.jpg 768w, https:\/\/doscarasprod.com\/wp-content\/uploads\/2023\/07\/IMG_0740-1024x1536.jpg 1024w, https:\/\/doscarasprod.com\/wp-content\/uploads\/2023\/07\/IMG_0740-1365x2048.jpg 1365w, https:\/\/doscarasprod.com\/wp-content\/uploads\/2023\/07\/IMG_0740-600x900.jpg 600w, https:\/\/doscarasprod.com\/wp-content\/uploads\/2023\/07\/IMG_0740-scaled.jpg 1707w\" sizes=\"(max-width: 683px) 100vw, 683px\" \/>\t\t\t\t\t\t\t\t\t\t\t\t\t\t\t<\/div>\n\t\t\t\t<\/div>\n\t\t\t\t\t<\/div>\n\t\t<\/div>\n\t\t\t\t\t<\/div>\n\t\t<\/section>\n\t\t\t\t<section class=\"elementor-section elementor-top-section elementor-element elementor-element-f289cd2 elementor-section-boxed elementor-section-height-default elementor-section-height-default\" data-id=\"f289cd2\" data-element_type=\"section\">\n\t\t\t\t\t\t<div class=\"elementor-container elementor-column-gap-default\">\n\t\t\t\t\t<div class=\"elementor-column elementor-col-100 elementor-top-column elementor-element elementor-element-ac82bc3\" data-id=\"ac82bc3\" data-element_type=\"column\">\n\t\t\t<div class=\"elementor-widget-wrap elementor-element-populated\">\n\t\t\t\t\t\t<div class=\"elementor-element elementor-element-241637b elementor-widget-divider--view-line elementor-widget elementor-widget-divider\" data-id=\"241637b\" data-element_type=\"widget\" data-widget_type=\"divider.default\">\n\t\t\t\t<div class=\"elementor-widget-container\">\n\t\t\t\t\t\t\t<div class=\"elementor-divider\">\n\t\t\t<span class=\"elementor-divider-separator\">\n\t\t\t\t\t\t<\/span>\n\t\t<\/div>\n\t\t\t\t\t\t<\/div>\n\t\t\t\t<\/div>\n\t\t\t\t\t<\/div>\n\t\t<\/div>\n\t\t\t\t\t<\/div>\n\t\t<\/section>\n\t\t\t\t<section class=\"elementor-section elementor-top-section elementor-element elementor-element-cab1dd0 elementor-section-boxed elementor-section-height-default elementor-section-height-default elementor-invisible\" data-id=\"cab1dd0\" data-element_type=\"section\" data-settings=\"{&quot;animation&quot;:&quot;fadeInUp&quot;}\">\n\t\t\t\t\t\t<div class=\"elementor-container elementor-column-gap-default\">\n\t\t\t\t\t<div class=\"elementor-column elementor-col-100 elementor-top-column elementor-element elementor-element-e049b48\" data-id=\"e049b48\" data-element_type=\"column\">\n\t\t\t<div class=\"elementor-widget-wrap elementor-element-populated\">\n\t\t\t\t\t\t<div class=\"elementor-element elementor-element-446dc82 elementor-position-left elementor-vertical-align-top elementor-widget elementor-widget-image-box\" data-id=\"446dc82\" data-element_type=\"widget\" data-widget_type=\"image-box.default\">\n\t\t\t\t<div class=\"elementor-widget-container\">\n\t\t\t\t\t<div class=\"elementor-image-box-wrapper\"><figure class=\"elementor-image-box-img\"><img loading=\"lazy\" decoding=\"async\" width=\"683\" height=\"1024\" src=\"https:\/\/doscarasprod.com\/wp-content\/uploads\/2023\/07\/IMG_0744-683x1024.jpg\" class=\"elementor-animation-grow attachment-large size-large wp-image-4854\" alt=\"\" srcset=\"https:\/\/doscarasprod.com\/wp-content\/uploads\/2023\/07\/IMG_0744-683x1024.jpg 683w, https:\/\/doscarasprod.com\/wp-content\/uploads\/2023\/07\/IMG_0744-200x300.jpg 200w, https:\/\/doscarasprod.com\/wp-content\/uploads\/2023\/07\/IMG_0744-768x1152.jpg 768w, https:\/\/doscarasprod.com\/wp-content\/uploads\/2023\/07\/IMG_0744-1024x1536.jpg 1024w, https:\/\/doscarasprod.com\/wp-content\/uploads\/2023\/07\/IMG_0744-1365x2048.jpg 1365w, https:\/\/doscarasprod.com\/wp-content\/uploads\/2023\/07\/IMG_0744-600x900.jpg 600w, https:\/\/doscarasprod.com\/wp-content\/uploads\/2023\/07\/IMG_0744-scaled.jpg 1707w\" sizes=\"(max-width: 683px) 100vw, 683px\" \/><\/figure><div class=\"elementor-image-box-content\"><h3 class=\"elementor-image-box-title\">Nancy Dannet Del R\u00edo S\u00e1nchez<\/h3><p class=\"elementor-image-box-description\">Nancy Dannet Del R\u00edo S\u00e1nchez, 30 a\u00f1os, Ingeniero Bioqu\u00edmico y Artista mexicana.<br>\nTodo empez\u00f3 en el 2022, cuando a causa del estr\u00e9s desarroll\u00f3 enterocolitis, por lo que le\nrecomendaron realizar actividades que le ayudasen a liberar el estr\u00e9s, encontrando as\u00ed, la pintura.\nLa pintura se convirti\u00f3 en su terapia y, a principios del 2023, empez\u00f3 a realizar obras por pedido,\nsiendo impulsada por amigos y conocidos a creer y desarrollar su arte.\nInvolucr\u00e1ndose cada d\u00eda m\u00e1s en la pintura, encontr\u00f3 a Dos Caras Producciones, el cual representa\nuna gran oportunidad para compartir su trabajo, conectar y aprender de otros artistas e inspirar a\npersonas que se enfrascan tanto en su cotidianidad que olvidan practicar, desarrollar, o incluso,\ndescubrir sus habilidades.<br>\nLa obra realizada para Luz y Oscuridad es titulada \u201cC\u00famulos de Luz\u201d; imagina que est\u00e1s en un bosque\ncon la oscuridad de la noche, luz de luna, niebla, fr\u00edo, viento, el sonido de las hojas chocando entre\ns\u00ed, a lo lejos el aullido de los lobos y en los \u00e1rboles el ulular de los b\u00fahos; sientes un escalofr\u00edo en\ntodo el cuerpo, corres, quieres salir de ah\u00ed, a lo lejos ves luz, \u00bfpor qu\u00e9 vas hacia ella? \u00bfCrees que es\nseguro?, te est\u00e1s acercando, en tu camino empiezas a ver destellos, bajas la velocidad, \u00bfpor qu\u00e9 la\nbajas? sigues en el mismo bosque; llegas a un santuario de luci\u00e9rnagas, quedas maravillado, las\ncontemplas, te acuestas, sientes paz. La luz genera confianza. Algunas situaciones de la vida pueden\ninfundir miedo y desconfianza, sin embargo, luz son aquellas personas, objetos o situaciones que\nimpulsan a ir m\u00e1s all\u00e1.<br>\n<i>\"Si eres artista independiente, te recomiendo compartir tu trabajo, al hacerlo, estar\u00e1s compartiendo\ntus pensamientos, sentimientos, tu esencia; ser\u00e1s inspiraci\u00f3n para alguien m\u00e1s.\"<\/i><\/p><\/div><\/div>\t\t\t\t<\/div>\n\t\t\t\t<\/div>\n\t\t\t\t\t<\/div>\n\t\t<\/div>\n\t\t\t\t\t<\/div>\n\t\t<\/section>\n\t\t\t\t<\/div>\n\t\t","protected":false},"excerpt":{"rendered":"<p>\u201cC\u00famulos de luz\u201d 60 x 80 cm Nancy Del R\u00edo | IG: @nan.art.3 2023 Acr\u00edlico sobre lienzo Formato Ovalado $9,000.00 MXN Nancy Dannet Del R\u00edo S\u00e1nchez Nancy Dannet Del R\u00edo S\u00e1nchez, 30 a\u00f1os, Ingeniero Bioqu\u00edmico y Artista mexicana. Todo empez\u00f3 en el 2022, cuando a causa del estr\u00e9s desarroll\u00f3 enterocolitis, por lo que le recomendaron [&hellip;]<\/p>\n","protected":false},"author":1,"featured_media":0,"parent":0,"menu_order":0,"comment_status":"closed","ping_status":"closed","template":"","meta":{"om_disable_all_campaigns":false,"_monsterinsights_skip_tracking":false,"_monsterinsights_sitenote_active":false,"_monsterinsights_sitenote_note":"","_monsterinsights_sitenote_category":0,"footnotes":""},"class_list":["post-4850","page","type-page","status-publish","hentry"],"aioseo_notices":[],"_links":{"self":[{"href":"https:\/\/doscarasprod.com\/index.php\/wp-json\/wp\/v2\/pages\/4850","targetHints":{"allow":["GET"]}}],"collection":[{"href":"https:\/\/doscarasprod.com\/index.php\/wp-json\/wp\/v2\/pages"}],"about":[{"href":"https:\/\/doscarasprod.com\/index.php\/wp-json\/wp\/v2\/types\/page"}],"author":[{"embeddable":true,"href":"https:\/\/doscarasprod.com\/index.php\/wp-json\/wp\/v2\/users\/1"}],"replies":[{"embeddable":true,"href":"https:\/\/doscarasprod.com\/index.php\/wp-json\/wp\/v2\/comments?post=4850"}],"version-history":[{"count":48,"href":"https:\/\/doscarasprod.com\/index.php\/wp-json\/wp\/v2\/pages\/4850\/revisions"}],"predecessor-version":[{"id":4921,"href":"https:\/\/doscarasprod.com\/index.php\/wp-json\/wp\/v2\/pages\/4850\/revisions\/4921"}],"wp:attachment":[{"href":"https:\/\/doscarasprod.com\/index.php\/wp-json\/wp\/v2\/media?parent=4850"}],"curies":[{"name":"wp","href":"https:\/\/api.w.org\/{rel}","templated":true}]}}