{"id":4775,"date":"2023-04-19T05:55:18","date_gmt":"2023-04-19T05:55:18","guid":{"rendered":"https:\/\/doscarasprod.com\/?page_id=4775"},"modified":"2023-07-12T05:33:50","modified_gmt":"2023-07-12T05:33:50","slug":"luz-y-oscuridad","status":"publish","type":"page","link":"https:\/\/doscarasprod.com\/index.php\/luz-y-oscuridad\/","title":{"rendered":"Exposici\u00f3n: Luz y Oscuridad"},"content":{"rendered":"\t\t<div data-elementor-type=\"wp-page\" data-elementor-id=\"4775\" class=\"elementor elementor-4775\">\n\t\t\t\t\t\t<section class=\"elementor-section elementor-top-section elementor-element elementor-element-02fe7b8 elementor-section-boxed elementor-section-height-default elementor-section-height-default\" data-id=\"02fe7b8\" data-element_type=\"section\">\n\t\t\t\t\t\t<div class=\"elementor-container elementor-column-gap-default\">\n\t\t\t\t\t<div class=\"elementor-column elementor-col-100 elementor-top-column elementor-element elementor-element-dbe2e53\" data-id=\"dbe2e53\" data-element_type=\"column\">\n\t\t\t<div class=\"elementor-widget-wrap elementor-element-populated\">\n\t\t\t\t\t\t<div class=\"elementor-element elementor-element-d0682b4 elementor-widget-mobile__width-initial elementor-widget elementor-widget-video\" data-id=\"d0682b4\" data-element_type=\"widget\" data-settings=\"{&quot;youtube_url&quot;:&quot;https:\\\/\\\/youtu.be\\\/Z5o_7KThaNg&quot;,&quot;autoplay&quot;:&quot;yes&quot;,&quot;play_on_mobile&quot;:&quot;yes&quot;,&quot;mute&quot;:&quot;yes&quot;,&quot;loop&quot;:&quot;yes&quot;,&quot;video_type&quot;:&quot;youtube&quot;}\" data-widget_type=\"video.default\">\n\t\t\t\t<div class=\"elementor-widget-container\">\n\t\t\t\t\t\t\t<div class=\"elementor-wrapper elementor-open-inline\">\n\t\t\t<div class=\"elementor-video\"><\/div>\t\t<\/div>\n\t\t\t\t\t\t<\/div>\n\t\t\t\t<\/div>\n\t\t\t\t\t<\/div>\n\t\t<\/div>\n\t\t\t\t\t<\/div>\n\t\t<\/section>\n\t\t\t\t<section class=\"elementor-section elementor-top-section elementor-element elementor-element-61a5a44 elementor-section-boxed elementor-section-height-default elementor-section-height-default\" data-id=\"61a5a44\" data-element_type=\"section\">\n\t\t\t\t\t\t<div class=\"elementor-container elementor-column-gap-default\">\n\t\t\t\t\t<div class=\"elementor-column elementor-col-100 elementor-top-column elementor-element elementor-element-d8aea28\" data-id=\"d8aea28\" data-element_type=\"column\">\n\t\t\t<div class=\"elementor-widget-wrap elementor-element-populated\">\n\t\t\t\t\t\t<div class=\"elementor-element elementor-element-a6bbb5c elementor-invisible elementor-widget elementor-widget-text-editor\" data-id=\"a6bbb5c\" data-element_type=\"widget\" data-settings=\"{&quot;_animation&quot;:&quot;fadeIn&quot;}\" data-widget_type=\"text-editor.default\">\n\t\t\t\t<div class=\"elementor-widget-container\">\n\t\t\t\t\t\t\t\t\t<p>\u00a1Bienvenido\/a!<\/p>\n<p><\/p>\n<p>Te estar\u00e1s preguntando, \u00bfen qu\u00e9 consiste \u00e9sta exposici\u00f3n? \u00f3 tal vez se preste a pensar que es solo una galer\u00eda de arte m\u00e1s, sin embargo nos dimos a la tarea de organizar una galer\u00eda que lleve como principio el arte emergente (a nivel estatal o nacional).<\/p>\n<p>Pero, \u00bfqu\u00e9 es el arte emergente?<\/p>\n<p>&#8220;<i>El concepto arte emergente sirve para hacer referencia a los artistas que comienzan su carrera, representando lo innovador y la regeneraci\u00f3n del arte.<\/i><\/p>\n<p><i>En ocasiones, por su precariedad y deseos de sobresalir, <b>el artista emergente<\/b> es v\u00edctima de la especulaci\u00f3n de los mecenas que lo encumbran interesadamente para generar demanda y beneficiarse de su carrera.<\/i><\/p>\n<p><i>Aunque el t\u00e9rmino pueda circunscribirse a la figura del artista joven, entra en esta denominaci\u00f3n todo aquel que comienza en el circuito art\u00edstico con ganas y energ\u00edas de ser reconocido&#8221;.&nbsp;<\/i><\/p>\n<p><i>-objetivoarte.com<\/i><\/p>\n<p><\/p>\n<p>Tomando este concepto de base, nos dimos a la tarea de crear la primera edici\u00f3n de nuestra galer\u00eda de arte, completamente independiente y organizada por Dos Caras Producciones<span style=\"background-color: #202124; color: #bdc1c6; font-family: arial, sans-serif; font-size: 14px;\">&nbsp;\u00a9<\/span><span style=\"font-size: var(--wp--preset--font-size--medium);\">; la cual lleva por nombre <b><u>&#8220;Luz y Oscuridad&#8221;<\/u><\/b> al ser tambi\u00e9n el tema principal dentro de las obras de esta primera edici\u00f3n; en la cual hemos tenido la oportunidad de contar con artistas emergentes mexicanos de much\u00edsimo nivel, que nos sorprendieron con sus obras realizadas de diversas t\u00e9cnicas art\u00edsticas tales como: pintura, ilustraci\u00f3n, fotograf\u00eda, animaci\u00f3n, audiovisuales, m\u00fasica, entre otros. Las cuales han sido expuestas a partir del 7 de Julio de 2023, en The ANDY Hotel by DOT Boutique, en el centro de la ciudad de Quer\u00e9taro, M\u00e9xico, con duraci\u00f3n aproximada de un mes.<\/span><\/p>\n<p><\/p>\t\t\t\t\t\t\t\t<\/div>\n\t\t\t\t<\/div>\n\t\t\t\t\t<\/div>\n\t\t<\/div>\n\t\t\t\t\t<\/div>\n\t\t<\/section>\n\t\t\t\t<section class=\"elementor-section elementor-top-section elementor-element elementor-element-3d13fad elementor-section-boxed elementor-section-height-default elementor-section-height-default\" data-id=\"3d13fad\" data-element_type=\"section\">\n\t\t\t\t\t\t<div class=\"elementor-container elementor-column-gap-default\">\n\t\t\t\t\t<div class=\"elementor-column elementor-col-100 elementor-top-column elementor-element elementor-element-adb37c7\" data-id=\"adb37c7\" data-element_type=\"column\">\n\t\t\t<div class=\"elementor-widget-wrap elementor-element-populated\">\n\t\t\t\t\t\t<div class=\"elementor-element elementor-element-77e9182 elementor-widget-divider--view-line elementor-widget elementor-widget-divider\" data-id=\"77e9182\" data-element_type=\"widget\" data-widget_type=\"divider.default\">\n\t\t\t\t<div class=\"elementor-widget-container\">\n\t\t\t\t\t\t\t<div class=\"elementor-divider\">\n\t\t\t<span class=\"elementor-divider-separator\">\n\t\t\t\t\t\t<\/span>\n\t\t<\/div>\n\t\t\t\t\t\t<\/div>\n\t\t\t\t<\/div>\n\t\t\t\t<div class=\"elementor-element elementor-element-4a8118b elementor-widget elementor-widget-text-editor\" data-id=\"4a8118b\" data-element_type=\"widget\" data-widget_type=\"text-editor.default\">\n\t\t\t\t<div class=\"elementor-widget-container\">\n\t\t\t\t\t\t\t\t\t<p><span style=\"color: #f8f4f4; font-size: 17.6px;\">A continuaci\u00f3n podr\u00e1s conocer un poco m\u00e1s sobre los artistas participantes en Luz y Oscuridad, as\u00ed como de sus obras.<\/span><\/p>\t\t\t\t\t\t\t\t<\/div>\n\t\t\t\t<\/div>\n\t\t\t\t\t<\/div>\n\t\t<\/div>\n\t\t\t\t\t<\/div>\n\t\t<\/section>\n\t\t\t\t<section class=\"elementor-section elementor-top-section elementor-element elementor-element-3b364ed elementor-section-boxed elementor-section-height-default elementor-section-height-default\" data-id=\"3b364ed\" data-element_type=\"section\">\n\t\t\t\t\t\t<div class=\"elementor-container elementor-column-gap-default\">\n\t\t\t\t\t<div class=\"elementor-column elementor-col-100 elementor-top-column elementor-element elementor-element-f7b1d64\" data-id=\"f7b1d64\" data-element_type=\"column\">\n\t\t\t<div class=\"elementor-widget-wrap elementor-element-populated\">\n\t\t\t\t\t\t<div class=\"elementor-element elementor-element-c612049 elementor-icon-list--layout-traditional elementor-list-item-link-full_width elementor-widget elementor-widget-icon-list\" data-id=\"c612049\" data-element_type=\"widget\" data-widget_type=\"icon-list.default\">\n\t\t\t\t<div class=\"elementor-widget-container\">\n\t\t\t\t\t\t\t<ul class=\"elementor-icon-list-items\">\n\t\t\t\t\t\t\t<li class=\"elementor-icon-list-item\">\n\t\t\t\t\t\t\t\t\t\t\t<a href=\"https:\/\/doscarasprod.com\/index.php\/luzyoscuridad-adrian-villegas\/\">\n\n\t\t\t\t\t\t\t\t\t\t\t\t<span class=\"elementor-icon-list-icon\">\n\t\t\t\t\t\t\t<i aria-hidden=\"true\" class=\"fas fa-paint-brush\"><\/i>\t\t\t\t\t\t<\/span>\n\t\t\t\t\t\t\t\t\t\t<span class=\"elementor-icon-list-text\">Adri\u00e1n Villegas<\/span>\n\t\t\t\t\t\t\t\t\t\t\t<\/a>\n\t\t\t\t\t\t\t\t\t<\/li>\n\t\t\t\t\t\t\t\t<li class=\"elementor-icon-list-item\">\n\t\t\t\t\t\t\t\t\t\t\t<a href=\"https:\/\/doscarasprod.com\/index.php\/luzyoscuridad-nancy-del-rio\/\">\n\n\t\t\t\t\t\t\t\t\t\t\t\t<span class=\"elementor-icon-list-icon\">\n\t\t\t\t\t\t\t<i aria-hidden=\"true\" class=\"fas fa-paint-brush\"><\/i>\t\t\t\t\t\t<\/span>\n\t\t\t\t\t\t\t\t\t\t<span class=\"elementor-icon-list-text\">Nancy del R\u00edo<\/span>\n\t\t\t\t\t\t\t\t\t\t\t<\/a>\n\t\t\t\t\t\t\t\t\t<\/li>\n\t\t\t\t\t\t\t\t<li class=\"elementor-icon-list-item\">\n\t\t\t\t\t\t\t\t\t\t\t<a href=\"https:\/\/doscarasprod.com\/index.php\/luzyoscuridad-oscar-godinez\/\">\n\n\t\t\t\t\t\t\t\t\t\t\t\t<span class=\"elementor-icon-list-icon\">\n\t\t\t\t\t\t\t<i aria-hidden=\"true\" class=\"fas fa-paint-brush\"><\/i>\t\t\t\t\t\t<\/span>\n\t\t\t\t\t\t\t\t\t\t<span class=\"elementor-icon-list-text\">Oscar Godinez<\/span>\n\t\t\t\t\t\t\t\t\t\t\t<\/a>\n\t\t\t\t\t\t\t\t\t<\/li>\n\t\t\t\t\t\t\t\t<li class=\"elementor-icon-list-item\">\n\t\t\t\t\t\t\t\t\t\t\t<a href=\"https:\/\/doscarasprod.com\/index.php\/luzyoscuridad-tita-paredon\/\">\n\n\t\t\t\t\t\t\t\t\t\t\t\t<span class=\"elementor-icon-list-icon\">\n\t\t\t\t\t\t\t<i aria-hidden=\"true\" class=\"fas fa-paint-brush\"><\/i>\t\t\t\t\t\t<\/span>\n\t\t\t\t\t\t\t\t\t\t<span class=\"elementor-icon-list-text\">Tita Pared\u00f3n<\/span>\n\t\t\t\t\t\t\t\t\t\t\t<\/a>\n\t\t\t\t\t\t\t\t\t<\/li>\n\t\t\t\t\t\t\t\t<li class=\"elementor-icon-list-item\">\n\t\t\t\t\t\t\t\t\t\t\t<a href=\"https:\/\/doscarasprod.com\/index.php\/luzyoscuridad-faty-nalleli\/\">\n\n\t\t\t\t\t\t\t\t\t\t\t\t<span class=\"elementor-icon-list-icon\">\n\t\t\t\t\t\t\t<i aria-hidden=\"true\" class=\"fas fa-paint-brush\"><\/i>\t\t\t\t\t\t<\/span>\n\t\t\t\t\t\t\t\t\t\t<span class=\"elementor-icon-list-text\">Faty Nalleli<\/span>\n\t\t\t\t\t\t\t\t\t\t\t<\/a>\n\t\t\t\t\t\t\t\t\t<\/li>\n\t\t\t\t\t\t\t\t<li class=\"elementor-icon-list-item\">\n\t\t\t\t\t\t\t\t\t\t\t<a href=\"https:\/\/doscarasprod.com\/index.php\/luzyoscuridad-eric-de-la-mora\/\">\n\n\t\t\t\t\t\t\t\t\t\t\t\t<span class=\"elementor-icon-list-icon\">\n\t\t\t\t\t\t\t<i aria-hidden=\"true\" class=\"fas fa-paint-brush\"><\/i>\t\t\t\t\t\t<\/span>\n\t\t\t\t\t\t\t\t\t\t<span class=\"elementor-icon-list-text\">Eric de la Mora<\/span>\n\t\t\t\t\t\t\t\t\t\t\t<\/a>\n\t\t\t\t\t\t\t\t\t<\/li>\n\t\t\t\t\t\t\t\t<li class=\"elementor-icon-list-item\">\n\t\t\t\t\t\t\t\t\t\t\t<a href=\"https:\/\/doscarasprod.com\/index.php\/luzyoscuridad-dani-villalpando\/\">\n\n\t\t\t\t\t\t\t\t\t\t\t\t<span class=\"elementor-icon-list-icon\">\n\t\t\t\t\t\t\t<i aria-hidden=\"true\" class=\"fas fa-paint-brush\"><\/i>\t\t\t\t\t\t<\/span>\n\t\t\t\t\t\t\t\t\t\t<span class=\"elementor-icon-list-text\">Dani Villalpando<\/span>\n\t\t\t\t\t\t\t\t\t\t\t<\/a>\n\t\t\t\t\t\t\t\t\t<\/li>\n\t\t\t\t\t\t\t\t<li class=\"elementor-icon-list-item\">\n\t\t\t\t\t\t\t\t\t\t\t<a href=\"https:\/\/doscarasprod.com\/index.php\/luzyoscuridad-sandra-bugar\/\">\n\n\t\t\t\t\t\t\t\t\t\t\t\t<span class=\"elementor-icon-list-icon\">\n\t\t\t\t\t\t\t<i aria-hidden=\"true\" class=\"fas fa-paint-brush\"><\/i>\t\t\t\t\t\t<\/span>\n\t\t\t\t\t\t\t\t\t\t<span class=\"elementor-icon-list-text\">Sandra Bugar<\/span>\n\t\t\t\t\t\t\t\t\t\t\t<\/a>\n\t\t\t\t\t\t\t\t\t<\/li>\n\t\t\t\t\t\t\t\t<li class=\"elementor-icon-list-item\">\n\t\t\t\t\t\t\t\t\t\t\t<a href=\"https:\/\/doscarasprod.com\/index.php\/luzyoscuridad-armin-rubio\/\">\n\n\t\t\t\t\t\t\t\t\t\t\t\t<span class=\"elementor-icon-list-icon\">\n\t\t\t\t\t\t\t<i aria-hidden=\"true\" class=\"fas fa-paint-brush\"><\/i>\t\t\t\t\t\t<\/span>\n\t\t\t\t\t\t\t\t\t\t<span class=\"elementor-icon-list-text\">Armin Rubio<\/span>\n\t\t\t\t\t\t\t\t\t\t\t<\/a>\n\t\t\t\t\t\t\t\t\t<\/li>\n\t\t\t\t\t\t\t\t<li class=\"elementor-icon-list-item\">\n\t\t\t\t\t\t\t\t\t\t\t<a href=\"https:\/\/doscarasprod.com\/index.php\/luzyoscuridad-leonel-fonseca\/\">\n\n\t\t\t\t\t\t\t\t\t\t\t\t<span class=\"elementor-icon-list-icon\">\n\t\t\t\t\t\t\t<i aria-hidden=\"true\" class=\"fas fa-paint-brush\"><\/i>\t\t\t\t\t\t<\/span>\n\t\t\t\t\t\t\t\t\t\t<span class=\"elementor-icon-list-text\">Leonel Fonseca<\/span>\n\t\t\t\t\t\t\t\t\t\t\t<\/a>\n\t\t\t\t\t\t\t\t\t<\/li>\n\t\t\t\t\t\t\t\t<li class=\"elementor-icon-list-item\">\n\t\t\t\t\t\t\t\t\t\t\t<a href=\"https:\/\/doscarasprod.com\/index.php\/luzyoscuridad-yozora-nagareboshi\/\">\n\n\t\t\t\t\t\t\t\t\t\t\t\t<span class=\"elementor-icon-list-icon\">\n\t\t\t\t\t\t\t<i aria-hidden=\"true\" class=\"fas fa-paint-brush\"><\/i>\t\t\t\t\t\t<\/span>\n\t\t\t\t\t\t\t\t\t\t<span class=\"elementor-icon-list-text\">Yozora Nagareboshi<\/span>\n\t\t\t\t\t\t\t\t\t\t\t<\/a>\n\t\t\t\t\t\t\t\t\t<\/li>\n\t\t\t\t\t\t<\/ul>\n\t\t\t\t\t\t<\/div>\n\t\t\t\t<\/div>\n\t\t\t\t\t<\/div>\n\t\t<\/div>\n\t\t\t\t\t<\/div>\n\t\t<\/section>\n\t\t\t\t<section class=\"elementor-section elementor-top-section elementor-element elementor-element-81e52c0 elementor-section-boxed elementor-section-height-default elementor-section-height-default\" data-id=\"81e52c0\" data-element_type=\"section\">\n\t\t\t\t\t\t<div class=\"elementor-container elementor-column-gap-default\">\n\t\t\t\t\t<div class=\"elementor-column elementor-col-100 elementor-top-column elementor-element elementor-element-0da0855\" data-id=\"0da0855\" data-element_type=\"column\">\n\t\t\t<div class=\"elementor-widget-wrap elementor-element-populated\">\n\t\t\t\t\t\t<div class=\"elementor-element elementor-element-421fa24 elementor-widget elementor-widget-text-editor\" data-id=\"421fa24\" data-element_type=\"widget\" data-widget_type=\"text-editor.default\">\n\t\t\t\t<div class=\"elementor-widget-container\">\n\t\t\t\t\t\t\t\t\t<p>As\u00ed mismo agradecemos el apoyo y la hospitalidad de el Centro de Arte Emergente Quer\u00e9taro y sus participantes dentro de nuestra exposici\u00f3n, te invitamos a checar la entrevista exclusiva que tuvimos con su director Santiago Diez que nos coment\u00f3 cosas muy interesantes:<\/p><p>\u00a0<\/p>\t\t\t\t\t\t\t\t<\/div>\n\t\t\t\t<\/div>\n\t\t\t\t<div class=\"elementor-element elementor-element-cc0d0f4 elementor-icon-list--layout-traditional elementor-list-item-link-full_width elementor-widget elementor-widget-icon-list\" data-id=\"cc0d0f4\" data-element_type=\"widget\" data-widget_type=\"icon-list.default\">\n\t\t\t\t<div class=\"elementor-widget-container\">\n\t\t\t\t\t\t\t<ul class=\"elementor-icon-list-items\">\n\t\t\t\t\t\t\t<li class=\"elementor-icon-list-item\">\n\t\t\t\t\t\t\t\t\t\t\t<a href=\"https:\/\/doscarasprod.com\/index.php\/luzyoscuridad-caeqro\/\">\n\n\t\t\t\t\t\t\t\t\t\t\t\t<span class=\"elementor-icon-list-icon\">\n\t\t\t\t\t\t\t<i aria-hidden=\"true\" class=\"fas fa-paint-brush\"><\/i>\t\t\t\t\t\t<\/span>\n\t\t\t\t\t\t\t\t\t\t<span class=\"elementor-icon-list-text\">Centro de Arte Emergente<\/span>\n\t\t\t\t\t\t\t\t\t\t\t<\/a>\n\t\t\t\t\t\t\t\t\t<\/li>\n\t\t\t\t\t\t<\/ul>\n\t\t\t\t\t\t<\/div>\n\t\t\t\t<\/div>\n\t\t\t\t\t<\/div>\n\t\t<\/div>\n\t\t\t\t\t<\/div>\n\t\t<\/section>\n\t\t\t\t<section class=\"elementor-section elementor-top-section elementor-element elementor-element-0d819ab elementor-section-boxed elementor-section-height-default elementor-section-height-default\" data-id=\"0d819ab\" data-element_type=\"section\">\n\t\t\t\t\t\t<div class=\"elementor-container elementor-column-gap-default\">\n\t\t\t\t\t<div class=\"elementor-column elementor-col-100 elementor-top-column elementor-element elementor-element-b9a400e\" data-id=\"b9a400e\" data-element_type=\"column\">\n\t\t\t<div class=\"elementor-widget-wrap elementor-element-populated\">\n\t\t\t\t\t\t<div class=\"elementor-element elementor-element-a9a20c7 elementor-widget-divider--view-line elementor-widget elementor-widget-divider\" data-id=\"a9a20c7\" data-element_type=\"widget\" data-widget_type=\"divider.default\">\n\t\t\t\t<div class=\"elementor-widget-container\">\n\t\t\t\t\t\t\t<div class=\"elementor-divider\">\n\t\t\t<span class=\"elementor-divider-separator\">\n\t\t\t\t\t\t<\/span>\n\t\t<\/div>\n\t\t\t\t\t\t<\/div>\n\t\t\t\t<\/div>\n\t\t\t\t\t<\/div>\n\t\t<\/div>\n\t\t\t\t\t<\/div>\n\t\t<\/section>\n\t\t\t\t<section class=\"elementor-section elementor-top-section elementor-element elementor-element-9f8ac52 elementor-section-boxed elementor-section-height-default elementor-section-height-default\" data-id=\"9f8ac52\" data-element_type=\"section\">\n\t\t\t\t\t\t<div class=\"elementor-container elementor-column-gap-default\">\n\t\t\t\t\t<div class=\"elementor-column elementor-col-100 elementor-top-column elementor-element elementor-element-16115f0\" data-id=\"16115f0\" data-element_type=\"column\">\n\t\t\t<div class=\"elementor-widget-wrap elementor-element-populated\">\n\t\t\t\t\t\t<div class=\"elementor-element elementor-element-94f7cea elementor-widget elementor-widget-text-editor\" data-id=\"94f7cea\" data-element_type=\"widget\" data-widget_type=\"text-editor.default\">\n\t\t\t\t<div class=\"elementor-widget-container\">\n\t\t\t\t\t\t\t\t\t<p>Muchas gracias por tu visita, no olvides dejar de apoyar el arte independiente.<\/p><p><em>-Equipo de Dos Caras Producciones<\/em><\/p>\t\t\t\t\t\t\t\t<\/div>\n\t\t\t\t<\/div>\n\t\t\t\t\t<\/div>\n\t\t<\/div>\n\t\t\t\t\t<\/div>\n\t\t<\/section>\n\t\t\t\t<section class=\"elementor-section elementor-top-section elementor-element elementor-element-eee0635 elementor-section-boxed elementor-section-height-default elementor-section-height-default\" data-id=\"eee0635\" data-element_type=\"section\">\n\t\t\t\t\t\t<div class=\"elementor-container elementor-column-gap-default\">\n\t\t\t\t\t<div class=\"elementor-column elementor-col-100 elementor-top-column elementor-element elementor-element-e641b9e\" data-id=\"e641b9e\" data-element_type=\"column\">\n\t\t\t<div class=\"elementor-widget-wrap elementor-element-populated\">\n\t\t\t\t\t\t<div class=\"elementor-element elementor-element-73ab164 elementor-widget__width-initial elementor-widget-mobile__width-initial elementor-invisible elementor-widget elementor-widget-image\" data-id=\"73ab164\" data-element_type=\"widget\" data-settings=\"{&quot;_animation&quot;:&quot;flash&quot;}\" data-widget_type=\"image.default\">\n\t\t\t\t<div class=\"elementor-widget-container\">\n\t\t\t\t\t\t\t\t\t\t\t\t\t\t\t<img fetchpriority=\"high\" decoding=\"async\" width=\"2560\" height=\"1440\" src=\"https:\/\/doscarasprod.com\/wp-content\/uploads\/2023\/07\/portada-LyO-3.jpg\" class=\"attachment-full size-full wp-image-4876\" alt=\"\" srcset=\"https:\/\/doscarasprod.com\/wp-content\/uploads\/2023\/07\/portada-LyO-3.jpg 2560w, https:\/\/doscarasprod.com\/wp-content\/uploads\/2023\/07\/portada-LyO-3-300x169.jpg 300w, https:\/\/doscarasprod.com\/wp-content\/uploads\/2023\/07\/portada-LyO-3-1024x576.jpg 1024w, https:\/\/doscarasprod.com\/wp-content\/uploads\/2023\/07\/portada-LyO-3-768x432.jpg 768w, https:\/\/doscarasprod.com\/wp-content\/uploads\/2023\/07\/portada-LyO-3-1536x864.jpg 1536w, https:\/\/doscarasprod.com\/wp-content\/uploads\/2023\/07\/portada-LyO-3-2048x1152.jpg 2048w, https:\/\/doscarasprod.com\/wp-content\/uploads\/2023\/07\/portada-LyO-3-600x338.jpg 600w\" sizes=\"(max-width: 2560px) 100vw, 2560px\" \/>\t\t\t\t\t\t\t\t\t\t\t\t\t\t\t<\/div>\n\t\t\t\t<\/div>\n\t\t\t\t<div class=\"elementor-element elementor-element-fcb00b7 elementor-widget__width-initial elementor-widget-mobile__width-initial elementor-invisible elementor-widget elementor-widget-image\" data-id=\"fcb00b7\" data-element_type=\"widget\" data-settings=\"{&quot;_animation&quot;:&quot;flash&quot;}\" data-widget_type=\"image.default\">\n\t\t\t\t<div class=\"elementor-widget-container\">\n\t\t\t\t\t\t\t\t\t\t\t\t\t\t\t<img decoding=\"async\" width=\"2048\" height=\"2048\" src=\"https:\/\/doscarasprod.com\/wp-content\/uploads\/2023\/07\/CAE-Qro.png\" class=\"attachment-full size-full wp-image-4985\" alt=\"\" srcset=\"https:\/\/doscarasprod.com\/wp-content\/uploads\/2023\/07\/CAE-Qro.png 2048w, https:\/\/doscarasprod.com\/wp-content\/uploads\/2023\/07\/CAE-Qro-300x300.png 300w, https:\/\/doscarasprod.com\/wp-content\/uploads\/2023\/07\/CAE-Qro-1024x1024.png 1024w, https:\/\/doscarasprod.com\/wp-content\/uploads\/2023\/07\/CAE-Qro-150x150.png 150w, https:\/\/doscarasprod.com\/wp-content\/uploads\/2023\/07\/CAE-Qro-768x768.png 768w, https:\/\/doscarasprod.com\/wp-content\/uploads\/2023\/07\/CAE-Qro-1536x1536.png 1536w, https:\/\/doscarasprod.com\/wp-content\/uploads\/2023\/07\/CAE-Qro-600x600.png 600w, https:\/\/doscarasprod.com\/wp-content\/uploads\/2023\/07\/CAE-Qro-100x100.png 100w\" sizes=\"(max-width: 2048px) 100vw, 2048px\" \/>\t\t\t\t\t\t\t\t\t\t\t\t\t\t\t<\/div>\n\t\t\t\t<\/div>\n\t\t\t\t\t<\/div>\n\t\t<\/div>\n\t\t\t\t\t<\/div>\n\t\t<\/section>\n\t\t\t\t<section class=\"elementor-section elementor-top-section elementor-element elementor-element-f45231a elementor-section-boxed elementor-section-height-default elementor-section-height-default\" data-id=\"f45231a\" data-element_type=\"section\">\n\t\t\t\t\t\t<div class=\"elementor-container elementor-column-gap-default\">\n\t\t\t\t\t<div class=\"elementor-column elementor-col-100 elementor-top-column elementor-element elementor-element-6a9a64a\" data-id=\"6a9a64a\" data-element_type=\"column\">\n\t\t\t<div class=\"elementor-widget-wrap elementor-element-populated\">\n\t\t\t\t\t\t<div class=\"elementor-element elementor-element-fc94f71 elementor-shape-rounded elementor-grid-0 e-grid-align-center elementor-invisible elementor-widget elementor-widget-social-icons\" data-id=\"fc94f71\" data-element_type=\"widget\" data-settings=\"{&quot;_animation&quot;:&quot;rubberBand&quot;}\" data-widget_type=\"social-icons.default\">\n\t\t\t\t<div class=\"elementor-widget-container\">\n\t\t\t\t\t\t\t<div class=\"elementor-social-icons-wrapper elementor-grid\">\n\t\t\t\t\t\t\t<span class=\"elementor-grid-item\">\n\t\t\t\t\t<a class=\"elementor-icon elementor-social-icon elementor-social-icon-facebook elementor-repeater-item-6d25911\" href=\"https:\/\/www.facebook.com\/profile.php?id=100088385731887&#038;mibextid=LQQJ4dhttps:\/\/www.facebook.com\/profile.php?id=100088385731887&#038;mibextid=LQQJ4d\" target=\"_blank\">\n\t\t\t\t\t\t<span class=\"elementor-screen-only\">Facebook<\/span>\n\t\t\t\t\t\t<i class=\"fab fa-facebook\"><\/i>\t\t\t\t\t<\/a>\n\t\t\t\t<\/span>\n\t\t\t\t\t\t\t<span class=\"elementor-grid-item\">\n\t\t\t\t\t<a class=\"elementor-icon elementor-social-icon elementor-social-icon-youtube elementor-repeater-item-796b5e4\" href=\"https:\/\/www.youtube.com\/channel\/UCC0R2i7dVVvr5Fnk2XFaFVA\" target=\"_blank\">\n\t\t\t\t\t\t<span class=\"elementor-screen-only\">Youtube<\/span>\n\t\t\t\t\t\t<i class=\"fab fa-youtube\"><\/i>\t\t\t\t\t<\/a>\n\t\t\t\t<\/span>\n\t\t\t\t\t\t\t<span class=\"elementor-grid-item\">\n\t\t\t\t\t<a class=\"elementor-icon elementor-social-icon elementor-social-icon-instagram elementor-repeater-item-d1d1a11\" href=\"https:\/\/www.instagram.com\/doscaras_prod\/\" target=\"_blank\">\n\t\t\t\t\t\t<span class=\"elementor-screen-only\">Instagram<\/span>\n\t\t\t\t\t\t<i class=\"fab fa-instagram\"><\/i>\t\t\t\t\t<\/a>\n\t\t\t\t<\/span>\n\t\t\t\t\t<\/div>\n\t\t\t\t\t\t<\/div>\n\t\t\t\t<\/div>\n\t\t\t\t\t<\/div>\n\t\t<\/div>\n\t\t\t\t\t<\/div>\n\t\t<\/section>\n\t\t\t\t<\/div>\n\t\t","protected":false},"excerpt":{"rendered":"<p>https:\/\/youtu.be\/Z5o_7KThaNg \u00a1Bienvenido\/a! Te estar\u00e1s preguntando, \u00bfen qu\u00e9 consiste \u00e9sta exposici\u00f3n? \u00f3 tal vez se preste a pensar que es solo una galer\u00eda de arte m\u00e1s, sin embargo nos dimos a la tarea de organizar una galer\u00eda que lleve como principio el arte emergente (a nivel estatal o nacional). Pero, \u00bfqu\u00e9 es el arte emergente? &#8220;El [&hellip;]<\/p>\n","protected":false},"author":1,"featured_media":0,"parent":0,"menu_order":0,"comment_status":"closed","ping_status":"closed","template":"","meta":{"om_disable_all_campaigns":false,"_monsterinsights_skip_tracking":false,"_monsterinsights_sitenote_active":false,"_monsterinsights_sitenote_note":"","_monsterinsights_sitenote_category":0,"footnotes":""},"class_list":["post-4775","page","type-page","status-publish","hentry"],"aioseo_notices":[],"_links":{"self":[{"href":"https:\/\/doscarasprod.com\/index.php\/wp-json\/wp\/v2\/pages\/4775","targetHints":{"allow":["GET"]}}],"collection":[{"href":"https:\/\/doscarasprod.com\/index.php\/wp-json\/wp\/v2\/pages"}],"about":[{"href":"https:\/\/doscarasprod.com\/index.php\/wp-json\/wp\/v2\/types\/page"}],"author":[{"embeddable":true,"href":"https:\/\/doscarasprod.com\/index.php\/wp-json\/wp\/v2\/users\/1"}],"replies":[{"embeddable":true,"href":"https:\/\/doscarasprod.com\/index.php\/wp-json\/wp\/v2\/comments?post=4775"}],"version-history":[{"count":62,"href":"https:\/\/doscarasprod.com\/index.php\/wp-json\/wp\/v2\/pages\/4775\/revisions"}],"predecessor-version":[{"id":5111,"href":"https:\/\/doscarasprod.com\/index.php\/wp-json\/wp\/v2\/pages\/4775\/revisions\/5111"}],"wp:attachment":[{"href":"https:\/\/doscarasprod.com\/index.php\/wp-json\/wp\/v2\/media?parent=4775"}],"curies":[{"name":"wp","href":"https:\/\/api.w.org\/{rel}","templated":true}]}}