{"id":43,"date":"2017-12-17T10:06:43","date_gmt":"2017-12-17T10:06:43","guid":{"rendered":"http:\/\/doscarasprod.com\/index.php\/about\/"},"modified":"2025-02-13T03:38:24","modified_gmt":"2025-02-13T03:38:24","slug":"about","status":"publish","type":"page","link":"https:\/\/doscarasprod.com\/index.php\/about\/","title":{"rendered":"\u00bfQui\u00e9nes somos?"},"content":{"rendered":"\t\t<div data-elementor-type=\"wp-post\" data-elementor-id=\"43\" class=\"elementor elementor-43\">\n\t\t\t\t\t\t<section class=\"elementor-section elementor-top-section elementor-element elementor-element-8c39fce elementor-section-content-middle elementor-section-boxed elementor-section-height-default elementor-section-height-default\" data-id=\"8c39fce\" data-element_type=\"section\" data-settings=\"{&quot;background_background&quot;:&quot;classic&quot;}\">\n\t\t\t\t\t\t\t<div class=\"elementor-background-overlay\"><\/div>\n\t\t\t\t\t\t\t<div class=\"elementor-container elementor-column-gap-no\">\n\t\t\t\t\t<div class=\"elementor-column elementor-col-100 elementor-top-column elementor-element elementor-element-b1952b1\" data-id=\"b1952b1\" data-element_type=\"column\">\n\t\t\t<div class=\"elementor-widget-wrap elementor-element-populated\">\n\t\t\t\t\t\t<div class=\"elementor-element elementor-element-03b93f0 elementor-widget elementor-widget-heading\" data-id=\"03b93f0\" data-element_type=\"widget\" data-widget_type=\"heading.default\">\n\t\t\t\t<div class=\"elementor-widget-container\">\n\t\t\t\t\t<h1 class=\"elementor-heading-title elementor-size-default\">Dos Caras crew<\/h1>\t\t\t\t<\/div>\n\t\t\t\t<\/div>\n\t\t\t\t\t<\/div>\n\t\t<\/div>\n\t\t\t\t\t<\/div>\n\t\t<\/section>\n\t\t\t\t<section class=\"elementor-section elementor-top-section elementor-element elementor-element-d28c655 elementor-section-full_width elementor-section-height-default elementor-section-height-default\" data-id=\"d28c655\" data-element_type=\"section\" data-settings=\"{&quot;background_background&quot;:&quot;classic&quot;}\">\n\t\t\t\t\t\t<div class=\"elementor-container elementor-column-gap-default\">\n\t\t\t\t\t<div class=\"elementor-column elementor-col-100 elementor-top-column elementor-element elementor-element-997bde8\" data-id=\"997bde8\" data-element_type=\"column\">\n\t\t\t<div class=\"elementor-widget-wrap elementor-element-populated\">\n\t\t\t\t\t\t<section class=\"elementor-section elementor-inner-section elementor-element elementor-element-83b3443 elementor-section-full_width elementor-section-content-middle elementor-section-height-default elementor-section-height-default\" data-id=\"83b3443\" data-element_type=\"section\">\n\t\t\t\t\t\t<div class=\"elementor-container elementor-column-gap-no\">\n\t\t\t\t\t<div class=\"elementor-column elementor-col-50 elementor-inner-column elementor-element elementor-element-fe6e6ed\" data-id=\"fe6e6ed\" data-element_type=\"column\" data-settings=\"{&quot;background_background&quot;:&quot;classic&quot;}\">\n\t\t\t<div class=\"elementor-widget-wrap elementor-element-populated\">\n\t\t\t\t\t\t<div class=\"elementor-element elementor-element-2a5a40c elementor-widget-divider--view-line elementor-widget elementor-widget-divider\" data-id=\"2a5a40c\" data-element_type=\"widget\" data-widget_type=\"divider.default\">\n\t\t\t\t<div class=\"elementor-widget-container\">\n\t\t\t\t\t\t\t<div class=\"elementor-divider\">\n\t\t\t<span class=\"elementor-divider-separator\">\n\t\t\t\t\t\t<\/span>\n\t\t<\/div>\n\t\t\t\t\t\t<\/div>\n\t\t\t\t<\/div>\n\t\t\t\t<div class=\"elementor-element elementor-element-ef5188a elementor-invisible elementor-widget elementor-widget-image-box\" data-id=\"ef5188a\" data-element_type=\"widget\" data-settings=\"{&quot;_animation&quot;:&quot;zoomIn&quot;}\" data-widget_type=\"image-box.default\">\n\t\t\t\t<div class=\"elementor-widget-container\">\n\t\t\t\t\t<div class=\"elementor-image-box-wrapper\"><div class=\"elementor-image-box-content\"><h2 class=\"elementor-image-box-title\">Sobre nosotros...<\/h2><p class=\"elementor-image-box-description\">Somos un grupo de artistas j\u00f3venes dispuestos a producir tus ideas y transformarlas en una realidad.<\/p><\/div><\/div>\t\t\t\t<\/div>\n\t\t\t\t<\/div>\n\t\t\t\t\t<\/div>\n\t\t<\/div>\n\t\t\t\t<div class=\"elementor-column elementor-col-50 elementor-inner-column elementor-element elementor-element-7b5ea60\" data-id=\"7b5ea60\" data-element_type=\"column\" data-settings=\"{&quot;background_background&quot;:&quot;classic&quot;}\">\n\t\t\t<div class=\"elementor-widget-wrap elementor-element-populated\">\n\t\t\t\t\t<div class=\"elementor-background-overlay\"><\/div>\n\t\t\t\t\t\t<div class=\"elementor-element elementor-element-3446adf elementor-invisible elementor-widget elementor-widget-image\" data-id=\"3446adf\" data-element_type=\"widget\" data-settings=\"{&quot;_animation&quot;:&quot;zoomIn&quot;}\" data-widget_type=\"image.default\">\n\t\t\t\t<div class=\"elementor-widget-container\">\n\t\t\t\t\t\t\t\t\t\t\t\t\t\t\t<img fetchpriority=\"high\" decoding=\"async\" width=\"1024\" height=\"577\" src=\"https:\/\/doscarasprod.com\/wp-content\/uploads\/2022\/10\/silhoutte-images-of-video-production-and-lighting-2021-10-13-00-39-25-utc-1024x577.jpg\" class=\"attachment-large size-large wp-image-4454\" alt=\"\" srcset=\"https:\/\/doscarasprod.com\/wp-content\/uploads\/2022\/10\/silhoutte-images-of-video-production-and-lighting-2021-10-13-00-39-25-utc-1024x577.jpg 1024w, https:\/\/doscarasprod.com\/wp-content\/uploads\/2022\/10\/silhoutte-images-of-video-production-and-lighting-2021-10-13-00-39-25-utc-300x169.jpg 300w, https:\/\/doscarasprod.com\/wp-content\/uploads\/2022\/10\/silhoutte-images-of-video-production-and-lighting-2021-10-13-00-39-25-utc-768x433.jpg 768w, https:\/\/doscarasprod.com\/wp-content\/uploads\/2022\/10\/silhoutte-images-of-video-production-and-lighting-2021-10-13-00-39-25-utc-1536x865.jpg 1536w, https:\/\/doscarasprod.com\/wp-content\/uploads\/2022\/10\/silhoutte-images-of-video-production-and-lighting-2021-10-13-00-39-25-utc-2048x1154.jpg 2048w, https:\/\/doscarasprod.com\/wp-content\/uploads\/2022\/10\/silhoutte-images-of-video-production-and-lighting-2021-10-13-00-39-25-utc-600x338.jpg 600w\" sizes=\"(max-width: 1024px) 100vw, 1024px\" \/>\t\t\t\t\t\t\t\t\t\t\t\t\t\t\t<\/div>\n\t\t\t\t<\/div>\n\t\t\t\t\t<\/div>\n\t\t<\/div>\n\t\t\t\t\t<\/div>\n\t\t<\/section>\n\t\t\t\t\t<\/div>\n\t\t<\/div>\n\t\t\t\t\t<\/div>\n\t\t<\/section>\n\t\t\t\t<section class=\"elementor-section elementor-top-section elementor-element elementor-element-3a9b7e0 elementor-section-boxed elementor-section-height-default elementor-section-height-default\" data-id=\"3a9b7e0\" data-element_type=\"section\" data-settings=\"{&quot;background_background&quot;:&quot;classic&quot;}\">\n\t\t\t\t\t\t<div class=\"elementor-container elementor-column-gap-default\">\n\t\t\t\t\t<div class=\"elementor-column elementor-col-100 elementor-top-column elementor-element elementor-element-a053cfd\" data-id=\"a053cfd\" data-element_type=\"column\">\n\t\t\t<div class=\"elementor-widget-wrap elementor-element-populated\">\n\t\t\t\t\t\t<div class=\"elementor-element elementor-element-c5768f1 elementor-widget-divider--view-line elementor-widget elementor-widget-divider\" data-id=\"c5768f1\" data-element_type=\"widget\" data-widget_type=\"divider.default\">\n\t\t\t\t<div class=\"elementor-widget-container\">\n\t\t\t\t\t\t\t<div class=\"elementor-divider\">\n\t\t\t<span class=\"elementor-divider-separator\">\n\t\t\t\t\t\t<\/span>\n\t\t<\/div>\n\t\t\t\t\t\t<\/div>\n\t\t\t\t<\/div>\n\t\t\t\t<div class=\"elementor-element elementor-element-e0a6bd8 elementor-widget elementor-widget-heading\" data-id=\"e0a6bd8\" data-element_type=\"widget\" data-widget_type=\"heading.default\">\n\t\t\t\t<div class=\"elementor-widget-container\">\n\t\t\t\t\t<h4 class=\"elementor-heading-title elementor-size-default\">Un poco de nosotros.<\/h4>\t\t\t\t<\/div>\n\t\t\t\t<\/div>\n\t\t\t\t<div class=\"elementor-element elementor-element-0cba6da elementor-widget elementor-widget-image-box\" data-id=\"0cba6da\" data-element_type=\"widget\" data-widget_type=\"image-box.default\">\n\t\t\t\t<div class=\"elementor-widget-container\">\n\t\t\t\t\t<div class=\"elementor-image-box-wrapper\"><div class=\"elementor-image-box-content\"><h2 class=\"elementor-image-box-title\">Nuestro equipo<\/h2><p class=\"elementor-image-box-description\">Actualmente contamos con una base compacta pero s\u00f3lida de trabajo, comprometidos a realizar tu proyecto.<\/p><\/div><\/div>\t\t\t\t<\/div>\n\t\t\t\t<\/div>\n\t\t\t\t<section class=\"elementor-section elementor-inner-section elementor-element elementor-element-c372f18 elementor-section-boxed elementor-section-height-default elementor-section-height-default\" data-id=\"c372f18\" data-element_type=\"section\">\n\t\t\t\t\t\t<div class=\"elementor-container elementor-column-gap-default\">\n\t\t\t\t\t<div class=\"elementor-column elementor-col-50 elementor-inner-column elementor-element elementor-element-42c0bf7\" data-id=\"42c0bf7\" data-element_type=\"column\">\n\t\t\t<div class=\"elementor-widget-wrap elementor-element-populated\">\n\t\t\t\t\t\t<div class=\"elementor-element elementor-element-80a54a9 elementor-position-top elementor-invisible elementor-widget elementor-widget-image-box\" data-id=\"80a54a9\" data-element_type=\"widget\" data-settings=\"{&quot;_animation&quot;:&quot;fadeInLeft&quot;}\" data-widget_type=\"image-box.default\">\n\t\t\t\t<div class=\"elementor-widget-container\">\n\t\t\t\t\t<div class=\"elementor-image-box-wrapper\"><figure class=\"elementor-image-box-img\"><img decoding=\"async\" width=\"150\" height=\"150\" src=\"https:\/\/doscarasprod.com\/wp-content\/uploads\/2022\/10\/foto-globos-150x150.jpg\" class=\"elementor-animation-pulse attachment-thumbnail size-thumbnail wp-image-4452\" alt=\"\" srcset=\"https:\/\/doscarasprod.com\/wp-content\/uploads\/2022\/10\/foto-globos-150x150.jpg 150w, https:\/\/doscarasprod.com\/wp-content\/uploads\/2022\/10\/foto-globos-300x300.jpg 300w, https:\/\/doscarasprod.com\/wp-content\/uploads\/2022\/10\/foto-globos-100x100.jpg 100w\" sizes=\"(max-width: 150px) 100vw, 150px\" \/><\/figure><div class=\"elementor-image-box-content\"><h4 class=\"elementor-image-box-title\">Jorge Garc\u00eda<\/h4><p class=\"elementor-image-box-description\">Co-Fundador - CEO<br>Fot\u00f3grafo\/Videografo, Storyteller.<\/p><\/div><\/div>\t\t\t\t<\/div>\n\t\t\t\t<\/div>\n\t\t\t\t\t<\/div>\n\t\t<\/div>\n\t\t\t\t<div class=\"elementor-column elementor-col-50 elementor-inner-column elementor-element elementor-element-f27bf2f\" data-id=\"f27bf2f\" data-element_type=\"column\">\n\t\t\t<div class=\"elementor-widget-wrap elementor-element-populated\">\n\t\t\t\t\t\t<div class=\"elementor-element elementor-element-41298ba elementor-position-top elementor-invisible elementor-widget elementor-widget-image-box\" data-id=\"41298ba\" data-element_type=\"widget\" data-settings=\"{&quot;_animation&quot;:&quot;fadeInLeft&quot;}\" data-widget_type=\"image-box.default\">\n\t\t\t\t<div class=\"elementor-widget-container\">\n\t\t\t\t\t<div class=\"elementor-image-box-wrapper\"><figure class=\"elementor-image-box-img\"><img decoding=\"async\" src=\"https:\/\/doscarasprod.com\/wp-content\/uploads\/2022\/11\/foto-marco-e1668716391715.jpeg\" title=\"foto marco\" alt=\"foto marco\" class=\"elementor-animation-pulse\" loading=\"lazy\" \/><\/figure><div class=\"elementor-image-box-content\"><h4 class=\"elementor-image-box-title\">Marco Reyes<\/h4><p class=\"elementor-image-box-description\">Co-Fundador - Director creativo.<br>Fot\u00f3grafo, videografo, Storyteller.<\/p><\/div><\/div>\t\t\t\t<\/div>\n\t\t\t\t<\/div>\n\t\t\t\t\t<\/div>\n\t\t<\/div>\n\t\t\t\t\t<\/div>\n\t\t<\/section>\n\t\t\t\t<section class=\"elementor-section elementor-inner-section elementor-element elementor-element-6c6be8a elementor-section-boxed elementor-section-height-default elementor-section-height-default\" data-id=\"6c6be8a\" data-element_type=\"section\">\n\t\t\t\t\t\t<div class=\"elementor-container elementor-column-gap-default\">\n\t\t\t\t\t<div class=\"elementor-column elementor-col-33 elementor-inner-column elementor-element elementor-element-8f6965d\" data-id=\"8f6965d\" data-element_type=\"column\">\n\t\t\t<div class=\"elementor-widget-wrap\">\n\t\t\t\t\t\t\t<\/div>\n\t\t<\/div>\n\t\t\t\t<div class=\"elementor-column elementor-col-33 elementor-inner-column elementor-element elementor-element-05fd0b1\" data-id=\"05fd0b1\" data-element_type=\"column\">\n\t\t\t<div class=\"elementor-widget-wrap\">\n\t\t\t\t\t\t\t<\/div>\n\t\t<\/div>\n\t\t\t\t<div class=\"elementor-column elementor-col-33 elementor-inner-column elementor-element elementor-element-38db727\" data-id=\"38db727\" data-element_type=\"column\">\n\t\t\t<div class=\"elementor-widget-wrap\">\n\t\t\t\t\t\t\t<\/div>\n\t\t<\/div>\n\t\t\t\t\t<\/div>\n\t\t<\/section>\n\t\t\t\t\t<\/div>\n\t\t<\/div>\n\t\t\t\t\t<\/div>\n\t\t<\/section>\n\t\t\t\t<section class=\"elementor-section elementor-top-section elementor-element elementor-element-e6682b8 elementor-section-boxed elementor-section-height-default elementor-section-height-default\" data-id=\"e6682b8\" data-element_type=\"section\">\n\t\t\t\t\t\t<div class=\"elementor-container elementor-column-gap-default\">\n\t\t\t\t\t<div class=\"elementor-column elementor-col-33 elementor-top-column elementor-element elementor-element-787546e\" data-id=\"787546e\" data-element_type=\"column\">\n\t\t\t<div class=\"elementor-widget-wrap elementor-element-populated\">\n\t\t\t\t\t\t<div class=\"elementor-element elementor-element-bd66df4 elementor-position-top elementor-invisible elementor-widget elementor-widget-image-box\" data-id=\"bd66df4\" data-element_type=\"widget\" data-settings=\"{&quot;_animation&quot;:&quot;bounceInLeft&quot;}\" data-widget_type=\"image-box.default\">\n\t\t\t\t<div class=\"elementor-widget-container\">\n\t\t\t\t\t<div class=\"elementor-image-box-wrapper\"><figure class=\"elementor-image-box-img\"><img decoding=\"async\" width=\"1280\" height=\"1280\" src=\"https:\/\/doscarasprod.com\/wp-content\/uploads\/2022\/10\/camera-icon-symbol-2008479.png\" class=\"elementor-animation-pulse-shrink attachment-full size-full wp-image-4456\" alt=\"camera, icon, symbol-2008479.jpg\" srcset=\"https:\/\/doscarasprod.com\/wp-content\/uploads\/2022\/10\/camera-icon-symbol-2008479.png 1280w, https:\/\/doscarasprod.com\/wp-content\/uploads\/2022\/10\/camera-icon-symbol-2008479-300x300.png 300w, https:\/\/doscarasprod.com\/wp-content\/uploads\/2022\/10\/camera-icon-symbol-2008479-1024x1024.png 1024w, https:\/\/doscarasprod.com\/wp-content\/uploads\/2022\/10\/camera-icon-symbol-2008479-150x150.png 150w, https:\/\/doscarasprod.com\/wp-content\/uploads\/2022\/10\/camera-icon-symbol-2008479-768x768.png 768w, https:\/\/doscarasprod.com\/wp-content\/uploads\/2022\/10\/camera-icon-symbol-2008479-600x600.png 600w, https:\/\/doscarasprod.com\/wp-content\/uploads\/2022\/10\/camera-icon-symbol-2008479-100x100.png 100w\" sizes=\"(max-width: 1280px) 100vw, 1280px\" \/><\/figure><div class=\"elementor-image-box-content\"><h5 class=\"elementor-image-box-title\">Creatividad<\/h5><p class=\"elementor-image-box-description\">Equipo creativo y con experiencia en el medio.<\/p><\/div><\/div>\t\t\t\t<\/div>\n\t\t\t\t<\/div>\n\t\t\t\t\t<\/div>\n\t\t<\/div>\n\t\t\t\t<div class=\"elementor-column elementor-col-33 elementor-top-column elementor-element elementor-element-10cbd3a\" data-id=\"10cbd3a\" data-element_type=\"column\">\n\t\t\t<div class=\"elementor-widget-wrap elementor-element-populated\">\n\t\t\t\t\t\t<div class=\"elementor-element elementor-element-013c375 elementor-position-top elementor-invisible elementor-widget elementor-widget-image-box\" data-id=\"013c375\" data-element_type=\"widget\" data-settings=\"{&quot;_animation&quot;:&quot;bounceInDown&quot;}\" data-widget_type=\"image-box.default\">\n\t\t\t\t<div class=\"elementor-widget-container\">\n\t\t\t\t\t<div class=\"elementor-image-box-wrapper\"><figure class=\"elementor-image-box-img\"><img loading=\"lazy\" decoding=\"async\" width=\"512\" height=\"512\" src=\"https:\/\/doscarasprod.com\/wp-content\/uploads\/2025\/02\/sale_7972985.png\" class=\"elementor-animation-pulse-shrink attachment-full size-full wp-image-5304\" alt=\"\" srcset=\"https:\/\/doscarasprod.com\/wp-content\/uploads\/2025\/02\/sale_7972985.png 512w, https:\/\/doscarasprod.com\/wp-content\/uploads\/2025\/02\/sale_7972985-300x300.png 300w, https:\/\/doscarasprod.com\/wp-content\/uploads\/2025\/02\/sale_7972985-150x150.png 150w, https:\/\/doscarasprod.com\/wp-content\/uploads\/2025\/02\/sale_7972985-100x100.png 100w\" sizes=\"(max-width: 512px) 100vw, 512px\" \/><\/figure><div class=\"elementor-image-box-content\"><h5 class=\"elementor-image-box-title\">Costo-Beneficio<\/h5><p class=\"elementor-image-box-description\">Ajustamos el precio seg\u00fan el presupuesto de tu proyecto.<\/p><\/div><\/div>\t\t\t\t<\/div>\n\t\t\t\t<\/div>\n\t\t\t\t\t<\/div>\n\t\t<\/div>\n\t\t\t\t<div class=\"elementor-column elementor-col-33 elementor-top-column elementor-element elementor-element-a54e6d6\" data-id=\"a54e6d6\" data-element_type=\"column\">\n\t\t\t<div class=\"elementor-widget-wrap elementor-element-populated\">\n\t\t\t\t\t\t<div class=\"elementor-element elementor-element-6687e18 elementor-position-top elementor-invisible elementor-widget elementor-widget-image-box\" data-id=\"6687e18\" data-element_type=\"widget\" data-settings=\"{&quot;_animation&quot;:&quot;bounceInRight&quot;}\" data-widget_type=\"image-box.default\">\n\t\t\t\t<div class=\"elementor-widget-container\">\n\t\t\t\t\t<div class=\"elementor-image-box-wrapper\"><figure class=\"elementor-image-box-img\"><img loading=\"lazy\" decoding=\"async\" width=\"1280\" height=\"1280\" src=\"https:\/\/doscarasprod.com\/wp-content\/uploads\/2022\/10\/instagram-logo-art-board-5349774.jpg\" class=\"elementor-animation-pulse-shrink attachment-full size-full wp-image-4457\" alt=\"instagram logo, art, board-5349774.jpg\" srcset=\"https:\/\/doscarasprod.com\/wp-content\/uploads\/2022\/10\/instagram-logo-art-board-5349774.jpg 1280w, https:\/\/doscarasprod.com\/wp-content\/uploads\/2022\/10\/instagram-logo-art-board-5349774-300x300.jpg 300w, https:\/\/doscarasprod.com\/wp-content\/uploads\/2022\/10\/instagram-logo-art-board-5349774-1024x1024.jpg 1024w, https:\/\/doscarasprod.com\/wp-content\/uploads\/2022\/10\/instagram-logo-art-board-5349774-150x150.jpg 150w, https:\/\/doscarasprod.com\/wp-content\/uploads\/2022\/10\/instagram-logo-art-board-5349774-768x768.jpg 768w, https:\/\/doscarasprod.com\/wp-content\/uploads\/2022\/10\/instagram-logo-art-board-5349774-600x600.jpg 600w, https:\/\/doscarasprod.com\/wp-content\/uploads\/2022\/10\/instagram-logo-art-board-5349774-100x100.jpg 100w\" sizes=\"(max-width: 1280px) 100vw, 1280px\" \/><\/figure><div class=\"elementor-image-box-content\"><h5 class=\"elementor-image-box-title\">Calidad<\/h5><p class=\"elementor-image-box-description\">Estamos comprometidos a brindarte calidad en el servicio y eficiencia en la entrega.<\/p><\/div><\/div>\t\t\t\t<\/div>\n\t\t\t\t<\/div>\n\t\t\t\t\t<\/div>\n\t\t<\/div>\n\t\t\t\t\t<\/div>\n\t\t<\/section>\n\t\t\t\t<section class=\"elementor-section elementor-top-section elementor-element elementor-element-68a4121 elementor-section-boxed elementor-section-height-default elementor-section-height-default\" data-id=\"68a4121\" data-element_type=\"section\">\n\t\t\t\t\t\t<div class=\"elementor-container elementor-column-gap-default\">\n\t\t\t\t\t<div class=\"elementor-column elementor-col-100 elementor-top-column elementor-element elementor-element-093f890\" data-id=\"093f890\" data-element_type=\"column\">\n\t\t\t<div class=\"elementor-widget-wrap elementor-element-populated\">\n\t\t\t\t\t\t<div class=\"elementor-element elementor-element-ddb9d18 elementor-invisible elementor-widget elementor-widget-text-editor\" data-id=\"ddb9d18\" data-element_type=\"widget\" data-settings=\"{&quot;_animation&quot;:&quot;fadeIn&quot;}\" data-widget_type=\"text-editor.default\">\n\t\t\t\t<div class=\"elementor-widget-container\">\n\t\t\t\t\t\t\t\t\t<p><strong>Misi\u00f3n<\/strong><\/p><p><span class=\"JsGRdQ\">Algunas personas creen que el Arte es \u00fanicamente para mostrar en museos, nosotros como artistas creemos que el arte est\u00e1 hasta en los detalles, por eso brindamos a nuestros clientes una propuesta \u00fanica y de valor con la que se puede hacer marketing.<\/span><\/p><p><strong>Visi\u00f3n<\/strong><\/p><p class=\"_04xlpA direction-ltr align-start para-style-body\"><span class=\"JsGRdQ\">1. Trabajamos para el cliente.<\/span><\/p><p class=\"_04xlpA direction-ltr align-start para-style-body\"><span class=\"JsGRdQ\">2. Trabajamos para ser muy transparentes.<\/span><\/p><p class=\"_04xlpA direction-ltr align-start para-style-body\"><span class=\"JsGRdQ\">3. Favorecemos la creatividad y la calidad del producto.<\/span><\/p><p class=\"_04xlpA direction-ltr align-start para-style-body\"><span class=\"JsGRdQ\">4. Creemos que nuestra mejor ventaja son los compa\u00f1eros incre\u00edbles.<\/span><\/p><p class=\"_04xlpA direction-ltr align-start para-style-body\"><span class=\"JsGRdQ\">5. Nos inclinamos por el impacto inmediato.<\/span><\/p><p><strong>Valores<\/strong><\/p><ul><li><span class=\"JsGRdQ\">Transparencia.<\/span><\/li><li><span class=\"JsGRdQ\">Puntualidad.<\/span><\/li><li><span class=\"JsGRdQ\">Diferencia.<\/span><\/li><li><span class=\"JsGRdQ\">Excelencia.<\/span><\/li><li><span class=\"JsGRdQ\">Libertad.<\/span><\/li><li><span class=\"JsGRdQ\">Escucha.<\/span><\/li><li><span class=\"JsGRdQ\">Responsabilidad.<\/span><\/li><li><span class=\"JsGRdQ\">Emocionalidad.<\/span><\/li><\/ul>\t\t\t\t\t\t\t\t<\/div>\n\t\t\t\t<\/div>\n\t\t\t\t\t<\/div>\n\t\t<\/div>\n\t\t\t\t\t<\/div>\n\t\t<\/section>\n\t\t\t\t<\/div>\n\t\t","protected":false},"excerpt":{"rendered":"<p>Dos Caras crew Sobre nosotros&#8230; Somos un grupo de artistas j\u00f3venes dispuestos a producir tus ideas y transformarlas en una realidad. Un poco de nosotros. Nuestro equipo Actualmente contamos con una base compacta pero s\u00f3lida de trabajo, comprometidos a realizar tu proyecto. Jorge Garc\u00eda Co-Fundador &#8211; CEOFot\u00f3grafo\/Videografo, Storyteller. Marco Reyes Co-Fundador &#8211; Director creativo.Fot\u00f3grafo, videografo, [&hellip;]<\/p>\n","protected":false},"author":1,"featured_media":0,"parent":0,"menu_order":0,"comment_status":"closed","ping_status":"closed","template":"","meta":{"om_disable_all_campaigns":false,"_monsterinsights_skip_tracking":false,"_monsterinsights_sitenote_active":false,"_monsterinsights_sitenote_note":"","_monsterinsights_sitenote_category":0,"footnotes":""},"class_list":["post-43","page","type-page","status-publish","hentry"],"aioseo_notices":[],"_links":{"self":[{"href":"https:\/\/doscarasprod.com\/index.php\/wp-json\/wp\/v2\/pages\/43","targetHints":{"allow":["GET"]}}],"collection":[{"href":"https:\/\/doscarasprod.com\/index.php\/wp-json\/wp\/v2\/pages"}],"about":[{"href":"https:\/\/doscarasprod.com\/index.php\/wp-json\/wp\/v2\/types\/page"}],"author":[{"embeddable":true,"href":"https:\/\/doscarasprod.com\/index.php\/wp-json\/wp\/v2\/users\/1"}],"replies":[{"embeddable":true,"href":"https:\/\/doscarasprod.com\/index.php\/wp-json\/wp\/v2\/comments?post=43"}],"version-history":[{"count":41,"href":"https:\/\/doscarasprod.com\/index.php\/wp-json\/wp\/v2\/pages\/43\/revisions"}],"predecessor-version":[{"id":5307,"href":"https:\/\/doscarasprod.com\/index.php\/wp-json\/wp\/v2\/pages\/43\/revisions\/5307"}],"wp:attachment":[{"href":"https:\/\/doscarasprod.com\/index.php\/wp-json\/wp\/v2\/media?parent=43"}],"curies":[{"name":"wp","href":"https:\/\/api.w.org\/{rel}","templated":true}]}}